{"id":54651,"date":"2023-06-26T17:01:47","date_gmt":"2023-06-26T17:01:47","guid":{"rendered":"https:\/\/dentafrica.com\/?product=xp-endo-finisher-r-limes-rotatives-fkg-acteon"},"modified":"2024-04-25T18:04:22","modified_gmt":"2024-04-25T18:04:22","slug":"xp-endo-finisher-r-limes-rotatives-fkg-acteon","status":"publish","type":"product","link":"https:\/\/dentafrica.com\/?product=xp-endo-finisher-r-limes-rotatives-fkg-acteon","title":{"rendered":"XP-endo Finisher R (limes rotatives) FKG &#8211; ACTEON"},"content":{"rendered":"<p>XP-endo Finisher R poss\u00e8de un diam\u00e8tre plus large (ISO 30) que le XP-endo Finisher (ISO 25), ce qui le rend l\u00e9g\u00e8rement plus rigide et plus efficace pour \u00e9liminer le mat\u00e9riel d&rsquo;obturation qui adh\u00e8re aux parois des canaux, en particulier dans les zones courbes et ovales.<\/p>\n<p>Blister de 3 limes de 21 mm ou 25 mm<\/p>\n","protected":false},"excerpt":{"rendered":"<p>XP-endo Finisher R poss\u00e8de un diam\u00e8tre plus large (ISO 30) que le XP-endo Finisher (ISO 25), ce qui le rend l\u00e9g\u00e8rement plus rigide et plus efficace pour \u00e9liminer le mat\u00e9riel d&rsquo;obturation qui adh\u00e8re aux parois des canaux, en particulier dans les zones courbes et ovales. Blister de 3 limes de 21 mm ou 25 mm<\/p>\n","protected":false},"featured_media":56019,"comment_status":"open","ping_status":"closed","template":"","meta":[],"product_cat":[1444],"product_tag":[1459,1490,515,1452,1453,1460],"class_list":{"0":"post-54651","1":"product","2":"type-product","3":"status-publish","4":"has-post-thumbnail","6":"product_cat-non-classe","7":"product_tag-endodontie","8":"product_tag-lime","9":"product_tag-marque_acteon","10":"product_tag-omnipratique","11":"product_tag-produits-annexes","12":"product_tag-specialite_endodontie","14":"first","15":"instock","16":"shipping-taxable","17":"purchasable","18":"product-type-variable"},"_links":{"self":[{"href":"https:\/\/dentafrica.com\/index.php?rest_route=\/wp\/v2\/product\/54651","targetHints":{"allow":["GET"]}}],"collection":[{"href":"https:\/\/dentafrica.com\/index.php?rest_route=\/wp\/v2\/product"}],"about":[{"href":"https:\/\/dentafrica.com\/index.php?rest_route=\/wp\/v2\/types\/product"}],"replies":[{"embeddable":true,"href":"https:\/\/dentafrica.com\/index.php?rest_route=%2Fwp%2Fv2%2Fcomments&post=54651"}],"wp:featuredmedia":[{"embeddable":true,"href":"https:\/\/dentafrica.com\/index.php?rest_route=\/wp\/v2\/media\/56019"}],"wp:attachment":[{"href":"https:\/\/dentafrica.com\/index.php?rest_route=%2Fwp%2Fv2%2Fmedia&parent=54651"}],"wp:term":[{"taxonomy":"product_cat","embeddable":true,"href":"https:\/\/dentafrica.com\/index.php?rest_route=%2Fwp%2Fv2%2Fproduct_cat&post=54651"},{"taxonomy":"product_tag","embeddable":true,"href":"https:\/\/dentafrica.com\/index.php?rest_route=%2Fwp%2Fv2%2Fproduct_tag&post=54651"}],"curies":[{"name":"wp","href":"https:\/\/api.w.org\/{rel}","templated":true}]}}