{"id":54353,"date":"2023-06-26T16:59:52","date_gmt":"2023-06-26T16:59:52","guid":{"rendered":"https:\/\/dentafrica.com\/?product=vis-definitive-pour-pilier-angule"},"modified":"2024-04-25T18:03:47","modified_gmt":"2024-04-25T18:03:47","slug":"vis-definitive-pour-pilier-angule","status":"publish","type":"product","link":"https:\/\/dentafrica.com\/?product=vis-definitive-pour-pilier-angule","title":{"rendered":"Vis d\u00e9finitive pour pilier angul\u00e9"},"content":{"rendered":"<p>Vis d\u00e9finitive pour pilier angul\u00e9.\u00a0 \u00a0<\/p>\n","protected":false},"excerpt":{"rendered":"<p>Vis d\u00e9finitive pour pilier angul\u00e9.\u00a0 \u00a0<\/p>\n","protected":false},"featured_media":55934,"comment_status":"open","ping_status":"closed","template":"","meta":[],"product_cat":[1444],"product_tag":[1579,1617,1614,1589,1618,1590,1591,1601,1592,1619,1593,1899,1615,1542,1595,1900,1582,1598,1468,1616,1583,1602],"class_list":{"0":"post-54353","1":"product","2":"type-product","3":"status-publish","4":"has-post-thumbnail","6":"product_cat-non-classe","7":"product_tag-accastillage","8":"product_tag-alpha-bio-tec-atid","9":"product_tag-biocom","10":"product_tag-compatible_ab-adin-swell-touareg-cortex-easy-implant","11":"product_tag-compatible_alpha-bio-tec-screw-type-spi-dfi-conical","12":"product_tag-compatible_mis-lance-biocom-m4-seven","13":"product_tag-compatible_tav-dental-sirius-silhouette","14":"product_tag-compatible_zimmer-biomet-tapered-screw-vent","15":"product_tag-connexion_hexagone-interne","16":"product_tag-dfi-et-spi","17":"product_tag-hexagone-interne","18":"product_tag-les-vis","19":"product_tag-m4","20":"product_tag-marque_safe-implant","21":"product_tag-mis","22":"product_tag-modele_vis-pilier","23":"product_tag-nos-solutions-generiques","24":"product_tag-nos-suprastructures","25":"product_tag-safe-implant","26":"product_tag-seven","27":"product_tag-zimmer-biomet","28":"product_tag-zimmer-biomet-tapered-screw-vent","30":"first","31":"instock","32":"shipping-taxable","33":"purchasable","34":"product-type-simple"},"_links":{"self":[{"href":"https:\/\/dentafrica.com\/index.php?rest_route=\/wp\/v2\/product\/54353","targetHints":{"allow":["GET"]}}],"collection":[{"href":"https:\/\/dentafrica.com\/index.php?rest_route=\/wp\/v2\/product"}],"about":[{"href":"https:\/\/dentafrica.com\/index.php?rest_route=\/wp\/v2\/types\/product"}],"replies":[{"embeddable":true,"href":"https:\/\/dentafrica.com\/index.php?rest_route=%2Fwp%2Fv2%2Fcomments&post=54353"}],"wp:featuredmedia":[{"embeddable":true,"href":"https:\/\/dentafrica.com\/index.php?rest_route=\/wp\/v2\/media\/55934"}],"wp:attachment":[{"href":"https:\/\/dentafrica.com\/index.php?rest_route=%2Fwp%2Fv2%2Fmedia&parent=54353"}],"wp:term":[{"taxonomy":"product_cat","embeddable":true,"href":"https:\/\/dentafrica.com\/index.php?rest_route=%2Fwp%2Fv2%2Fproduct_cat&post=54353"},{"taxonomy":"product_tag","embeddable":true,"href":"https:\/\/dentafrica.com\/index.php?rest_route=%2Fwp%2Fv2%2Fproduct_tag&post=54353"}],"curies":[{"name":"wp","href":"https:\/\/api.w.org\/{rel}","templated":true}]}}