{"id":54182,"date":"2023-06-26T16:59:04","date_gmt":"2023-06-26T16:59:04","guid":{"rendered":"https:\/\/dentafrica.com\/?product=vis-de-cicatrisation-450-mm-de-diametre-pour-plateforme-conique"},"modified":"2024-04-25T18:03:30","modified_gmt":"2024-04-25T18:03:30","slug":"vis-de-cicatrisation-450-mm-de-diametre-pour-plateforme-conique","status":"publish","type":"product","link":"https:\/\/dentafrica.com\/?product=vis-de-cicatrisation-450-mm-de-diametre-pour-plateforme-conique","title":{"rendered":"Vis de cicatrisation 4,50 mm de diam\u00e8tre pour plateforme conique"},"content":{"rendered":"<p>Vis de cicatrisation (pilier de cicatrisation) 4,50 mm de diam\u00e8tre pour plateforme conique.<strong><strong><strong><strong><strong><\/p>\n<p>Elles\u00a0se d\u00e9clinent en\u00a05 hauteurs diff\u00e9rentes :<br \/><\/strong><\/strong><\/strong><\/strong><\/strong><\/p>\n<ul>\n<li>2,00 mm\n<\/li>\n<li>3,00 mm<\/li>\n<li>4,00 mm<\/li>\n<li>5,00 mm<\/li>\n<li>6,00 mm<\/li>\n<\/ul>\n<p data-mce-fragment=\"1\">Compatibles aux implants ASTRATECH\u2122 OSSEOSPEED TX\u2122 \u00d8 3.5\/4\u00a0<\/p>\n<h5 data-mce-fragment=\"1\"><strong data-mce-fragment=\"1\">Toutes les marques cit\u00e9es appartiennent \u00e0 leurs propri\u00e9taires respectifs.<br data-mce-fragment=\"1\">The mentionned trademarks are property of their respective owners.<\/strong><\/h5>\n<p data-mce-fragment=\"1\">\u00a0<\/p>\n<p><\/p>\n<ul><\/ul>\n","protected":false},"excerpt":{"rendered":"<p>Vis de cicatrisation (pilier de cicatrisation) 4,50 mm de diam\u00e8tre pour plateforme conique. Elles\u00a0se d\u00e9clinent en\u00a05 hauteurs diff\u00e9rentes : 2,00 mm 3,00 mm 4,00 mm 5,00 mm 6,00 mm Compatibles aux implants ASTRATECH\u2122 OSSEOSPEED TX\u2122 \u00d8 3.5\/4\u00a0 Toutes les marques cit\u00e9es appartiennent \u00e0 leurs propri\u00e9taires respectifs.The mentionned trademarks are property of their respective owners. \u00a0<\/p>\n","protected":false},"featured_media":55814,"comment_status":"open","ping_status":"closed","template":"","meta":[],"product_cat":[1444],"product_tag":[1579,1605,1606,1607,1609,1608,1603,1610,1585,1611,1875,1542,1876,1612,1613,1582,1598,1468],"class_list":{"0":"post-54182","1":"product","2":"type-product","3":"status-publish","4":"has-post-thumbnail","6":"product_cat-non-classe","7":"product_tag-accastillage","8":"product_tag-compatible_dentsply-astra-tech","9":"product_tag-compatible_etk-natea-naturall-naturactis","10":"product_tag-compatible_safe-implant-extra-morse-proposition","11":"product_tag-cone-morse","12":"product_tag-connexion_cone-morse","13":"product_tag-dentsply","14":"product_tag-dentsply-astra-tech","15":"product_tag-etk","16":"product_tag-etk-natea","17":"product_tag-les-vis-de-cicatrisation","18":"product_tag-marque_safe-implant","19":"product_tag-modele_vis-de-cicatrisation","20":"product_tag-naturactis","21":"product_tag-naturall","22":"product_tag-nos-solutions-generiques","23":"product_tag-nos-suprastructures","24":"product_tag-safe-implant","26":"first","27":"instock","28":"shipping-taxable","29":"purchasable","30":"product-type-variable"},"_links":{"self":[{"href":"https:\/\/dentafrica.com\/index.php?rest_route=\/wp\/v2\/product\/54182","targetHints":{"allow":["GET"]}}],"collection":[{"href":"https:\/\/dentafrica.com\/index.php?rest_route=\/wp\/v2\/product"}],"about":[{"href":"https:\/\/dentafrica.com\/index.php?rest_route=\/wp\/v2\/types\/product"}],"replies":[{"embeddable":true,"href":"https:\/\/dentafrica.com\/index.php?rest_route=%2Fwp%2Fv2%2Fcomments&post=54182"}],"wp:featuredmedia":[{"embeddable":true,"href":"https:\/\/dentafrica.com\/index.php?rest_route=\/wp\/v2\/media\/55814"}],"wp:attachment":[{"href":"https:\/\/dentafrica.com\/index.php?rest_route=%2Fwp%2Fv2%2Fmedia&parent=54182"}],"wp:term":[{"taxonomy":"product_cat","embeddable":true,"href":"https:\/\/dentafrica.com\/index.php?rest_route=%2Fwp%2Fv2%2Fproduct_cat&post=54182"},{"taxonomy":"product_tag","embeddable":true,"href":"https:\/\/dentafrica.com\/index.php?rest_route=%2Fwp%2Fv2%2Fproduct_tag&post=54182"}],"curies":[{"name":"wp","href":"https:\/\/api.w.org\/{rel}","templated":true}]}}