{"id":54065,"date":"2023-06-26T16:58:24","date_gmt":"2023-06-26T16:58:24","guid":{"rendered":"https:\/\/dentafrica.com\/?product=vacuneedle-aiguille-pliable"},"modified":"2024-04-25T18:03:16","modified_gmt":"2024-04-25T18:03:16","slug":"vacuneedle-aiguille-pliable","status":"publish","type":"product","link":"https:\/\/dentafrica.com\/?product=vacuneedle-aiguille-pliable","title":{"rendered":"VACUNEEDLE Aiguille pliable"},"content":{"rendered":"<style type=\"text\/css\"><!--\ntd {border: 1px solid #ccc;}br {mso-data-placement:same-cell;}\n--><\/style>\n<style type=\"text\/css\"><!--\ntd {border: 1px solid #ccc;}br {mso-data-placement:same-cell;}\n--><\/style>\n<p style=\"margin: 0px 0px 1em; line-height: 1.4; color: #212b36; font-family: '-apple-system', BlinkMacSystemFont, 'San Francisco', 'Segoe UI', Roboto, 'Helvetica Neue', sans-serif; font-size: 14px;\"><span>Aiguille pliable et solide con\u00e7ue pour l&rsquo;aspiration des liquides et des particules. Permet gr\u00e2ce \u00e0 un diam\u00e8tre fin et \u00e0 sa souplesse d&rsquo;acc\u00e9der aux endroits les plus difficiles pour ass\u00e9cher les canaux endodontiques.\u00a0<\/span><\/p>\n<p style=\"margin: 0px 0px 1em; line-height: 1.4; color: #212b36; font-family: '-apple-system', BlinkMacSystemFont, 'San Francisco', 'Segoe UI', Roboto, 'Helvetica Neue', sans-serif; font-size: 14px;\"><span>Les aiguilles se vissent.<\/span><\/p>\n<ul>\n<li><span>Longueur d&rsquo;aiguille : 38 mm<\/span><\/li>\n<li><span>Diam\u00e8tre : 0,6 mm, 0,8 mm, 0,9 mm<\/span><\/li>\n<\/ul>\n<p style=\"margin: 0px 0px 1em; line-height: 1.4; color: #212b36; font-family: '-apple-system', BlinkMacSystemFont, 'San Francisco', 'Segoe UI', Roboto, 'Helvetica Neue', sans-serif; font-size: 14px;\"><span><\/span>Existe aussi en recharge de bo\u00eete de 100 aiguilles.\u00a0\u00a0<\/p>\n","protected":false},"excerpt":{"rendered":"<p>Aiguille pliable et solide con\u00e7ue pour l&rsquo;aspiration des liquides et des particules. Permet gr\u00e2ce \u00e0 un diam\u00e8tre fin et \u00e0 sa souplesse d&rsquo;acc\u00e9der aux endroits les plus difficiles pour ass\u00e9cher les canaux endodontiques.\u00a0 Les aiguilles se vissent. Longueur d&rsquo;aiguille : 38 mm Diam\u00e8tre : 0,6 mm, 0,8 mm, 0,9 mm Existe aussi en recharge de [&hellip;]<\/p>\n","protected":false},"featured_media":55768,"comment_status":"open","ping_status":"closed","template":"","meta":[],"product_cat":[1444],"product_tag":[1492,1459,837,1466,1453,1468,1460,1469],"class_list":{"0":"post-54065","1":"product","2":"type-product","3":"status-publish","4":"has-post-thumbnail","6":"product_cat-non-classe","7":"product_tag-aiguilles-endodontie","8":"product_tag-endodontie","9":"product_tag-marque_vmk","10":"product_tag-pharmacie-usage-unique","11":"product_tag-produits-annexes","12":"product_tag-safe-implant","13":"product_tag-specialite_endodontie","14":"product_tag-usage-unique","16":"first","17":"instock","18":"shipping-taxable","19":"purchasable","20":"product-type-variable"},"_links":{"self":[{"href":"https:\/\/dentafrica.com\/index.php?rest_route=\/wp\/v2\/product\/54065","targetHints":{"allow":["GET"]}}],"collection":[{"href":"https:\/\/dentafrica.com\/index.php?rest_route=\/wp\/v2\/product"}],"about":[{"href":"https:\/\/dentafrica.com\/index.php?rest_route=\/wp\/v2\/types\/product"}],"replies":[{"embeddable":true,"href":"https:\/\/dentafrica.com\/index.php?rest_route=%2Fwp%2Fv2%2Fcomments&post=54065"}],"wp:featuredmedia":[{"embeddable":true,"href":"https:\/\/dentafrica.com\/index.php?rest_route=\/wp\/v2\/media\/55768"}],"wp:attachment":[{"href":"https:\/\/dentafrica.com\/index.php?rest_route=%2Fwp%2Fv2%2Fmedia&parent=54065"}],"wp:term":[{"taxonomy":"product_cat","embeddable":true,"href":"https:\/\/dentafrica.com\/index.php?rest_route=%2Fwp%2Fv2%2Fproduct_cat&post=54065"},{"taxonomy":"product_tag","embeddable":true,"href":"https:\/\/dentafrica.com\/index.php?rest_route=%2Fwp%2Fv2%2Fproduct_tag&post=54065"}],"curies":[{"name":"wp","href":"https:\/\/api.w.org\/{rel}","templated":true}]}}