{"id":53542,"date":"2023-06-26T16:55:09","date_gmt":"2023-06-26T16:55:09","guid":{"rendered":"https:\/\/dentafrica.com\/?product=tenons-cylindro-coniques-inox-dentoclic-itena"},"modified":"2024-05-08T20:42:43","modified_gmt":"2024-05-08T20:42:43","slug":"tenons-cylindro-coniques-inox-dentoclic-itena","status":"publish","type":"product","link":"https:\/\/dentafrica.com\/?product=tenons-cylindro-coniques-inox-dentoclic-itena","title":{"rendered":"Tenons cylindro-coniques Inox &#8211; DENTOCLIC ITENA"},"content":{"rendered":"<p data-mce-fragment=\"1\">Propri\u00e9t\u00e9s : Tenons inox et calcinables cylindro-coniques. Le tenon inox permet d&rsquo;am\u00e9nager un espace pour le ciment de scellement. Il poss\u00e8de un syst\u00e8me de double clipsage Dentoclic permettant de verrouiller le tenon dans son logement et un \u00e9ventuel repositionnement. Il offre une parfaite r\u00e9sistance \u00e0 la corrosion. Le tenon calcinable, de diam\u00e8tre l\u00e9g\u00e8rement inf\u00e9rieur, permet de corriger les diff\u00e9rentes variations volum\u00e9triques des mat\u00e9riaux utilis\u00e9s au laboratoire. Codes de couleur par diam\u00e8tre.<\/p>\n<p data-mce-fragment=\"1\">Fabricant : ITENA Clinical<br data-mce-fragment=\"1\">Dispositif m\u00e9dical de classe lla. Marquage CE0120<\/p>\n<p data-mce-fragment=\"1\">La bo\u00eete de 20 tenons INOX<\/p>\n<p data-mce-fragment=\"1\">Diam\u00e8tre : 1,20 mm Blanc\u00a0 L = 9,5mm<br \/>\u00a0 \u00a0 \u00a0 \u00a0 \u00a0 \u00a0 \u00a0 \u00a0 \u00a0 1,20 mm Blanc Long L = 11,4mm<br \/><span data-mce-fragment=\"1\">\u00a0 \u00a0 \u00a0 \u00a0 \u00a0 \u00a0 \u00a0 \u00a0 \u00a0 1,30 mm Jaune \u00a0L = 9,5mm<\/span><br \/><span data-mce-fragment=\"1\">\u00a0 \u00a0 \u00a0 \u00a0 \u00a0 \u00a0 \u00a0 \u00a0 \u00a0 1,30 mm\u00a0Jaune Long L = 11,4mm<\/span><br \/><span data-mce-fragment=\"1\">\u00a0 \u00a0 \u00a0 \u00a0 \u00a0 \u00a0 \u00a0 \u00a0 \u00a0 1,40 mm\u00a0Rouge L = 11,5mm<\/span><br \/><span data-mce-fragment=\"1\">\u00a0 \u00a0 \u00a0 \u00a0 \u00a0 \u00a0 \u00a0 \u00a0 \u00a0 1,40 mm Rouge \u00a0Long L = 13,4mm<\/span><br \/><span data-mce-fragment=\"1\">\u00a0 \u00a0 \u00a0 \u00a0 \u00a0 \u00a0 \u00a0 \u00a0 \u00a0 1,50 mm Bleu\u00a0 L = 13,5mm<\/span><br \/><span data-mce-fragment=\"1\">\u00a0 \u00a0 \u00a0 \u00a0 \u00a0 \u00a0 \u00a0 \u00a0 \u00a0 1,60 mm\u00a0Vert\u00a0 L = 15,5mm<\/span><br \/><span data-mce-fragment=\"1\">\u00a0 \u00a0 \u00a0 \u00a0 \u00a0 \u00a0 \u00a0 \u00a0 \u00a0 1,70 mm\u00a0Noir L = 17,5mm<\/span><\/p>\n","protected":false},"excerpt":{"rendered":"<p>Propri\u00e9t\u00e9s : Tenons inox et calcinables cylindro-coniques. Le tenon inox permet d&rsquo;am\u00e9nager un espace pour le ciment de scellement. Il poss\u00e8de un syst\u00e8me de double clipsage Dentoclic permettant de verrouiller le tenon dans son logement et un \u00e9ventuel repositionnement. Il offre une parfaite r\u00e9sistance \u00e0 la corrosion. Le tenon calcinable, de diam\u00e8tre l\u00e9g\u00e8rement inf\u00e9rieur, permet [&hellip;]<\/p>\n","protected":false},"featured_media":55536,"comment_status":"open","ping_status":"closed","template":"","meta":[],"product_cat":[1444],"product_tag":[1459,1751,1571,1453,1557,1456,1468,1460,1512,1680,510,1681,1682],"class_list":{"0":"post-53542","1":"product","2":"type-product","3":"status-publish","4":"has-post-thumbnail","6":"product_cat-non-classe","7":"product_tag-endodontie","8":"product_tag-marque_dentoclic-itena","9":"product_tag-prise-dempreinte","10":"product_tag-produits-annexes","11":"product_tag-restauration","12":"product_tag-restauration-ciments","13":"product_tag-safe-implant","14":"product_tag-specialite_endodontie","15":"product_tag-specialite_restauration","16":"product_tag-tenon","17":"product_tag-tenon_cylindro-conique-inox","18":"product_tag-tenons","19":"product_tag-tenons-et-alesoirs","21":"first","22":"instock","23":"shipping-taxable","24":"purchasable","25":"product-type-variable"},"_links":{"self":[{"href":"https:\/\/dentafrica.com\/index.php?rest_route=\/wp\/v2\/product\/53542","targetHints":{"allow":["GET"]}}],"collection":[{"href":"https:\/\/dentafrica.com\/index.php?rest_route=\/wp\/v2\/product"}],"about":[{"href":"https:\/\/dentafrica.com\/index.php?rest_route=\/wp\/v2\/types\/product"}],"replies":[{"embeddable":true,"href":"https:\/\/dentafrica.com\/index.php?rest_route=%2Fwp%2Fv2%2Fcomments&post=53542"}],"wp:featuredmedia":[{"embeddable":true,"href":"https:\/\/dentafrica.com\/index.php?rest_route=\/wp\/v2\/media\/55536"}],"wp:attachment":[{"href":"https:\/\/dentafrica.com\/index.php?rest_route=%2Fwp%2Fv2%2Fmedia&parent=53542"}],"wp:term":[{"taxonomy":"product_cat","embeddable":true,"href":"https:\/\/dentafrica.com\/index.php?rest_route=%2Fwp%2Fv2%2Fproduct_cat&post=53542"},{"taxonomy":"product_tag","embeddable":true,"href":"https:\/\/dentafrica.com\/index.php?rest_route=%2Fwp%2Fv2%2Fproduct_tag&post=53542"}],"curies":[{"name":"wp","href":"https:\/\/api.w.org\/{rel}","templated":true}]}}