{"id":53447,"date":"2023-06-26T16:54:40","date_gmt":"2023-06-26T16:54:40","guid":{"rendered":"https:\/\/dentafrica.com\/?product=temp-it-1x-3g-materiau-dobturation-temporaire-photopolymerisable-jaune"},"modified":"2024-04-25T18:02:05","modified_gmt":"2024-04-25T18:02:05","slug":"temp-it-1x-3g-materiau-dobturation-temporaire-photopolymerisable-jaune","status":"publish","type":"product","link":"https:\/\/dentafrica.com\/?product=temp-it-1x-3g-materiau-dobturation-temporaire-photopolymerisable-jaune","title":{"rendered":"Temp.it 1x 3g Mat\u00e9riau d&rsquo;obturation temporaire photopolym\u00e9risable (jaune)"},"content":{"rendered":"<p><strong>1 seringue de 3 g<\/strong><\/p>\n<p>Temp.it est un mat\u00e9riau \u00e9lastique photopolym\u00e9risable pour les restaurations temporaires. Il a l&rsquo;avantage de pouvoir \u00eatre retir\u00e9 facilement en une seule pi\u00e8ce sans endommager les limites de pr\u00e9paration.\u00a0 \u00a0<\/p>\n","protected":false},"excerpt":{"rendered":"<p>1 seringue de 3 g Temp.it est un mat\u00e9riau \u00e9lastique photopolym\u00e9risable pour les restaurations temporaires. Il a l&rsquo;avantage de pouvoir \u00eatre retir\u00e9 facilement en une seule pi\u00e8ce sans endommager les limites de pr\u00e9paration.\u00a0 \u00a0<\/p>\n","protected":false},"featured_media":55519,"comment_status":"open","ping_status":"closed","template":"","meta":[],"product_cat":[1444],"product_tag":[1458,1738,1449,1476,1451,1453,1456,1468,1741,1512,1518],"class_list":{"0":"post-53447","1":"product","2":"type-product","3":"status-publish","4":"has-post-thumbnail","6":"product_cat-non-classe","7":"product_tag-ciments","8":"product_tag-ciments-temporaires","9":"product_tag-conditionnement_seringue","10":"product_tag-marque_sans-marque","11":"product_tag-materiaux","12":"product_tag-produits-annexes","13":"product_tag-restauration-ciments","14":"product_tag-safe-implant","15":"product_tag-scellement_temporaire","16":"product_tag-specialite_restauration","17":"product_tag-type_ciment","19":"first","20":"instock","21":"shipping-taxable","22":"purchasable","23":"product-type-simple"},"_links":{"self":[{"href":"https:\/\/dentafrica.com\/index.php?rest_route=\/wp\/v2\/product\/53447","targetHints":{"allow":["GET"]}}],"collection":[{"href":"https:\/\/dentafrica.com\/index.php?rest_route=\/wp\/v2\/product"}],"about":[{"href":"https:\/\/dentafrica.com\/index.php?rest_route=\/wp\/v2\/types\/product"}],"replies":[{"embeddable":true,"href":"https:\/\/dentafrica.com\/index.php?rest_route=%2Fwp%2Fv2%2Fcomments&post=53447"}],"wp:featuredmedia":[{"embeddable":true,"href":"https:\/\/dentafrica.com\/index.php?rest_route=\/wp\/v2\/media\/55519"}],"wp:attachment":[{"href":"https:\/\/dentafrica.com\/index.php?rest_route=%2Fwp%2Fv2%2Fmedia&parent=53447"}],"wp:term":[{"taxonomy":"product_cat","embeddable":true,"href":"https:\/\/dentafrica.com\/index.php?rest_route=%2Fwp%2Fv2%2Fproduct_cat&post=53447"},{"taxonomy":"product_tag","embeddable":true,"href":"https:\/\/dentafrica.com\/index.php?rest_route=%2Fwp%2Fv2%2Fproduct_tag&post=53447"}],"curies":[{"name":"wp","href":"https:\/\/api.w.org\/{rel}","templated":true}]}}