{"id":53432,"date":"2023-06-26T16:54:33","date_gmt":"2023-06-26T16:54:33","guid":{"rendered":"https:\/\/dentafrica.com\/?product=telio-cs-desensitizer-ivoclar-vivadent"},"modified":"2024-04-25T18:02:06","modified_gmt":"2024-04-25T18:02:06","slug":"telio-cs-desensitizer-ivoclar-vivadent","status":"publish","type":"product","link":"https:\/\/dentafrica.com\/?product=telio-cs-desensitizer-ivoclar-vivadent","title":{"rendered":"Telio Cs Desensitizer &#8211; Ivoclar Vivadent"},"content":{"rendered":"<p><span data-mce-fragment=\"1\">D\u00e9sensibilisant et d\u00e9sinfection des zones dentinaires expos\u00e9es. Indiqu\u00e9 \u00e9galement pour des restaurations provisoires, des collages\/ scellements de restaurations indirectes, des obturations directes et des collets sensibles. Incolore. <\/span><\/p>\n<p><span data-mce-fragment=\"1\">DM Classe IIA. Organisme notifi\u00e9 : 0123 Fabricant : Ivoclar Vivadent.<\/span><\/p>\n<p><strong> Le flacon de 5 g <\/strong><\/p>\n<p><span data-mce-fragment=\"1\">Unidoses : <\/span><\/p>\n<p><strong>La bo\u00eete de 50 x 0,1 g<\/strong><\/p>\n","protected":false},"excerpt":{"rendered":"<p>D\u00e9sensibilisant et d\u00e9sinfection des zones dentinaires expos\u00e9es. Indiqu\u00e9 \u00e9galement pour des restaurations provisoires, des collages\/ scellements de restaurations indirectes, des obturations directes et des collets sensibles. Incolore. DM Classe IIA. Organisme notifi\u00e9 : 0123 Fabricant : Ivoclar Vivadent. Le flacon de 5 g Unidoses : La bo\u00eete de 50 x 0,1 g<\/p>\n","protected":false},"featured_media":55515,"comment_status":"open","ping_status":"closed","template":"","meta":[],"product_cat":[1444],"product_tag":[1638,1695,565,645,1459,1465,1553,1451,1452,1466,1571,1453,1484,1456,1468,1696,1460,1512,567,1469],"class_list":{"0":"post-53432","1":"product","2":"type-product","3":"status-publish","4":"has-post-thumbnail","6":"product_cat-non-classe","7":"product_tag-accessoires-prise-dempreinte","8":"product_tag-chirurgie","9":"product_tag-desensibilisateur-dentaire","10":"product_tag-desensibilisateur_liner","11":"product_tag-endodontie","12":"product_tag-les-biomateriaux-fils-de-suture","13":"product_tag-marque_ivoclar-vivadent","14":"product_tag-materiaux","15":"product_tag-omnipratique","16":"product_tag-pharmacie-usage-unique","17":"product_tag-prise-dempreinte","18":"product_tag-produits-annexes","19":"product_tag-prophylaxie","20":"product_tag-restauration-ciments","21":"product_tag-safe-implant","22":"product_tag-specialite_chirurgie","23":"product_tag-specialite_endodontie","24":"product_tag-specialite_restauration","25":"product_tag-type_desensibilisateur-dentaire","26":"product_tag-usage-unique","28":"first","29":"instock","30":"shipping-taxable","31":"purchasable","32":"product-type-variable"},"_links":{"self":[{"href":"https:\/\/dentafrica.com\/index.php?rest_route=\/wp\/v2\/product\/53432","targetHints":{"allow":["GET"]}}],"collection":[{"href":"https:\/\/dentafrica.com\/index.php?rest_route=\/wp\/v2\/product"}],"about":[{"href":"https:\/\/dentafrica.com\/index.php?rest_route=\/wp\/v2\/types\/product"}],"replies":[{"embeddable":true,"href":"https:\/\/dentafrica.com\/index.php?rest_route=%2Fwp%2Fv2%2Fcomments&post=53432"}],"wp:featuredmedia":[{"embeddable":true,"href":"https:\/\/dentafrica.com\/index.php?rest_route=\/wp\/v2\/media\/55515"}],"wp:attachment":[{"href":"https:\/\/dentafrica.com\/index.php?rest_route=%2Fwp%2Fv2%2Fmedia&parent=53432"}],"wp:term":[{"taxonomy":"product_cat","embeddable":true,"href":"https:\/\/dentafrica.com\/index.php?rest_route=%2Fwp%2Fv2%2Fproduct_cat&post=53432"},{"taxonomy":"product_tag","embeddable":true,"href":"https:\/\/dentafrica.com\/index.php?rest_route=%2Fwp%2Fv2%2Fproduct_tag&post=53432"}],"curies":[{"name":"wp","href":"https:\/\/api.w.org\/{rel}","templated":true}]}}