{"id":53217,"date":"2023-06-26T16:53:03","date_gmt":"2023-06-26T16:53:03","guid":{"rendered":"https:\/\/dentafrica.com\/?product=strips-metalliques-pd"},"modified":"2024-04-25T18:01:47","modified_gmt":"2024-04-25T18:01:47","slug":"strips-metalliques-pd","status":"publish","type":"product","link":"https:\/\/dentafrica.com\/?product=strips-metalliques-pd","title":{"rendered":"Strips m\u00e9talliques &#8211; PD"},"content":{"rendered":"<p><span data-mce-fragment=\"1\">Strips en acier \u00e0 polir, st\u00e9rilisables, r\u00e9sistants et flexibles.<br \/><\/span><span data-mce-fragment=\"1\"> Recommand\u00e9s pour l&rsquo;orthodontie. <br \/>Dispositif m\u00e9dical de classe I. Fabricant : Produits Dentaire SA. <br \/>Longueur : 135 mm <\/span><\/p>\n<p><span data-mce-fragment=\"1\"><span style=\"text-decoration: underline;\" data-mce-style=\"text-decoration: underline;\"><strong>Strips \u00e0 polir une face, \u00e9paisseur 0,15 mm :<\/strong><\/span>\u00a0 Le sachet de 12 pi\u00e8ces : <br \/><\/span><span data-mce-fragment=\"1\">Largeur :<strong> 4 mm<\/strong> <br \/><\/span><\/p>\n<ul>\n<li><span data-mce-fragment=\"1\">Fin <\/span><\/li>\n<li><span data-mce-fragment=\"1\">Moyen<\/span><\/li>\n<li><span data-mce-fragment=\"1\"> Gros <\/span><\/li>\n<\/ul>\n<p><span data-mce-fragment=\"1\">Largeur : <strong>6 mm<\/strong><br \/><\/span><\/p>\n<ul>\n<li><span data-mce-fragment=\"1\"> Fin<\/span><\/li>\n<li><span data-mce-fragment=\"1\"> Moyen<\/span><\/li>\n<li><span data-mce-fragment=\"1\"> Gros <\/span><\/li>\n<\/ul>\n<p><span data-mce-fragment=\"1\"><strong><span style=\"text-decoration: underline;\" data-mce-style=\"text-decoration: underline;\">Strips \u00e0 polir deux faces, \u00e9paisseur 0,25 mm :<\/span><\/strong> Le sachet de 12 pi\u00e8ces :<br \/>Largeur :<strong> 4 mm<\/strong> <br \/>Fin <br \/>Gros <br \/>Moyen<\/span><\/p>\n<p><span data-mce-fragment=\"1\"> Largeur : <strong>6 mm<\/strong> <br \/>Moyen<\/span><\/p>\n","protected":false},"excerpt":{"rendered":"<p>Strips en acier \u00e0 polir, st\u00e9rilisables, r\u00e9sistants et flexibles. Recommand\u00e9s pour l&rsquo;orthodontie. Dispositif m\u00e9dical de classe I. Fabricant : Produits Dentaire SA. Longueur : 135 mm Strips \u00e0 polir une face, \u00e9paisseur 0,15 mm :\u00a0 Le sachet de 12 pi\u00e8ces : Largeur : 4 mm Fin Moyen Gros Largeur : 6 mm Fin Moyen Gros [&hellip;]<\/p>\n","protected":false},"featured_media":55417,"comment_status":"open","ping_status":"closed","template":"","meta":[],"product_cat":[1444],"product_tag":[1509,619,621,1453,1557,1468,1512,1653],"class_list":{"0":"post-53217","1":"product","2":"type-product","3":"status-publish","4":"has-post-thumbnail","6":"product_cat-non-classe","7":"product_tag-accessoires-restauration","8":"product_tag-marque_pd","9":"product_tag-polissage-restauration","10":"product_tag-produits-annexes","11":"product_tag-restauration","12":"product_tag-safe-implant","13":"product_tag-specialite_restauration","14":"product_tag-type_polissage","16":"first","17":"instock","18":"shipping-taxable","19":"purchasable","20":"product-type-variable"},"_links":{"self":[{"href":"https:\/\/dentafrica.com\/index.php?rest_route=\/wp\/v2\/product\/53217","targetHints":{"allow":["GET"]}}],"collection":[{"href":"https:\/\/dentafrica.com\/index.php?rest_route=\/wp\/v2\/product"}],"about":[{"href":"https:\/\/dentafrica.com\/index.php?rest_route=\/wp\/v2\/types\/product"}],"replies":[{"embeddable":true,"href":"https:\/\/dentafrica.com\/index.php?rest_route=%2Fwp%2Fv2%2Fcomments&post=53217"}],"wp:featuredmedia":[{"embeddable":true,"href":"https:\/\/dentafrica.com\/index.php?rest_route=\/wp\/v2\/media\/55417"}],"wp:attachment":[{"href":"https:\/\/dentafrica.com\/index.php?rest_route=%2Fwp%2Fv2%2Fmedia&parent=53217"}],"wp:term":[{"taxonomy":"product_cat","embeddable":true,"href":"https:\/\/dentafrica.com\/index.php?rest_route=%2Fwp%2Fv2%2Fproduct_cat&post=53217"},{"taxonomy":"product_tag","embeddable":true,"href":"https:\/\/dentafrica.com\/index.php?rest_route=%2Fwp%2Fv2%2Fproduct_tag&post=53217"}],"curies":[{"name":"wp","href":"https:\/\/api.w.org\/{rel}","templated":true}]}}