{"id":53211,"date":"2023-06-26T16:53:01","date_gmt":"2023-06-26T16:53:01","guid":{"rendered":"https:\/\/dentafrica.com\/?product=strips-abrasifs-polydentia"},"modified":"2024-04-25T18:01:42","modified_gmt":"2024-04-25T18:01:42","slug":"strips-abrasifs-polydentia","status":"publish","type":"product","link":"https:\/\/dentafrica.com\/?product=strips-abrasifs-polydentia","title":{"rendered":"Strips abrasifs &#8211; Polydentia"},"content":{"rendered":"<p>Bandes en polyester avec un rev\u00eatement compos\u00e9 de particules d&rsquo;oxyde d&rsquo;aluminium pour le d\u00e9grossissage et la finition des surfaces interdentaires de reconstitutions en composite.\u00a0<\/p>\n<p>Largeur 4 mm, longueur 10 m.<\/p>\n<p>Disponible en 3 grains diff\u00e9rents avec codage couleur :<\/p>\n<ul>\n<li>Gros 60\u00b5 (blanc)<\/li>\n<li>Moyen 40\u00b5 (bleu)<\/li>\n<li>Fin 30\u00b5 (vert)<\/li>\n<\/ul>\n","protected":false},"excerpt":{"rendered":"<p>Bandes en polyester avec un rev\u00eatement compos\u00e9 de particules d&rsquo;oxyde d&rsquo;aluminium pour le d\u00e9grossissage et la finition des surfaces interdentaires de reconstitutions en composite.\u00a0 Largeur 4 mm, longueur 10 m. Disponible en 3 grains diff\u00e9rents avec codage couleur : Gros 60\u00b5 (blanc) Moyen 40\u00b5 (bleu) Fin 30\u00b5 (vert)<\/p>\n","protected":false},"featured_media":55415,"comment_status":"open","ping_status":"closed","template":"","meta":[],"product_cat":[1444],"product_tag":[1509,719,621,1453,1557,1468,1512,1653],"class_list":{"0":"post-53211","1":"product","2":"type-product","3":"status-publish","4":"has-post-thumbnail","6":"product_cat-non-classe","7":"product_tag-accessoires-restauration","8":"product_tag-marque_polydentia","9":"product_tag-polissage-restauration","10":"product_tag-produits-annexes","11":"product_tag-restauration","12":"product_tag-safe-implant","13":"product_tag-specialite_restauration","14":"product_tag-type_polissage","16":"first","17":"instock","18":"shipping-taxable","19":"purchasable","20":"product-type-variable"},"_links":{"self":[{"href":"https:\/\/dentafrica.com\/index.php?rest_route=\/wp\/v2\/product\/53211","targetHints":{"allow":["GET"]}}],"collection":[{"href":"https:\/\/dentafrica.com\/index.php?rest_route=\/wp\/v2\/product"}],"about":[{"href":"https:\/\/dentafrica.com\/index.php?rest_route=\/wp\/v2\/types\/product"}],"replies":[{"embeddable":true,"href":"https:\/\/dentafrica.com\/index.php?rest_route=%2Fwp%2Fv2%2Fcomments&post=53211"}],"wp:featuredmedia":[{"embeddable":true,"href":"https:\/\/dentafrica.com\/index.php?rest_route=\/wp\/v2\/media\/55415"}],"wp:attachment":[{"href":"https:\/\/dentafrica.com\/index.php?rest_route=%2Fwp%2Fv2%2Fmedia&parent=53211"}],"wp:term":[{"taxonomy":"product_cat","embeddable":true,"href":"https:\/\/dentafrica.com\/index.php?rest_route=%2Fwp%2Fv2%2Fproduct_cat&post=53211"},{"taxonomy":"product_tag","embeddable":true,"href":"https:\/\/dentafrica.com\/index.php?rest_route=%2Fwp%2Fv2%2Fproduct_tag&post=53211"}],"curies":[{"name":"wp","href":"https:\/\/api.w.org\/{rel}","templated":true}]}}