{"id":53070,"date":"2023-06-26T16:51:59","date_gmt":"2023-06-26T16:51:59","guid":{"rendered":"https:\/\/dentafrica.com\/?product=spatule-ergonomique"},"modified":"2024-04-25T18:01:27","modified_gmt":"2024-04-25T18:01:27","slug":"spatule-ergonomique","status":"publish","type":"product","link":"https:\/\/dentafrica.com\/?product=spatule-ergonomique","title":{"rendered":"Spatule ergonomique"},"content":{"rendered":"<p>Spatule ergonomique pour m\u00e9langer et malaxer\u00a0<\/p>\n<p><span style=\"font-size: 10pt; font-family: Arial; text-align: center;\">Vendue \u00e0 l&rsquo;unit\u00e9. <\/span><\/p>\n<p><span style=\"font-size: 10pt; font-family: Arial; text-align: center;\">Facile \u00e0 utiliser, le design de la poign\u00e9e et la texture de la spatule augmentent la friction pour un meilleur m\u00e9lange. <\/span><\/p>\n<p><span style=\"font-size: 10pt; font-family: Arial; text-align: center;\">R\u00e9sistante jusqu&rsquo;\u00e0 121\u00b0C\u00a0<\/span><\/p>\n<p><span style=\"font-size: 10pt; font-family: Arial; text-align: center;\">Dimensions : 195x32mm<\/span><\/p>\n","protected":false},"excerpt":{"rendered":"<p>Spatule ergonomique pour m\u00e9langer et malaxer\u00a0 Vendue \u00e0 l&rsquo;unit\u00e9. Facile \u00e0 utiliser, le design de la poign\u00e9e et la texture de la spatule augmentent la friction pour un meilleur m\u00e9lange. R\u00e9sistante jusqu&rsquo;\u00e0 121\u00b0C\u00a0 Dimensions : 195x32mm<\/p>\n","protected":false},"featured_media":55369,"comment_status":"open","ping_status":"closed","template":"","meta":[],"product_cat":[1444],"product_tag":[1470,1638,1495,1475,1476,1645,1719,1452,1640,1671,1571,1453,1557,1456,1468,601,1512,979],"class_list":{"0":"post-53070","1":"product","2":"type-product","3":"status-publish","4":"has-post-thumbnail","6":"product_cat-non-classe","7":"product_tag-accessoires","8":"product_tag-accessoires-prise-dempreinte","9":"product_tag-instruments","10":"product_tag-laboratoire","11":"product_tag-marque_sans-marque","12":"product_tag-melange","13":"product_tag-melange-et-applicateurs","14":"product_tag-omnipratique","15":"product_tag-outillage","16":"product_tag-platres","17":"product_tag-prise-dempreinte","18":"product_tag-produits-annexes","19":"product_tag-restauration","20":"product_tag-restauration-ciments","21":"product_tag-safe-implant","22":"product_tag-silicones-resines","23":"product_tag-specialite_restauration","24":"product_tag-type_spatule","26":"first","27":"instock","28":"shipping-taxable","29":"purchasable","30":"product-type-simple"},"_links":{"self":[{"href":"https:\/\/dentafrica.com\/index.php?rest_route=\/wp\/v2\/product\/53070","targetHints":{"allow":["GET"]}}],"collection":[{"href":"https:\/\/dentafrica.com\/index.php?rest_route=\/wp\/v2\/product"}],"about":[{"href":"https:\/\/dentafrica.com\/index.php?rest_route=\/wp\/v2\/types\/product"}],"replies":[{"embeddable":true,"href":"https:\/\/dentafrica.com\/index.php?rest_route=%2Fwp%2Fv2%2Fcomments&post=53070"}],"wp:featuredmedia":[{"embeddable":true,"href":"https:\/\/dentafrica.com\/index.php?rest_route=\/wp\/v2\/media\/55369"}],"wp:attachment":[{"href":"https:\/\/dentafrica.com\/index.php?rest_route=%2Fwp%2Fv2%2Fmedia&parent=53070"}],"wp:term":[{"taxonomy":"product_cat","embeddable":true,"href":"https:\/\/dentafrica.com\/index.php?rest_route=%2Fwp%2Fv2%2Fproduct_cat&post=53070"},{"taxonomy":"product_tag","embeddable":true,"href":"https:\/\/dentafrica.com\/index.php?rest_route=%2Fwp%2Fv2%2Fproduct_tag&post=53070"}],"curies":[{"name":"wp","href":"https:\/\/api.w.org\/{rel}","templated":true}]}}