{"id":53016,"date":"2023-06-26T16:51:24","date_gmt":"2023-06-26T16:51:24","guid":{"rendered":"https:\/\/dentafrica.com\/?product=sos-kit"},"modified":"2024-04-25T18:01:23","modified_gmt":"2024-04-25T18:01:23","slug":"sos-kit","status":"publish","type":"product","link":"https:\/\/dentafrica.com\/?product=sos-kit","title":{"rendered":"SOS Kit"},"content":{"rendered":"<p><font style=\"vertical-align: inherit;\"><font style=\"vertical-align: inherit;\">Une vis cass\u00e9e dans l&rsquo;implant ? <\/font><font style=\"vertical-align: inherit;\">D\u00e9couvrez notre SOS Kit pour retirer une vis cass\u00e9e. <\/font><\/font><br \/><strong><font style=\"vertical-align: inherit;\"><font style=\"vertical-align: inherit;\">Notre kit est livr\u00e9 avec 4 extracteurs de mandrins.\u00a0 \u00a0\u00a0<\/font><\/font><\/strong><\/p>\n<h5><strong><font style=\"vertical-align: inherit;\"><font style=\"vertical-align: inherit;\">Toutes les marques cit\u00e9es appartiennent \u00e0 leurs propri\u00e9taires respectifs. <\/font><\/font><br \/><font style=\"vertical-align: inherit;\"><font style=\"vertical-align: inherit;\">Les marques cit\u00e9es sont la propri\u00e9t\u00e9 de leurs propri\u00e9taires respectifs.\u00a0<\/font><\/font><\/strong><\/h5>\n","protected":false},"excerpt":{"rendered":"<p>Une vis cass\u00e9e dans l&rsquo;implant ? D\u00e9couvrez notre SOS Kit pour retirer une vis cass\u00e9e. Notre kit est livr\u00e9 avec 4 extracteurs de mandrins.\u00a0 \u00a0\u00a0 Toutes les marques cit\u00e9es appartiennent \u00e0 leurs propri\u00e9taires respectifs. Les marques cit\u00e9es sont la propri\u00e9t\u00e9 de leurs propri\u00e9taires respectifs.\u00a0<\/p>\n","protected":false},"featured_media":55343,"comment_status":"open","ping_status":"closed","template":"","meta":[],"product_cat":[1444],"product_tag":[1581,1539,1716,1495,1763,1540,1717,1661,1851,1541,1542,1543,1468,1727,1544],"class_list":{"0":"post-53016","1":"product","2":"type-product","3":"status-publish","4":"has-post-thumbnail","6":"product_cat-non-classe","7":"product_tag-implantologie","8":"product_tag-instrument_tournevis","9":"product_tag-instrumentation-implantologie","10":"product_tag-instruments","11":"product_tag-kits-implantologie","12":"product_tag-les-accessoires","13":"product_tag-les-forets","14":"product_tag-les-instruments-chirurgicaux","15":"product_tag-les-trousses-implantaires","16":"product_tag-mandrins","17":"product_tag-marque_safe-implant","18":"product_tag-outils-implantologie","19":"product_tag-safe-implant","20":"product_tag-specialite_implantologie","21":"product_tag-tournevis","23":"first","24":"instock","25":"shipping-taxable","26":"purchasable","27":"product-type-simple"},"_links":{"self":[{"href":"https:\/\/dentafrica.com\/index.php?rest_route=\/wp\/v2\/product\/53016","targetHints":{"allow":["GET"]}}],"collection":[{"href":"https:\/\/dentafrica.com\/index.php?rest_route=\/wp\/v2\/product"}],"about":[{"href":"https:\/\/dentafrica.com\/index.php?rest_route=\/wp\/v2\/types\/product"}],"replies":[{"embeddable":true,"href":"https:\/\/dentafrica.com\/index.php?rest_route=%2Fwp%2Fv2%2Fcomments&post=53016"}],"wp:featuredmedia":[{"embeddable":true,"href":"https:\/\/dentafrica.com\/index.php?rest_route=\/wp\/v2\/media\/55343"}],"wp:attachment":[{"href":"https:\/\/dentafrica.com\/index.php?rest_route=%2Fwp%2Fv2%2Fmedia&parent=53016"}],"wp:term":[{"taxonomy":"product_cat","embeddable":true,"href":"https:\/\/dentafrica.com\/index.php?rest_route=%2Fwp%2Fv2%2Fproduct_cat&post=53016"},{"taxonomy":"product_tag","embeddable":true,"href":"https:\/\/dentafrica.com\/index.php?rest_route=%2Fwp%2Fv2%2Fproduct_tag&post=53016"}],"curies":[{"name":"wp","href":"https:\/\/api.w.org\/{rel}","templated":true}]}}