{"id":52864,"date":"2023-06-26T16:50:11","date_gmt":"2023-06-26T16:50:11","guid":{"rendered":"https:\/\/dentafrica.com\/?product=silicone-pour-la-reproduction-de-masques-gingivaux-xilgum-soft"},"modified":"2024-04-25T18:01:08","modified_gmt":"2024-04-25T18:01:08","slug":"silicone-pour-la-reproduction-de-masques-gingivaux-xilgum-soft","status":"publish","type":"product","link":"https:\/\/dentafrica.com\/?product=silicone-pour-la-reproduction-de-masques-gingivaux-xilgum-soft","title":{"rendered":"silicone pour la reproduction de masques gingivaux Xilgum\u2122 SOFT"},"content":{"rendered":"<p><strong><span style=\"vertical-align: inherit;\"><span style=\"vertical-align: inherit;\">Bo\u00eete de 3 seringues de 50ml<\/span><\/span><\/strong><\/p>\n<p><span style=\"vertical-align: inherit;\"><span style=\"vertical-align: inherit;\">XILGUM SOFT &#8211; S&rsquo;applique dans toutes les situations dans lesquelles il est n\u00e9cessaire d&rsquo;obtenir une reproduction d\u00e9taill\u00e9e de la morphologie gingivale dans des temps rapides, pour la d\u00e9termination des contours cervicaux dans la production des proth\u00e8ses en implantologie, couronnes et ponts, en garantissant une haute pr\u00e9cision\u00a0<\/span><\/span><\/p>\n","protected":false},"excerpt":{"rendered":"<p>Bo\u00eete de 3 seringues de 50ml XILGUM SOFT &#8211; S&rsquo;applique dans toutes les situations dans lesquelles il est n\u00e9cessaire d&rsquo;obtenir une reproduction d\u00e9taill\u00e9e de la morphologie gingivale dans des temps rapides, pour la d\u00e9termination des contours cervicaux dans la production des proth\u00e8ses en implantologie, couronnes et ponts, en garantissant une haute pr\u00e9cision\u00a0<\/p>\n","protected":false},"featured_media":55286,"comment_status":"open","ping_status":"closed","template":"","meta":[],"product_cat":[1444],"product_tag":[1705,1637,1475,1572,1543,1453,1468,601,1706,616],"class_list":{"0":"post-52864","1":"product","2":"type-product","3":"status-publish","4":"has-post-thumbnail","6":"product_cat-non-classe","7":"product_tag-accessoires-implantaires","8":"product_tag-fournitures-laboratoire","9":"product_tag-laboratoire","10":"product_tag-marque_lascod","11":"product_tag-outils-implantologie","12":"product_tag-produits-annexes","13":"product_tag-safe-implant","14":"product_tag-silicones-resines","15":"product_tag-specialite_prise-dempreinte","16":"product_tag-type_silicones-resines-laboratoire","18":"first","19":"instock","20":"shipping-taxable","21":"purchasable","22":"product-type-simple"},"_links":{"self":[{"href":"https:\/\/dentafrica.com\/index.php?rest_route=\/wp\/v2\/product\/52864","targetHints":{"allow":["GET"]}}],"collection":[{"href":"https:\/\/dentafrica.com\/index.php?rest_route=\/wp\/v2\/product"}],"about":[{"href":"https:\/\/dentafrica.com\/index.php?rest_route=\/wp\/v2\/types\/product"}],"replies":[{"embeddable":true,"href":"https:\/\/dentafrica.com\/index.php?rest_route=%2Fwp%2Fv2%2Fcomments&post=52864"}],"wp:featuredmedia":[{"embeddable":true,"href":"https:\/\/dentafrica.com\/index.php?rest_route=\/wp\/v2\/media\/55286"}],"wp:attachment":[{"href":"https:\/\/dentafrica.com\/index.php?rest_route=%2Fwp%2Fv2%2Fmedia&parent=52864"}],"wp:term":[{"taxonomy":"product_cat","embeddable":true,"href":"https:\/\/dentafrica.com\/index.php?rest_route=%2Fwp%2Fv2%2Fproduct_cat&post=52864"},{"taxonomy":"product_tag","embeddable":true,"href":"https:\/\/dentafrica.com\/index.php?rest_route=%2Fwp%2Fv2%2Fproduct_tag&post=52864"}],"curies":[{"name":"wp","href":"https:\/\/api.w.org\/{rel}","templated":true}]}}