{"id":52859,"date":"2023-06-26T16:50:07","date_gmt":"2023-06-26T16:50:07","guid":{"rendered":"https:\/\/dentafrica.com\/?product=silicone-par-addition-ghenesyl-putty-soft-2x300-ml-base-catalyseur"},"modified":"2024-04-25T18:01:08","modified_gmt":"2024-04-25T18:01:08","slug":"silicone-par-addition-ghenesyl-putty-soft-2x300-ml-base-catalyseur","status":"publish","type":"product","link":"https:\/\/dentafrica.com\/?product=silicone-par-addition-ghenesyl-putty-soft-2x300-ml-base-catalyseur","title":{"rendered":"Silicone par addition Ghenesyl PUTTY soft 2&#215;300 ml (base + catalyseur)"},"content":{"rendered":"<p>Mat\u00e9riau de consistance tr\u00e8s \u00e9lev\u00e9e (putty), \u00e0 base de vinyle polysiloxane r\u00e9ticulant par addition, pour l\u2019empreinte primaire de pr\u00e9cision.<\/p>\n<p><strong>2&#215;300 ml (base + catalyseur<span>)<\/span><\/strong><\/p>\n<p><strong><span>Temps en bouche : 1mn30\u00a0\u00a0<\/span><\/strong><\/p>\n<p>\u00a0<\/p>\n","protected":false},"excerpt":{"rendered":"<p>Mat\u00e9riau de consistance tr\u00e8s \u00e9lev\u00e9e (putty), \u00e0 base de vinyle polysiloxane r\u00e9ticulant par addition, pour l\u2019empreinte primaire de pr\u00e9cision. 2&#215;300 ml (base + catalyseur) Temps en bouche : 1mn30\u00a0\u00a0 \u00a0<\/p>\n","protected":false},"featured_media":55283,"comment_status":"open","ping_status":"closed","template":"","meta":[],"product_cat":[1444],"product_tag":[1473,1572,1452,1571,1634,1635,1453,1467,674,1468,1636,1576],"class_list":{"0":"post-52859","1":"product","2":"type-product","3":"status-publish","4":"has-post-thumbnail","6":"product_cat-non-classe","7":"product_tag-consommables","8":"product_tag-marque_lascod","9":"product_tag-omnipratique","10":"product_tag-prise-dempreinte","11":"product_tag-prise-dempreinte_double-melange","12":"product_tag-prise-dempreinte_wash-technic","13":"product_tag-produits-annexes","14":"product_tag-promotions","15":"product_tag-promotions-omnipratique","16":"product_tag-safe-implant","17":"product_tag-silicones-puttys","18":"product_tag-temps-de-prise_rapide","20":"first","21":"outofstock","22":"shipping-taxable","23":"purchasable","24":"product-type-simple"},"_links":{"self":[{"href":"https:\/\/dentafrica.com\/index.php?rest_route=\/wp\/v2\/product\/52859","targetHints":{"allow":["GET"]}}],"collection":[{"href":"https:\/\/dentafrica.com\/index.php?rest_route=\/wp\/v2\/product"}],"about":[{"href":"https:\/\/dentafrica.com\/index.php?rest_route=\/wp\/v2\/types\/product"}],"replies":[{"embeddable":true,"href":"https:\/\/dentafrica.com\/index.php?rest_route=%2Fwp%2Fv2%2Fcomments&post=52859"}],"wp:featuredmedia":[{"embeddable":true,"href":"https:\/\/dentafrica.com\/index.php?rest_route=\/wp\/v2\/media\/55283"}],"wp:attachment":[{"href":"https:\/\/dentafrica.com\/index.php?rest_route=%2Fwp%2Fv2%2Fmedia&parent=52859"}],"wp:term":[{"taxonomy":"product_cat","embeddable":true,"href":"https:\/\/dentafrica.com\/index.php?rest_route=%2Fwp%2Fv2%2Fproduct_cat&post=52859"},{"taxonomy":"product_tag","embeddable":true,"href":"https:\/\/dentafrica.com\/index.php?rest_route=%2Fwp%2Fv2%2Fproduct_tag&post=52859"}],"curies":[{"name":"wp","href":"https:\/\/api.w.org\/{rel}","templated":true}]}}