{"id":52850,"date":"2023-06-26T16:50:00","date_gmt":"2023-06-26T16:50:00","guid":{"rendered":"https:\/\/dentafrica.com\/?product=set-de-jauges"},"modified":"2024-04-25T18:01:07","modified_gmt":"2024-04-25T18:01:07","slug":"set-de-jauges","status":"publish","type":"product","link":"https:\/\/dentafrica.com\/?product=set-de-jauges","title":{"rendered":"Set de jauges"},"content":{"rendered":"<p>Set de jauge 4 couleurs.<\/p>\n<p>Tr\u00e8s utiles pour mesurer les axes et les angles quand on travaille sur des angulations \u00e0 9\u00b0, 18\u00b0 et 30\u00b0.<br \/>Les traits de jauges vous permettent de mesurer \u00e9galement la profondeur d&rsquo;enfouissement de votre implant et de\u00a0conna\u00eetre ainsi la hauteur transgingivale.<\/p>\n<p><strong>Conseill\u00e9 avec l&rsquo;utilisation des accastillages du Safe Multi Syst\u00e8me.<\/strong><\/p>\n","protected":false},"excerpt":{"rendered":"<p>Set de jauge 4 couleurs. Tr\u00e8s utiles pour mesurer les axes et les angles quand on travaille sur des angulations \u00e0 9\u00b0, 18\u00b0 et 30\u00b0.Les traits de jauges vous permettent de mesurer \u00e9galement la profondeur d&rsquo;enfouissement de votre implant et de\u00a0conna\u00eetre ainsi la hauteur transgingivale. Conseill\u00e9 avec l&rsquo;utilisation des accastillages du Safe Multi Syst\u00e8me.<\/p>\n","protected":false},"featured_media":55277,"comment_status":"open","ping_status":"closed","template":"","meta":[],"product_cat":[1444],"product_tag":[1579,1617,930,524,1589,1618,1591,1592,1593,1540,525,1542,526,931,1582,928,1468,1620],"class_list":{"0":"post-52850","1":"product","2":"type-product","3":"status-publish","4":"has-post-thumbnail","6":"product_cat-non-classe","7":"product_tag-accastillage","8":"product_tag-alpha-bio-tec-atid","9":"product_tag-attachement-safe-connector","10":"product_tag-attachements","11":"product_tag-compatible_ab-adin-swell-touareg-cortex-easy-implant","12":"product_tag-compatible_alpha-bio-tec-screw-type-spi-dfi-conical","13":"product_tag-compatible_tav-dental-sirius-silhouette","14":"product_tag-connexion_hexagone-interne","15":"product_tag-hexagone-interne","16":"product_tag-les-accessoires","17":"product_tag-les-attachements-boules","18":"product_tag-marque_safe-implant","19":"product_tag-modele_attachements-boule","20":"product_tag-modele_attachements-safe-connector","21":"product_tag-nos-solutions-generiques","22":"product_tag-safe-connector","23":"product_tag-safe-implant","24":"product_tag-safe-multi-systeme","26":"first","27":"instock","28":"shipping-taxable","29":"purchasable","30":"product-type-simple"},"_links":{"self":[{"href":"https:\/\/dentafrica.com\/index.php?rest_route=\/wp\/v2\/product\/52850","targetHints":{"allow":["GET"]}}],"collection":[{"href":"https:\/\/dentafrica.com\/index.php?rest_route=\/wp\/v2\/product"}],"about":[{"href":"https:\/\/dentafrica.com\/index.php?rest_route=\/wp\/v2\/types\/product"}],"replies":[{"embeddable":true,"href":"https:\/\/dentafrica.com\/index.php?rest_route=%2Fwp%2Fv2%2Fcomments&post=52850"}],"wp:featuredmedia":[{"embeddable":true,"href":"https:\/\/dentafrica.com\/index.php?rest_route=\/wp\/v2\/media\/55277"}],"wp:attachment":[{"href":"https:\/\/dentafrica.com\/index.php?rest_route=%2Fwp%2Fv2%2Fmedia&parent=52850"}],"wp:term":[{"taxonomy":"product_cat","embeddable":true,"href":"https:\/\/dentafrica.com\/index.php?rest_route=%2Fwp%2Fv2%2Fproduct_cat&post=52850"},{"taxonomy":"product_tag","embeddable":true,"href":"https:\/\/dentafrica.com\/index.php?rest_route=%2Fwp%2Fv2%2Fproduct_tag&post=52850"}],"curies":[{"name":"wp","href":"https:\/\/api.w.org\/{rel}","templated":true}]}}