{"id":52716,"date":"2023-06-26T16:48:57","date_gmt":"2023-06-26T16:48:57","guid":{"rendered":"https:\/\/dentafrica.com\/?product=sequence-xp-endo-shaper-limes-rotatives-fkg-acteon"},"modified":"2024-04-25T18:00:55","modified_gmt":"2024-04-25T18:00:55","slug":"sequence-xp-endo-shaper-limes-rotatives-fkg-acteon","status":"publish","type":"product","link":"https:\/\/dentafrica.com\/?product=sequence-xp-endo-shaper-limes-rotatives-fkg-acteon","title":{"rendered":"S\u00e9quence XP-endo Shaper (limes rotatives) FKG &#8211; ACTEON"},"content":{"rendered":"<p>Instrument unique 3D de mise en forme en rotation continue<br data-mce-fragment=\"1\">Le XP-endo Shaper est un instrument d&rsquo;al\u00e9sage innovant, permettant de simplifier les s\u00e9quences d&rsquo;endodontie.<br data-mce-fragment=\"1\">Grace aux technologies MaxWire et Booster Tip, le XP-endo Shaper est qualifi\u00e9 de \u00ab\u00a0One File Shaper\u00a0\u00bb (Instrument unique de mise en forme).<br data-mce-fragment=\"1\">Il a la facult\u00e9 de commencer la mise en forme \u00e0 un diam\u00e8tre ISO 15 et d&rsquo;atteindre un diam\u00e8tre ISO 30 ainsi que d&rsquo;augmenter la conicit\u00e9 de .01 \u00e0 minimum .04, permettant alors d&rsquo;atteindre une mise en forme canalaire finale de minimum 30\/.04.<br data-mce-fragment=\"1\">Le XP-endo Shaper est l&rsquo;instrument de choix pour le traitement de la grande majorit\u00e9 des canaux.<br data-mce-fragment=\"1\">Il a la facult\u00e9 de se mouvoir dans les canaux avec adresse et agilit\u00e9 en se dilatant et se contractant en fonction de la morphologie canalaire.<br data-mce-fragment=\"1\">Livr\u00e9 dans un blister st\u00e9rile.<br data-mce-fragment=\"1\">Usage unique.<\/p>\n<p>\u00a0<\/p>\n<p>2 limes K 10 + 2 Limes K 15 + 2 XP-endo Shaper de longueur de 21 mm ou 25 mm<\/p>\n","protected":false},"excerpt":{"rendered":"<p>Instrument unique 3D de mise en forme en rotation continueLe XP-endo Shaper est un instrument d&rsquo;al\u00e9sage innovant, permettant de simplifier les s\u00e9quences d&rsquo;endodontie.Grace aux technologies MaxWire et Booster Tip, le XP-endo Shaper est qualifi\u00e9 de \u00ab\u00a0One File Shaper\u00a0\u00bb (Instrument unique de mise en forme).Il a la facult\u00e9 de commencer la mise en forme \u00e0 un [&hellip;]<\/p>\n","protected":false},"featured_media":55235,"comment_status":"open","ping_status":"closed","template":"","meta":[],"product_cat":[1444],"product_tag":[1459,1490,515,1452,1453,1460],"class_list":{"0":"post-52716","1":"product","2":"type-product","3":"status-publish","4":"has-post-thumbnail","6":"product_cat-non-classe","7":"product_tag-endodontie","8":"product_tag-lime","9":"product_tag-marque_acteon","10":"product_tag-omnipratique","11":"product_tag-produits-annexes","12":"product_tag-specialite_endodontie","14":"first","15":"instock","16":"shipping-taxable","17":"purchasable","18":"product-type-variable"},"_links":{"self":[{"href":"https:\/\/dentafrica.com\/index.php?rest_route=\/wp\/v2\/product\/52716","targetHints":{"allow":["GET"]}}],"collection":[{"href":"https:\/\/dentafrica.com\/index.php?rest_route=\/wp\/v2\/product"}],"about":[{"href":"https:\/\/dentafrica.com\/index.php?rest_route=\/wp\/v2\/types\/product"}],"replies":[{"embeddable":true,"href":"https:\/\/dentafrica.com\/index.php?rest_route=%2Fwp%2Fv2%2Fcomments&post=52716"}],"wp:featuredmedia":[{"embeddable":true,"href":"https:\/\/dentafrica.com\/index.php?rest_route=\/wp\/v2\/media\/55235"}],"wp:attachment":[{"href":"https:\/\/dentafrica.com\/index.php?rest_route=%2Fwp%2Fv2%2Fmedia&parent=52716"}],"wp:term":[{"taxonomy":"product_cat","embeddable":true,"href":"https:\/\/dentafrica.com\/index.php?rest_route=%2Fwp%2Fv2%2Fproduct_cat&post=52716"},{"taxonomy":"product_tag","embeddable":true,"href":"https:\/\/dentafrica.com\/index.php?rest_route=%2Fwp%2Fv2%2Fproduct_tag&post=52716"}],"curies":[{"name":"wp","href":"https:\/\/api.w.org\/{rel}","templated":true}]}}