{"id":52692,"date":"2023-06-26T16:48:49","date_gmt":"2023-06-26T16:48:49","guid":{"rendered":"https:\/\/dentafrica.com\/?product=sensipast-25-mm-bourre-pate-de-fkg-acteon"},"modified":"2024-04-25T18:00:54","modified_gmt":"2024-04-25T18:00:54","slug":"sensipast-25-mm-bourre-pate-de-fkg-acteon","status":"publish","type":"product","link":"https:\/\/dentafrica.com\/?product=sensipast-25-mm-bourre-pate-de-fkg-acteon","title":{"rendered":"Sensipast 25 mm (bourre-p\u00e2te de FKG) &#8211; ACTEON"},"content":{"rendered":"<p>Sensipast est le seul bourre-p\u00e2te \u00e0 d\u00e9brayage automatique de s\u00e9curit\u00e9 qui permet ainsi un travail sans stress. Sensipast r\u00e9agit avant que les contraintes ne d\u00e9passent les limites d\u2019\u00e9lasticit\u00e9 du m\u00e9tal. Lors de blocage, le d\u00e9brayage automatique du Sensipast agit avant la rupture des spires. L\u2019embrayage miniature est log\u00e9 dans le manche m\u00eame du Sensipast, conception unique qui permet de l\u2019utiliser avec n\u2019importe quel contre-angle du march\u00e9.<\/p>\n<ul>\n<li>Sensipast N\u00b0 25 \/ L 25 &#8211; lot de 4<\/li>\n<li>Sensipast N\u00b0 30 \/ L 25 &#8211; lot de 4<\/li>\n<li>Sensipast N\u00b0 35 \/ L 25 &#8211; lot de 4<\/li>\n<li>Sensipast N\u00b0 40 \/ L 25 &#8211; lot de 4<\/li>\n<li>Sensipast N\u00b0 25 + N\u00b0 30 \/ L 25 &#8211; lot de 4 (2&#215;2)<\/li>\n<li>Sensipast assortiment N\u00b025-30-35-40 \/ L 25 &#8211; lot de 4<\/li>\n<\/ul>\n","protected":false},"excerpt":{"rendered":"<p>Sensipast est le seul bourre-p\u00e2te \u00e0 d\u00e9brayage automatique de s\u00e9curit\u00e9 qui permet ainsi un travail sans stress. Sensipast r\u00e9agit avant que les contraintes ne d\u00e9passent les limites d\u2019\u00e9lasticit\u00e9 du m\u00e9tal. Lors de blocage, le d\u00e9brayage automatique du Sensipast agit avant la rupture des spires. L\u2019embrayage miniature est log\u00e9 dans le manche m\u00eame du Sensipast, conception [&hellip;]<\/p>\n","protected":false},"featured_media":55232,"comment_status":"open","ping_status":"closed","template":"","meta":[],"product_cat":[1444],"product_tag":[602,1473,1459,1490,515,1452,603,1453,1468,1460],"class_list":{"0":"post-52692","1":"product","2":"type-product","3":"status-publish","4":"has-post-thumbnail","6":"product_cat-non-classe","7":"product_tag-bourre-pate","8":"product_tag-consommables","9":"product_tag-endodontie","10":"product_tag-lime","11":"product_tag-marque_acteon","12":"product_tag-omnipratique","13":"product_tag-outil-dendodontie_bourre-pate","14":"product_tag-produits-annexes","15":"product_tag-safe-implant","16":"product_tag-specialite_endodontie","18":"first","19":"instock","20":"shipping-taxable","21":"purchasable","22":"product-type-variable"},"_links":{"self":[{"href":"https:\/\/dentafrica.com\/index.php?rest_route=\/wp\/v2\/product\/52692","targetHints":{"allow":["GET"]}}],"collection":[{"href":"https:\/\/dentafrica.com\/index.php?rest_route=\/wp\/v2\/product"}],"about":[{"href":"https:\/\/dentafrica.com\/index.php?rest_route=\/wp\/v2\/types\/product"}],"replies":[{"embeddable":true,"href":"https:\/\/dentafrica.com\/index.php?rest_route=%2Fwp%2Fv2%2Fcomments&post=52692"}],"wp:featuredmedia":[{"embeddable":true,"href":"https:\/\/dentafrica.com\/index.php?rest_route=\/wp\/v2\/media\/55232"}],"wp:attachment":[{"href":"https:\/\/dentafrica.com\/index.php?rest_route=%2Fwp%2Fv2%2Fmedia&parent=52692"}],"wp:term":[{"taxonomy":"product_cat","embeddable":true,"href":"https:\/\/dentafrica.com\/index.php?rest_route=%2Fwp%2Fv2%2Fproduct_cat&post=52692"},{"taxonomy":"product_tag","embeddable":true,"href":"https:\/\/dentafrica.com\/index.php?rest_route=%2Fwp%2Fv2%2Fproduct_tag&post=52692"}],"curies":[{"name":"wp","href":"https:\/\/api.w.org\/{rel}","templated":true}]}}