{"id":52618,"date":"2023-06-26T16:48:27","date_gmt":"2023-06-26T16:48:27","guid":{"rendered":"https:\/\/dentafrica.com\/?product=screw-posts-inox-kent-dental"},"modified":"2024-04-25T18:00:46","modified_gmt":"2024-04-25T18:00:46","slug":"screw-posts-inox-kent-dental","status":"publish","type":"product","link":"https:\/\/dentafrica.com\/?product=screw-posts-inox-kent-dental","title":{"rendered":"Screw-posts inox &#8211; Kent Dental"},"content":{"rendered":"<p data-mce-fragment=\"1\">Acier inoxydable.<\/p>\n<p data-mce-fragment=\"1\"><span data-mce-fragment=\"1\"><strong data-mce-fragment=\"1\">Propri\u00e9t\u00e9s :<\/strong><br data-mce-fragment=\"1\"><\/span><\/p>\n<ul data-mce-fragment=\"1\">\n<li data-mce-fragment=\"1\">finition de haute pr\u00e9cision.<\/li>\n<li data-mce-fragment=\"1\">Forme \u00e9tudi\u00e9e : la forme cylindrique de la vis, con\u00e7ue comme une vis filet\u00e9e, \u00e9vite tout risque de fissure.\u00a0<\/li>\n<li data-mce-fragment=\"1\">La t\u00eate comporte une gorge pour assurer une meilleure r\u00e9tention du mat\u00e9riel d&rsquo;obturation<\/li>\n<\/ul>\n<p data-mce-fragment=\"1\"><span data-mce-fragment=\"1\">Dispositifs m\u00e9dical de classe lla. Marquage CE0120. Fabricant : CFPM.<\/span><\/p>\n<p data-mce-fragment=\"1\"><span data-mce-fragment=\"1\">La bo\u00eete assortie comprend :\u00a0120 screw-posts (\u00a06 de chaque taille) 1 cl\u00e9 carr\u00e9e et 1 cl\u00e9 cruciforme.<\/span><span data-mce-fragment=\"1\"><br data-mce-fragment=\"1\"><strong data-mce-fragment=\"1\">R\u00e9assort screw-posts :<\/strong><br data-mce-fragment=\"1\"><\/span><span data-mce-fragment=\"1\"><br data-mce-fragment=\"1\">N\u00b0 1; Diam\u00e8tre 1,05 mm; Court L = 8 mm<br data-mce-fragment=\"1\">N\u00b0 2; Diam\u00e8tre 1,20 mm; Court L = 8 mm<br data-mce-fragment=\"1\">N\u00b0 3; Diam\u00e8tre 1,35 mm; Court L = 8 mm<br data-mce-fragment=\"1\">N\u00b0 4; Diam\u00e8tre 1,50 mm; Court L = 8 mm<br data-mce-fragment=\"1\">N\u00b0 5; Diam\u00e8tre 1,65 mm; Court L = 8 mm\u00a0<br data-mce-fragment=\"1\">N\u00b0 6; Diam\u00e8tre 1,80 mm; Court L = 8 mm<br data-mce-fragment=\"1\">N\u00b0 1; Diam\u00e8tre 1,05 mm; Moyen L = 9,5 mm<br data-mce-fragment=\"1\">N\u00b0 2; Diam\u00e8tre 1,20 mm; Moyen L = 9,5 mm<br data-mce-fragment=\"1\">N\u00b0 3; Diam\u00e8tre 1,35 mm; Moyen L = 9,5 mm<br data-mce-fragment=\"1\">N\u00b0 4; Diam\u00e8tre 1,50 mm; Moyen L = 9,5 mm<br data-mce-fragment=\"1\">N\u00b0 5; Diam\u00e8tre 1,65 mm; Moyen L = 9,5 mm<br data-mce-fragment=\"1\">N\u00b0 6; Diam\u00e8tre 1,80 mm; Moyen L = 9,5 mm<br data-mce-fragment=\"1\">N\u00b0 1; Diam\u00e8tre 1,05 mm; Long L = 12 mm<br data-mce-fragment=\"1\">N\u00b0 2; Diam\u00e8tre 1,20 mm; Long L = 12 mm<br data-mce-fragment=\"1\">N\u00b0 3; Diam\u00e8tre 1,35 mm; Long L = 12 mm<br data-mce-fragment=\"1\">N\u00b0 4; Diam\u00e8tre 1,50 mm; Long L = 12 mm<br data-mce-fragment=\"1\">N\u00b0 5; Diam\u00e8tre 1,65 mm; Long L = 12 mm<br data-mce-fragment=\"1\">N\u00b0 6; Diam\u00e8tre 1,80 mm; Long L = 12 mm<br data-mce-fragment=\"1\">N\u00b0 4; Diam\u00e8tre 1,50 mm; Extra-long L = 14 mm<br data-mce-fragment=\"1\">N\u00b0 6; Diam\u00e8tre 1,80 mm; Extra-long L = 14 mm<\/span><\/p>\n","protected":false},"excerpt":{"rendered":"<p>Acier inoxydable. Propri\u00e9t\u00e9s : finition de haute pr\u00e9cision. Forme \u00e9tudi\u00e9e : la forme cylindrique de la vis, con\u00e7ue comme une vis filet\u00e9e, \u00e9vite tout risque de fissure.\u00a0 La t\u00eate comporte une gorge pour assurer une meilleure r\u00e9tention du mat\u00e9riel d&rsquo;obturation Dispositifs m\u00e9dical de classe lla. Marquage CE0120. Fabricant : CFPM. La bo\u00eete assortie comprend :\u00a0120 [&hellip;]<\/p>\n","protected":false},"featured_media":55220,"comment_status":"open","ping_status":"closed","template":"","meta":[],"product_cat":[1444],"product_tag":[1509,1473,1459,1475,1551,1452,1571,1453,1468,573,1460,1512,574],"class_list":{"0":"post-52618","1":"product","2":"type-product","3":"status-publish","4":"has-post-thumbnail","6":"product_cat-non-classe","7":"product_tag-accessoires-restauration","8":"product_tag-consommables","9":"product_tag-endodontie","10":"product_tag-laboratoire","11":"product_tag-marque_kent-dental","12":"product_tag-omnipratique","13":"product_tag-prise-dempreinte","14":"product_tag-produits-annexes","15":"product_tag-safe-implant","16":"product_tag-screw-posts","17":"product_tag-specialite_endodontie","18":"product_tag-specialite_restauration","19":"product_tag-type_screw-posts","21":"first","22":"instock","23":"shipping-taxable","24":"purchasable","25":"product-type-variable"},"_links":{"self":[{"href":"https:\/\/dentafrica.com\/index.php?rest_route=\/wp\/v2\/product\/52618","targetHints":{"allow":["GET"]}}],"collection":[{"href":"https:\/\/dentafrica.com\/index.php?rest_route=\/wp\/v2\/product"}],"about":[{"href":"https:\/\/dentafrica.com\/index.php?rest_route=\/wp\/v2\/types\/product"}],"replies":[{"embeddable":true,"href":"https:\/\/dentafrica.com\/index.php?rest_route=%2Fwp%2Fv2%2Fcomments&post=52618"}],"wp:featuredmedia":[{"embeddable":true,"href":"https:\/\/dentafrica.com\/index.php?rest_route=\/wp\/v2\/media\/55220"}],"wp:attachment":[{"href":"https:\/\/dentafrica.com\/index.php?rest_route=%2Fwp%2Fv2%2Fmedia&parent=52618"}],"wp:term":[{"taxonomy":"product_cat","embeddable":true,"href":"https:\/\/dentafrica.com\/index.php?rest_route=%2Fwp%2Fv2%2Fproduct_cat&post=52618"},{"taxonomy":"product_tag","embeddable":true,"href":"https:\/\/dentafrica.com\/index.php?rest_route=%2Fwp%2Fv2%2Fproduct_tag&post=52618"}],"curies":[{"name":"wp","href":"https:\/\/api.w.org\/{rel}","templated":true}]}}