{"id":52064,"date":"2023-06-26T16:44:27","date_gmt":"2023-06-26T16:44:27","guid":{"rendered":"https:\/\/dentafrica.com\/?product=riva-luting-luting-plus-ciment-verre-ionomere-sdi"},"modified":"2024-04-25T17:59:51","modified_gmt":"2024-04-25T17:59:51","slug":"riva-luting-luting-plus-ciment-verre-ionomere-sdi","status":"publish","type":"product","link":"https:\/\/dentafrica.com\/?product=riva-luting-luting-plus-ciment-verre-ionomere-sdi","title":{"rendered":"Riva luting \/ luting plus Ciment verre ionom\u00e8re -SDI"},"content":{"rendered":"<h3>Riva luting<\/h3>\n<p>Ciment verre ionom\u00e8re auto-polym\u00e9risable destin\u00e9 au scellement d\u00e9finitif des couronnes \u00e0 base m\u00e9tallique. Il adh\u00e8re chimiquement aux m\u00e9taux et \u00e0 la dent. Id\u00e9al pour les couronnes c\u00e9ramo-m\u00e9talliques, les tenons m\u00e9tal, les bagues d&rsquo;orthodontie.<\/p>\n<p>Bo\u00eete de 50.<\/p>\n<h3>Riva luting plus<\/h3>\n<p>Ciment verre ionom\u00e8re, modifi\u00e9 en r\u00e9sine, a<span data-mce-fragment=\"1\">uto-polym\u00e9risable destin\u00e9 au scellement d\u00e9finitif des couronnes acier, facettes r\u00e9sine, inlays, onlays, et couronnes c\u00e9ramo-c\u00e9ramiques.<\/span><\/p>\n<p><span data-mce-fragment=\"1\">Bo\u00eete de 50.<\/span><\/p>\n<ul>\n<li><span data-mce-fragment=\"1\">Excellente r\u00e9sistance \u00e0 l&rsquo;acide<\/span><\/li>\n<li><span data-mce-fragment=\"1\">Sans bisph\u00e9nol A<\/span><\/li>\n<\/ul>\n<p>\u00a0<\/p>\n<h3>Riva Luting Plus Kit poudre\/liquide<\/h3>\n<p>Riva Luting Plus est un ciment de verre ionom\u00e8re renforc\u00e9 en r\u00e9sine, auto-polym\u00e9risable r\u00e9serv\u00e9 au scellement d\u00e9finitif\u00a0des couronnes acier.<\/p>\n<p><strong><span>Applications :<\/span><\/strong><br \/>&#8211; Collage des inlay, onlay, bridge et couronne en r\u00e9sine, m\u00e9tal et c\u00e9ramo-m\u00e9tal.<br \/>&#8211; Collage des inlays et couronnes en c\u00e9ramique<br \/>&#8211; Collage des pins, pivots et vis<\/p>\n<p><strong><span>Indications :<\/span><\/strong><br \/><span>&#8211; Force d\u2019adh\u00e9sion \u00e9lev\u00e9e :<\/span><br \/>Adh\u00e9sion ad\u00e9quate aux tissus humains<br \/>Pr\u00e9-requis indispensable au maintien de la restauration dans le temps.<br \/>Excellente adh\u00e9sion \u00e0 la dentine ainsi qu\u2019\u00e0 la zircone afin d&rsquo;assurer le scellement des couronnes et des inlays en c\u00e9ramique.<br \/><span>&#8211; Lib\u00e9ration de fluor importante :<\/span><br \/>Pr\u00e9vention des caries<br \/>Intervention dans l&rsquo;\u00e9laboration de la fluoroapatite plus r\u00e9sistante aux acides que l&rsquo;hydroxyapatite<br \/>R\u00f4le important dans la remin\u00e9ralisation<br \/><span>&#8211; Cliniquement Insoluble :<\/span><br \/>Cliniquement insoluble apr\u00e8s sa phase de prise.<br \/>Tr\u00e8s faible taux \u00ab d\u2019\u00e9rosion acide \u00bb assurant la long\u00e9vit\u00e9 du collage de la restauration. (La norme ISO standard stipule que le mat\u00e9riau ne doit pas pr\u00e9senter \u00ab d\u2019\u00e9rosion acide \u00bb sup\u00e9rieure \u00e0 0.17 mm.)<br \/><span>&#8211; Temps de prise :<\/span><br \/>Gain de temps au fauteuil sans nuire \u00e0 la qualit\u00e9 du mat\u00e9riau<br \/><span>&#8211; R\u00e9sistance \u00e0 la flexion :<\/span><br \/>Taux de craquements et f\u00ealures en flexion assurant une r\u00e9sistance \u00e0 la flexion qui favorise et am\u00e9liore le maintien des restaurations.<br \/><span>&#8211; Film de collage extr\u00eamement fin :<\/span><br \/>\u00c9coulement rapide dans l\u2019intrados de la proth\u00e8se.<br \/>Finesse du joint de collage, autrement dit du film synonyme de qualit\u00e9 de collage des restaurations indirectes.<\/p>\n<p><span data-mce-fragment=\"1\">1x25g<br \/>1x10g<br \/>1x cuill\u00e8re\u00a0<br \/>1x plateau de m\u00e9lange<br \/>(teinte : jaune clair)<\/p>\n<p><\/span><\/p>\n<table id=\"product-attribute-specs-table\" class=\"data table additional-attributes\">\n<caption class=\"table-caption\">Plus d&rsquo;informations<\/caption>\n<tbody>\n<tr>\n<th scope=\"row\" class=\"col label\">FABRICANT<\/th>\n<td data-th=\"FABRICANT\" class=\"col data\">SDI GERMANY GMBH<\/td>\n<\/tr>\n<tr>\n<th scope=\"row\" class=\"col label\">CATEGORIE QUALITE<\/th>\n<td data-th=\"CATEGORIE QUALITE\" class=\"col data\">Dispositif M\u00e9dical<\/td>\n<\/tr>\n<tr>\n<th scope=\"row\" class=\"col label\">CLASSE<\/th>\n<td data-th=\"CLASSE\" class=\"col data\">CLASSE IIA<\/td>\n<\/tr>\n<tr>\n<th scope=\"row\" class=\"col label\">N\u00b0 ORGANISME<\/th>\n<td data-th=\"N\u00b0 ORGANISME\" class=\"col data\">0297-DQS MEDIZINPRODUKTE GMBH<\/td>\n<\/tr>\n<\/tbody>\n<\/table>\n<ul><\/ul>\n","protected":false},"excerpt":{"rendered":"<p>Riva luting Ciment verre ionom\u00e8re auto-polym\u00e9risable destin\u00e9 au scellement d\u00e9finitif des couronnes \u00e0 base m\u00e9tallique. Il adh\u00e8re chimiquement aux m\u00e9taux et \u00e0 la dent. Id\u00e9al pour les couronnes c\u00e9ramo-m\u00e9talliques, les tenons m\u00e9tal, les bagues d&rsquo;orthodontie. Bo\u00eete de 50. Riva luting plus Ciment verre ionom\u00e8re, modifi\u00e9 en r\u00e9sine, auto-polym\u00e9risable destin\u00e9 au scellement d\u00e9finitif des couronnes acier, [&hellip;]<\/p>\n","protected":false},"featured_media":54914,"comment_status":"open","ping_status":"closed","template":"","meta":[],"product_cat":[1444],"product_tag":[1458,1514,1648,1818,1453,1456,1515,1512],"class_list":{"0":"post-52064","1":"product","2":"type-product","3":"status-publish","4":"has-post-thumbnail","6":"product_cat-non-classe","7":"product_tag-ciments","8":"product_tag-ciments-definitifs","9":"product_tag-marque_sdi","10":"product_tag-materiau_verre-ionomere","11":"product_tag-produits-annexes","12":"product_tag-restauration-ciments","13":"product_tag-scellement_definitif","14":"product_tag-specialite_restauration","16":"first","17":"instock","18":"shipping-taxable","19":"purchasable","20":"product-type-variable"},"_links":{"self":[{"href":"https:\/\/dentafrica.com\/index.php?rest_route=\/wp\/v2\/product\/52064","targetHints":{"allow":["GET"]}}],"collection":[{"href":"https:\/\/dentafrica.com\/index.php?rest_route=\/wp\/v2\/product"}],"about":[{"href":"https:\/\/dentafrica.com\/index.php?rest_route=\/wp\/v2\/types\/product"}],"replies":[{"embeddable":true,"href":"https:\/\/dentafrica.com\/index.php?rest_route=%2Fwp%2Fv2%2Fcomments&post=52064"}],"wp:featuredmedia":[{"embeddable":true,"href":"https:\/\/dentafrica.com\/index.php?rest_route=\/wp\/v2\/media\/54914"}],"wp:attachment":[{"href":"https:\/\/dentafrica.com\/index.php?rest_route=%2Fwp%2Fv2%2Fmedia&parent=52064"}],"wp:term":[{"taxonomy":"product_cat","embeddable":true,"href":"https:\/\/dentafrica.com\/index.php?rest_route=%2Fwp%2Fv2%2Fproduct_cat&post=52064"},{"taxonomy":"product_tag","embeddable":true,"href":"https:\/\/dentafrica.com\/index.php?rest_route=%2Fwp%2Fv2%2Fproduct_tag&post=52064"}],"curies":[{"name":"wp","href":"https:\/\/api.w.org\/{rel}","templated":true}]}}