{"id":52018,"date":"2023-06-26T16:44:05","date_gmt":"2023-06-26T16:44:05","guid":{"rendered":"https:\/\/dentafrica.com\/?product=resine-pour-couronnes-et-bridges-temporaires-kent-dental"},"modified":"2024-04-25T17:59:47","modified_gmt":"2024-04-25T17:59:47","slug":"resine-pour-couronnes-et-bridges-temporaires-kent-dental","status":"publish","type":"product","link":"https:\/\/dentafrica.com\/?product=resine-pour-couronnes-et-bridges-temporaires-kent-dental","title":{"rendered":"R\u00e9sine pour couronnes et bridges temporaires &#8211; Kent Dental"},"content":{"rendered":"<p><span data-mce-fragment=\"1\">R\u00e9sine autopolym\u00e9risable pour la pr\u00e9paration et la confection de proth\u00e8ses provisoires (couronnes, bridges, inlays\/onlays, facettes). <br \/>Temps de pr\u00e9paration : 30 sec<br \/> Temps de pose : 60 sec <br \/>Pistolet m\u00e9langeur compatible : type 1:1 <br \/>Avantages : Manipulation facile et rapide. R\u00e9sistance \u00e0 la compression et \u00e0 la flexion \u00e9lev\u00e9e. Finition et polissage ais\u00e9s. Faible r\u00e9tractation de polym\u00e9risation. R\u00e9sultat final tr\u00e8s esth\u00e9tique.<\/p>\n<p>Pistolet standard<\/span><\/p>\n<p><span data-mce-fragment=\"1\">Plusieurs teintes disponibles :<\/span><\/p>\n<ul>\n<li><span data-mce-fragment=\"1\">A2<\/span><\/li>\n<li><span data-mce-fragment=\"1\">A3<\/span><\/li>\n<\/ul>\n","protected":false},"excerpt":{"rendered":"<p>R\u00e9sine autopolym\u00e9risable pour la pr\u00e9paration et la confection de proth\u00e8ses provisoires (couronnes, bridges, inlays\/onlays, facettes). Temps de pr\u00e9paration : 30 sec Temps de pose : 60 sec Pistolet m\u00e9langeur compatible : type 1:1 Avantages : Manipulation facile et rapide. R\u00e9sistance \u00e0 la compression et \u00e0 la flexion \u00e9lev\u00e9e. Finition et polissage ais\u00e9s. Faible r\u00e9tractation de [&hellip;]<\/p>\n","protected":false},"featured_media":54902,"comment_status":"open","ping_status":"closed","template":"","meta":[],"product_cat":[1444],"product_tag":[1447,1449,1510,1734,1451,1452,1453,1511,1456,1468,1512,1519,1513],"class_list":{"0":"post-52018","1":"product","2":"type-product","3":"status-publish","4":"has-post-thumbnail","6":"product_cat-non-classe","7":"product_tag-composites","8":"product_tag-conditionnement_seringue","9":"product_tag-couronnes","10":"product_tag-marque_wp-dental","11":"product_tag-materiaux","12":"product_tag-omnipratique","13":"product_tag-produits-annexes","14":"product_tag-resine-bridges-et-couronnes-temporaires","15":"product_tag-restauration-ciments","16":"product_tag-safe-implant","17":"product_tag-specialite_restauration","18":"product_tag-type_composite","19":"product_tag-type_materiaux-couronnes","21":"first","22":"instock","23":"shipping-taxable","24":"purchasable","25":"product-type-variable"},"_links":{"self":[{"href":"https:\/\/dentafrica.com\/index.php?rest_route=\/wp\/v2\/product\/52018","targetHints":{"allow":["GET"]}}],"collection":[{"href":"https:\/\/dentafrica.com\/index.php?rest_route=\/wp\/v2\/product"}],"about":[{"href":"https:\/\/dentafrica.com\/index.php?rest_route=\/wp\/v2\/types\/product"}],"replies":[{"embeddable":true,"href":"https:\/\/dentafrica.com\/index.php?rest_route=%2Fwp%2Fv2%2Fcomments&post=52018"}],"wp:featuredmedia":[{"embeddable":true,"href":"https:\/\/dentafrica.com\/index.php?rest_route=\/wp\/v2\/media\/54902"}],"wp:attachment":[{"href":"https:\/\/dentafrica.com\/index.php?rest_route=%2Fwp%2Fv2%2Fmedia&parent=52018"}],"wp:term":[{"taxonomy":"product_cat","embeddable":true,"href":"https:\/\/dentafrica.com\/index.php?rest_route=%2Fwp%2Fv2%2Fproduct_cat&post=52018"},{"taxonomy":"product_tag","embeddable":true,"href":"https:\/\/dentafrica.com\/index.php?rest_route=%2Fwp%2Fv2%2Fproduct_tag&post=52018"}],"curies":[{"name":"wp","href":"https:\/\/api.w.org\/{rel}","templated":true}]}}