{"id":51874,"date":"2023-06-26T16:43:09","date_gmt":"2023-06-26T16:43:09","guid":{"rendered":"https:\/\/dentafrica.com\/?product=radii-cal-lampe-a-photopolymeriser-sdi"},"modified":"2024-04-25T17:59:30","modified_gmt":"2024-04-25T17:59:30","slug":"radii-cal-lampe-a-photopolymeriser-sdi","status":"publish","type":"product","link":"https:\/\/dentafrica.com\/?product=radii-cal-lampe-a-photopolymeriser-sdi","title":{"rendered":"Radii-cal lampe \u00e0 photopolym\u00e9riser &#8211; SDI"},"content":{"rendered":"<p><span data-mce-fragment=\"1\">Radii-cal de SDI est une lampe \u00e0 polym\u00e9riser LED sans fil.<\/span><\/p>\n<p><span data-mce-fragment=\"1\"><strong>Ultra l\u00e9g\u00e8re, puissance radicale<\/strong><br \/>La lampe LED qui permet une photopolym\u00e9risation performante et en profondeur avec un poids minimum.<\/p>\n<p><strong>Poids plume<\/strong><br \/>La conception ergonomique et l\u00e9g\u00e8re de Radii-cal limite la fatigue et optimise le confort. La pi\u00e8ce \u00e0 main p\u00e8se seulement 144 g \/ 5,1 onces.<\/p>\n<p><strong>Sans fil<\/strong><br \/>Radii-cal est une unit\u00e9 sans fil permettant une totale libert\u00e9 de mouvement et un contr\u00f4le exceptionnel. Gagnez du temps et travaillez plus facilement gr\u00e2ce au Radii-cal sans fil.<\/span><\/p>\n<p><span data-mce-fragment=\"1\"><strong>Propri\u00e9t\u00e9s :<\/strong><br \/>&#8211; Puissance \u00e9lev\u00e9e : 1200 mW\/cm\u00b2.<br \/>&#8211; Profondeur maximale de polym\u00e9risation : 5 mm.<br \/>&#8211; Radiom\u00e8tre int\u00e9gr\u00e9.<br \/>&#8211; Mode d&rsquo;acc\u00e9l\u00e9ration graduelle : la puissance du flux lumineux de Radii-cal augmente progressivement.<br \/>&#8211; Plage de longueur d&rsquo;onde: 440 nm &#8211; 480 nm. <br \/>&#8211; Silencieuse : pas de ventilateur.<br \/>&#8211; Temps de fonctionnement total en continu avec batterie pleine: 2 heures. <br \/>&#8211; Dimensions: 22 mm de diam\u00e8tre x 243 mm de long. <br \/>&#8211; Tr\u00e8s l\u00e9g\u00e8re : 144 g.<br \/>Garantie 2 ans.<\/span><\/p>\n<p><span data-mce-fragment=\"1\">Livr\u00e9e avec 1\u00a0radii-cal + 1 fibre optique coud\u00e9e de \u00d8 6,5 mm + 1 support de chargement + 1 \u00e9cran de protection + 1 adaptateur secteur.<br \/><\/span><\/p>\n","protected":false},"excerpt":{"rendered":"<p>Radii-cal de SDI est une lampe \u00e0 polym\u00e9riser LED sans fil. Ultra l\u00e9g\u00e8re, puissance radicaleLa lampe LED qui permet une photopolym\u00e9risation performante et en profondeur avec un poids minimum. Poids plumeLa conception ergonomique et l\u00e9g\u00e8re de Radii-cal limite la fatigue et optimise le confort. La pi\u00e8ce \u00e0 main p\u00e8se seulement 144 g \/ 5,1 onces. [&hellip;]<\/p>\n","protected":false},"featured_media":54867,"comment_status":"open","ping_status":"closed","template":"","meta":[],"product_cat":[1444],"product_tag":[577,1566,578,1483,1569,1648,1452,1453,1468],"class_list":{"0":"post-51874","1":"product","2":"type-product","3":"status-publish","4":"has-post-thumbnail","6":"product_cat-non-classe","7":"product_tag-appareil_lampe-a-photopolymeriser","8":"product_tag-appareils","9":"product_tag-lampe-a-photopolymeriser","10":"product_tag-le-cabinet","11":"product_tag-les-appareils","12":"product_tag-marque_sdi","13":"product_tag-omnipratique","14":"product_tag-produits-annexes","15":"product_tag-safe-implant","17":"first","18":"instock","19":"shipping-taxable","20":"purchasable","21":"product-type-simple"},"_links":{"self":[{"href":"https:\/\/dentafrica.com\/index.php?rest_route=\/wp\/v2\/product\/51874","targetHints":{"allow":["GET"]}}],"collection":[{"href":"https:\/\/dentafrica.com\/index.php?rest_route=\/wp\/v2\/product"}],"about":[{"href":"https:\/\/dentafrica.com\/index.php?rest_route=\/wp\/v2\/types\/product"}],"replies":[{"embeddable":true,"href":"https:\/\/dentafrica.com\/index.php?rest_route=%2Fwp%2Fv2%2Fcomments&post=51874"}],"wp:featuredmedia":[{"embeddable":true,"href":"https:\/\/dentafrica.com\/index.php?rest_route=\/wp\/v2\/media\/54867"}],"wp:attachment":[{"href":"https:\/\/dentafrica.com\/index.php?rest_route=%2Fwp%2Fv2%2Fmedia&parent=51874"}],"wp:term":[{"taxonomy":"product_cat","embeddable":true,"href":"https:\/\/dentafrica.com\/index.php?rest_route=%2Fwp%2Fv2%2Fproduct_cat&post=51874"},{"taxonomy":"product_tag","embeddable":true,"href":"https:\/\/dentafrica.com\/index.php?rest_route=%2Fwp%2Fv2%2Fproduct_tag&post=51874"}],"curies":[{"name":"wp","href":"https:\/\/api.w.org\/{rel}","templated":true}]}}