{"id":51863,"date":"2023-06-26T16:43:04","date_gmt":"2023-06-26T16:43:04","guid":{"rendered":"https:\/\/dentafrica.com\/?product=radii-plus-lampe-a-photopolymeriser-sdi"},"modified":"2024-04-25T17:59:29","modified_gmt":"2024-04-25T17:59:29","slug":"radii-plus-lampe-a-photopolymeriser-sdi","status":"publish","type":"product","link":"https:\/\/dentafrica.com\/?product=radii-plus-lampe-a-photopolymeriser-sdi","title":{"rendered":"Radii plus lampe \u00e0 photopolym\u00e9riser &#8211; SDI"},"content":{"rendered":"<p>Radii plus de SDI est une lampe \u00e0 polym\u00e9riser LED sans fil. A intensit\u00e9 progressive durant les 5 premi\u00e8res secondes puis puissance maximale pendant 10 secondes, et ensuite 1 bip toutes les 10 secondes jusqu\u2019\u00e0 1 minute.<br data-mce-fragment=\"1\">T\u00e9moin de charge et radiom\u00e8tre int\u00e9gr\u00e9s au socle de chargement pour mesurer la puissance disponible.<\/p>\n<p><strong>Haute puissance \u2013 1.500mW\/cm2<\/strong><br \/>Plus l\u2019intensit\u00e9 de la lampe est \u00e9lev\u00e9e, plus la lumi\u00e8re p\u00e9n\u00e8tre profond\u00e9ment, assurant une polym\u00e9risation efficace.<\/p>\n<p><strong>D\u00e9montage facile<\/strong><br \/>Sa fabrication avec clips et vis assurant la connexion des pi\u00e8ces permet de changer ou de remplacer ais\u00e9ment toute pi\u00e8ce la concernant, y compris la batterie.<\/p>\n<p><strong>Caract\u00e9ristiques :<\/strong><br data-mce-fragment=\"1\"><\/p>\n<ul>\n<li>Poids : 155 g batterie ion-lithium.<\/li>\n<li>Puissance sup\u00e9rieure : 1400 mW\/cm2.<\/li>\n<li>Autonomie : 400 cycles de 10 secondes.<\/li>\n<li>Temps de charge : 2 \u00e0 3 heures.<\/li>\n<li>Profondeur de polym\u00e9risation 6 mm.<\/li>\n<li>Longueur d\u2019onde de 440 \u00e0 480 nm.<\/li>\n<li>Possibilit\u00e9 de transformer en lampe de blanchiment.<\/li>\n<li>Garantie 2 ans pour la batterie.<\/li>\n<li>Dispositif m\u00e9dical de classe I.<\/li>\n<li>Utilisation : se r\u00e9f\u00e9rer \u00e0 la notice.<\/li>\n<li>Garantie 5 ans<\/li>\n<\/ul>\n<p>Disponible en 3 types d&#8217;embout : classique, bleach, ortho<\/p>\n<p>Kit blanchiment contient : 1 embout blanchiment LED + 2 pare-lumi\u00e8re + 50 protections + 1 section de contr\u00f4le<\/p>\n<p>Existe aussi le pied adaptable.<\/p>\n","protected":false},"excerpt":{"rendered":"<p>Radii plus de SDI est une lampe \u00e0 polym\u00e9riser LED sans fil. A intensit\u00e9 progressive durant les 5 premi\u00e8res secondes puis puissance maximale pendant 10 secondes, et ensuite 1 bip toutes les 10 secondes jusqu\u2019\u00e0 1 minute.T\u00e9moin de charge et radiom\u00e8tre int\u00e9gr\u00e9s au socle de chargement pour mesurer la puissance disponible. Haute puissance \u2013 1.500mW\/cm2Plus [&hellip;]<\/p>\n","protected":false},"featured_media":54861,"comment_status":"open","ping_status":"closed","template":"","meta":[],"product_cat":[1444],"product_tag":[577,1566,578,1483,1569,1648,1452,1453,1468],"class_list":{"0":"post-51863","1":"product","2":"type-product","3":"status-publish","4":"has-post-thumbnail","6":"product_cat-non-classe","7":"product_tag-appareil_lampe-a-photopolymeriser","8":"product_tag-appareils","9":"product_tag-lampe-a-photopolymeriser","10":"product_tag-le-cabinet","11":"product_tag-les-appareils","12":"product_tag-marque_sdi","13":"product_tag-omnipratique","14":"product_tag-produits-annexes","15":"product_tag-safe-implant","17":"first","18":"instock","19":"shipping-taxable","20":"purchasable","21":"product-type-variable"},"_links":{"self":[{"href":"https:\/\/dentafrica.com\/index.php?rest_route=\/wp\/v2\/product\/51863","targetHints":{"allow":["GET"]}}],"collection":[{"href":"https:\/\/dentafrica.com\/index.php?rest_route=\/wp\/v2\/product"}],"about":[{"href":"https:\/\/dentafrica.com\/index.php?rest_route=\/wp\/v2\/types\/product"}],"replies":[{"embeddable":true,"href":"https:\/\/dentafrica.com\/index.php?rest_route=%2Fwp%2Fv2%2Fcomments&post=51863"}],"wp:featuredmedia":[{"embeddable":true,"href":"https:\/\/dentafrica.com\/index.php?rest_route=\/wp\/v2\/media\/54861"}],"wp:attachment":[{"href":"https:\/\/dentafrica.com\/index.php?rest_route=%2Fwp%2Fv2%2Fmedia&parent=51863"}],"wp:term":[{"taxonomy":"product_cat","embeddable":true,"href":"https:\/\/dentafrica.com\/index.php?rest_route=%2Fwp%2Fv2%2Fproduct_cat&post=51863"},{"taxonomy":"product_tag","embeddable":true,"href":"https:\/\/dentafrica.com\/index.php?rest_route=%2Fwp%2Fv2%2Fproduct_tag&post=51863"}],"curies":[{"name":"wp","href":"https:\/\/api.w.org\/{rel}","templated":true}]}}