{"id":51595,"date":"2023-06-26T16:41:20","date_gmt":"2023-06-26T16:41:20","guid":{"rendered":"https:\/\/dentafrica.com\/?product=protection-instruments-poudre-profection"},"modified":"2024-04-25T17:59:02","modified_gmt":"2024-04-25T17:59:02","slug":"protection-instruments-poudre-profection","status":"publish","type":"product","link":"https:\/\/dentafrica.com\/?product=protection-instruments-poudre-profection","title":{"rendered":"Protection instruments poudre &#8211; PROfection"},"content":{"rendered":"<p data-mce-fragment=\"1\">Nettoyage et d\u00e9sinfection de l&rsquo;instrumentation dentaire. Peut-\u00eatre utilis\u00e9e en bac \u00e0 ultrasons.<\/p>\n<p data-mce-fragment=\"1\">Composition : Chlorure de did\u00e9cyldim\u00e9thylammonium, tensio-actif non ionique, agent s\u00e9questrant, complexe enzymatique (prot\u00e9ase, lipase et amylase), excipients.<\/p>\n<p data-mce-fragment=\"1\">Propri\u00e9t\u00e9s microbiologiques :<br data-mce-fragment=\"1\">Bact\u00e9ricide en 15 min, 0.75%, 20\u00b0C (EN 1040, EN 13727, EN 14561). Actif sur Mycobacterium tuberculosis (BK) en 10 min, 0.5%, 20\u00b0C. Levuricide en 15 min, 1%, 20\u00b0C (EN 1275, EN 13624, EN 14562). Actif en 5 min, 0.25%, 20\u00b0C, sur HIV-1 et sur Herpesvirus et BVDV (virus mod\u00e8le HCV), 1% \u00e0 20\u00b0C. Actif en 15 min, 0.5%, 20\u00b0C, sur HBV.<\/p>\n<ul data-mce-fragment=\"1\">\n<li data-mce-fragment=\"1\">\n<i data-mce-fragment=\"1\" class=\"ti-check\"><\/i><span data-mce-fragment=\"1\">\u00a0<\/span>Bact\u00e9ricide<br data-mce-fragment=\"1\">\n<\/li>\n<li data-mce-fragment=\"1\">\n<i data-mce-fragment=\"1\" class=\"ti-check\"><\/i><span data-mce-fragment=\"1\">\u00a0<\/span>Tuberculocide<br data-mce-fragment=\"1\">\n<\/li>\n<li data-mce-fragment=\"1\">\n<i data-mce-fragment=\"1\" class=\"ti-check\"><\/i><span data-mce-fragment=\"1\">\u00a0<\/span>Levuricide<br data-mce-fragment=\"1\">\n<\/li>\n<li data-mce-fragment=\"1\">\n<i data-mce-fragment=\"1\" class=\"ti-check\"><\/i><span data-mce-fragment=\"1\">\u00a0<\/span>Compatible bac \u00e0 ultrasons<\/li>\n<\/ul>\n<p><span>Le seau de 2kg.<\/span><\/p>\n<p><span> Le seau de 5kg.\u00a0<\/span><\/p>\n","protected":false},"excerpt":{"rendered":"<p>Nettoyage et d\u00e9sinfection de l&rsquo;instrumentation dentaire. Peut-\u00eatre utilis\u00e9e en bac \u00e0 ultrasons. Composition : Chlorure de did\u00e9cyldim\u00e9thylammonium, tensio-actif non ionique, agent s\u00e9questrant, complexe enzymatique (prot\u00e9ase, lipase et amylase), excipients. Propri\u00e9t\u00e9s microbiologiques :Bact\u00e9ricide en 15 min, 0.75%, 20\u00b0C (EN 1040, EN 13727, EN 14561). Actif sur Mycobacterium tuberculosis (BK) en 10 min, 0.5%, 20\u00b0C. Levuricide en [&hellip;]<\/p>\n","protected":false},"featured_media":54802,"comment_status":"open","ping_status":"closed","template":"","meta":[],"product_cat":[1444],"product_tag":[1472,1533,1534,1474,664,1536,1453],"class_list":{"0":"post-51595","1":"product","2":"type-product","3":"status-publish","4":"has-post-thumbnail","6":"product_cat-non-classe","7":"product_tag-cabinet","8":"product_tag-desinfectant","9":"product_tag-desinfectant-instruments","10":"product_tag-hygiene-et-entretien","11":"product_tag-marque_profection","12":"product_tag-nettoyage","13":"product_tag-produits-annexes","15":"first","16":"instock","17":"shipping-taxable","18":"purchasable","19":"product-type-variable"},"_links":{"self":[{"href":"https:\/\/dentafrica.com\/index.php?rest_route=\/wp\/v2\/product\/51595","targetHints":{"allow":["GET"]}}],"collection":[{"href":"https:\/\/dentafrica.com\/index.php?rest_route=\/wp\/v2\/product"}],"about":[{"href":"https:\/\/dentafrica.com\/index.php?rest_route=\/wp\/v2\/types\/product"}],"replies":[{"embeddable":true,"href":"https:\/\/dentafrica.com\/index.php?rest_route=%2Fwp%2Fv2%2Fcomments&post=51595"}],"wp:featuredmedia":[{"embeddable":true,"href":"https:\/\/dentafrica.com\/index.php?rest_route=\/wp\/v2\/media\/54802"}],"wp:attachment":[{"href":"https:\/\/dentafrica.com\/index.php?rest_route=%2Fwp%2Fv2%2Fmedia&parent=51595"}],"wp:term":[{"taxonomy":"product_cat","embeddable":true,"href":"https:\/\/dentafrica.com\/index.php?rest_route=%2Fwp%2Fv2%2Fproduct_cat&post=51595"},{"taxonomy":"product_tag","embeddable":true,"href":"https:\/\/dentafrica.com\/index.php?rest_route=%2Fwp%2Fv2%2Fproduct_tag&post=51595"}],"curies":[{"name":"wp","href":"https:\/\/api.w.org\/{rel}","templated":true}]}}