{"id":51576,"date":"2023-06-26T16:41:12","date_gmt":"2023-06-26T16:41:12","guid":{"rendered":"https:\/\/dentafrica.com\/?product=prophy-max-aeropolisseur-de-prophylaxie-acteon"},"modified":"2024-04-25T17:59:02","modified_gmt":"2024-04-25T17:59:02","slug":"prophy-max-aeropolisseur-de-prophylaxie-acteon","status":"publish","type":"product","link":"https:\/\/dentafrica.com\/?product=prophy-max-aeropolisseur-de-prophylaxie-acteon","title":{"rendered":"Prophy-Max A\u00e9ropolisseur de prophylaxie &#8211; ACTEON"},"content":{"rendered":"<p>Prophy-Max d&rsquo;ACTEON est un a\u00e9ropolisseur de prophylaxie.\u00a0Ergonomie exceptionnelle Code couleurs pour un choix optimal et s\u00e9curis\u00e9 de la puissance.<br data-mce-fragment=\"1\">Nouvelles pi\u00e8ces \u00e0 main de polissage (ProphyPen) et de d\u00e9tartrage (Suprasson) autoclavables. Le r\u00e9cipient de poudre est plac\u00e9 sur la face externe de l\u2019appareil.<br data-mce-fragment=\"1\">4 programmes ultrasons : basse, moyenne, haute et tr\u00e8s haute puissances.<br data-mce-fragment=\"1\">Fonction Boost dans chaque mode de puissance.<br data-mce-fragment=\"1\">Fonction m\u00e9moire programmable.<br data-mce-fragment=\"1\">R\u00e9chauffeur d\u2019eau int\u00e9gr\u00e9.<br data-mce-fragment=\"1\">Raccords rapides pour le branchement \u00e0 l\u2019eau et \u00e0 l\u2019air.<\/p>\n<p><strong>Caract\u00e9ristiques :<\/strong><\/p>\n<ul>\n<li>Prophy-Max p\u00e9dale double<\/li>\n<li>Amplitude : 4 \u00e0 200 \u03bcm.<\/li>\n<li>Fr\u00e9quence : 28 \u00e0 36 kHz.<\/li>\n<li>Pression eau : 1 \u00e0 5 bars<\/li>\n<li>Pression air : 4,5 \u00e0 6 bars.<\/li>\n<li>Garantie 1 an.<\/li>\n<\/ul>\n<p>Existe aussi la pi\u00e8ce \u00e0 main ProphyPen.<\/p>\n","protected":false},"excerpt":{"rendered":"<p>Prophy-Max d&rsquo;ACTEON est un a\u00e9ropolisseur de prophylaxie.\u00a0Ergonomie exceptionnelle Code couleurs pour un choix optimal et s\u00e9curis\u00e9 de la puissance.Nouvelles pi\u00e8ces \u00e0 main de polissage (ProphyPen) et de d\u00e9tartrage (Suprasson) autoclavables. Le r\u00e9cipient de poudre est plac\u00e9 sur la face externe de l\u2019appareil.4 programmes ultrasons : basse, moyenne, haute et tr\u00e8s haute puissances.Fonction Boost dans chaque [&hellip;]<\/p>\n","protected":false},"featured_media":54796,"comment_status":"open","ping_status":"closed","template":"","meta":[],"product_cat":[1444],"product_tag":[743,1566,1483,1569,515,1452,1453,1484,1468,1567,1778],"class_list":{"0":"post-51576","1":"product","2":"type-product","3":"status-publish","4":"has-post-thumbnail","6":"product_cat-non-classe","7":"product_tag-appareil_aeropolisseur","8":"product_tag-appareils","9":"product_tag-le-cabinet","10":"product_tag-les-appareils","11":"product_tag-marque_acteon","12":"product_tag-omnipratique","13":"product_tag-produits-annexes","14":"product_tag-prophylaxie","15":"product_tag-safe-implant","16":"product_tag-specialite_omnipratique","17":"product_tag-turbine-et-raccord-rapide","19":"first","20":"instock","21":"shipping-taxable","22":"purchasable","23":"product-type-variable"},"_links":{"self":[{"href":"https:\/\/dentafrica.com\/index.php?rest_route=\/wp\/v2\/product\/51576","targetHints":{"allow":["GET"]}}],"collection":[{"href":"https:\/\/dentafrica.com\/index.php?rest_route=\/wp\/v2\/product"}],"about":[{"href":"https:\/\/dentafrica.com\/index.php?rest_route=\/wp\/v2\/types\/product"}],"replies":[{"embeddable":true,"href":"https:\/\/dentafrica.com\/index.php?rest_route=%2Fwp%2Fv2%2Fcomments&post=51576"}],"wp:featuredmedia":[{"embeddable":true,"href":"https:\/\/dentafrica.com\/index.php?rest_route=\/wp\/v2\/media\/54796"}],"wp:attachment":[{"href":"https:\/\/dentafrica.com\/index.php?rest_route=%2Fwp%2Fv2%2Fmedia&parent=51576"}],"wp:term":[{"taxonomy":"product_cat","embeddable":true,"href":"https:\/\/dentafrica.com\/index.php?rest_route=%2Fwp%2Fv2%2Fproduct_cat&post=51576"},{"taxonomy":"product_tag","embeddable":true,"href":"https:\/\/dentafrica.com\/index.php?rest_route=%2Fwp%2Fv2%2Fproduct_tag&post=51576"}],"curies":[{"name":"wp","href":"https:\/\/api.w.org\/{rel}","templated":true}]}}