{"id":51357,"date":"2023-06-26T16:39:29","date_gmt":"2023-06-26T16:39:29","guid":{"rendered":"https:\/\/dentafrica.com\/?product=porte-empreintes-perfores-en-acier-inoxydable-avec-rim-lock"},"modified":"2024-04-25T17:58:42","modified_gmt":"2024-04-25T17:58:42","slug":"porte-empreintes-perfores-en-acier-inoxydable-avec-rim-lock","status":"publish","type":"product","link":"https:\/\/dentafrica.com\/?product=porte-empreintes-perfores-en-acier-inoxydable-avec-rim-lock","title":{"rendered":"Porte-empreintes perfor\u00e9s en acier inoxydable avec rim lock"},"content":{"rendered":"<p>Porte-empreintes perfor\u00e9s en acier inoxydable\u00a0avec rim lock :<\/p>\n<p>&#8211; ant\u00e9rieur gauche <br \/>&#8211; ant\u00e9rieur droit\u00a0<br \/>&#8211; ant\u00e9rieur bas &#8211; petit <br \/>&#8211; ant\u00e9rieur haut &#8211; petit <br \/>&#8211; ant\u00e9rieur bas &#8211; moyen <br \/>&#8211; ant\u00e9rieur haut &#8211; moyen<br \/>&#8211; ant\u00e9rieur bas &#8211; grand <br \/>&#8211; ant\u00e9rieur haut &#8211; grand <\/p>\n","protected":false},"excerpt":{"rendered":"<p>Porte-empreintes perfor\u00e9s en acier inoxydable\u00a0avec rim lock : &#8211; ant\u00e9rieur gauche &#8211; ant\u00e9rieur droit\u00a0&#8211; ant\u00e9rieur bas &#8211; petit &#8211; ant\u00e9rieur haut &#8211; petit &#8211; ant\u00e9rieur bas &#8211; moyen &#8211; ant\u00e9rieur haut &#8211; moyen&#8211; ant\u00e9rieur bas &#8211; grand &#8211; ant\u00e9rieur haut &#8211; grand<\/p>\n","protected":false},"featured_media":54715,"comment_status":"open","ping_status":"closed","template":"","meta":[],"product_cat":[1444],"product_tag":[1542,581,1452,1666,1571,1453,1468,580],"class_list":{"0":"post-51357","1":"product","2":"type-product","3":"status-publish","4":"has-post-thumbnail","6":"product_cat-non-classe","7":"product_tag-marque_safe-implant","8":"product_tag-materiau_acier-inoxydable","9":"product_tag-omnipratique","10":"product_tag-porte-empreintes","11":"product_tag-prise-dempreinte","12":"product_tag-produits-annexes","13":"product_tag-safe-implant","14":"product_tag-type_porte-empreinte-perfore","16":"first","17":"instock","18":"shipping-taxable","19":"purchasable","20":"product-type-variable"},"_links":{"self":[{"href":"https:\/\/dentafrica.com\/index.php?rest_route=\/wp\/v2\/product\/51357","targetHints":{"allow":["GET"]}}],"collection":[{"href":"https:\/\/dentafrica.com\/index.php?rest_route=\/wp\/v2\/product"}],"about":[{"href":"https:\/\/dentafrica.com\/index.php?rest_route=\/wp\/v2\/types\/product"}],"replies":[{"embeddable":true,"href":"https:\/\/dentafrica.com\/index.php?rest_route=%2Fwp%2Fv2%2Fcomments&post=51357"}],"wp:featuredmedia":[{"embeddable":true,"href":"https:\/\/dentafrica.com\/index.php?rest_route=\/wp\/v2\/media\/54715"}],"wp:attachment":[{"href":"https:\/\/dentafrica.com\/index.php?rest_route=%2Fwp%2Fv2%2Fmedia&parent=51357"}],"wp:term":[{"taxonomy":"product_cat","embeddable":true,"href":"https:\/\/dentafrica.com\/index.php?rest_route=%2Fwp%2Fv2%2Fproduct_cat&post=51357"},{"taxonomy":"product_tag","embeddable":true,"href":"https:\/\/dentafrica.com\/index.php?rest_route=%2Fwp%2Fv2%2Fproduct_tag&post=51357"}],"curies":[{"name":"wp","href":"https:\/\/api.w.org\/{rel}","templated":true}]}}