{"id":51209,"date":"2023-06-26T16:38:26","date_gmt":"2023-06-26T16:38:26","guid":{"rendered":"https:\/\/dentafrica.com\/?product=porte-amalgame-45"},"modified":"2024-04-25T17:58:24","modified_gmt":"2024-04-25T17:58:24","slug":"porte-amalgame-45","status":"publish","type":"product","link":"https:\/\/dentafrica.com\/?product=porte-amalgame-45","title":{"rendered":"Porte amalgame 45\u00b0"},"content":{"rendered":"<style type=\"text\/css\"><!--\ntd {border: 1px solid #ccc;}br {mso-data-placement:same-cell;}\n--><\/style>\n<style type=\"text\/css\"><!--\ntd {border: 1px solid #ccc;}br {mso-data-placement:same-cell;}\n--><\/style>\n<style type=\"text\/css\"><!--\ntd {border: 1px solid #ccc;}br {mso-data-placement:same-cell;}\n--><\/style>\n<style type=\"text\/css\"><!--\ntd {border: 1px solid #ccc;}br {mso-data-placement:same-cell;}\n--><\/style>\n<style type=\"text\/css\"><!--\ntd {border: 1px solid #ccc;}br {mso-data-placement:same-cell;}\n--><\/style>\n<p><span data-sheets-userformat='{\"2\":895,\"3\":{\"1\":0},\"4\":[null,2,10878909],\"5\":{\"1\":[{\"1\":2,\"2\":0,\"5\":[null,2,13421772]},{\"1\":0,\"2\":0,\"3\":3},{\"1\":1,\"2\":0,\"4\":1}]},\"6\":{\"1\":[{\"1\":2,\"2\":0,\"5\":[null,2,13421772]},{\"1\":0,\"2\":0,\"3\":3},{\"1\":1,\"2\":0,\"4\":1}]},\"7\":{\"1\":[{\"1\":2,\"2\":0,\"5\":[null,2,13421772]},{\"1\":0,\"2\":0,\"3\":3},{\"1\":1,\"2\":0,\"4\":1}]},\"8\":{\"1\":[{\"1\":2,\"2\":0,\"5\":[null,2,13421772]},{\"1\":0,\"2\":0,\"3\":3},{\"1\":1,\"2\":0,\"4\":1}]},\"9\":0,\"11\":4,\"12\":0}' data-sheets-value='{\"1\":2,\"2\":\"Porte amalgame, angulation 45\u00b0, diam\u00e8tre 2mm. St\u00e9rilisable et d\u00e9sinfectable.\"}'>Porte amalgame, angulation 45\u00b0, diam\u00e8tre 2mm. St\u00e9rilisable et d\u00e9sinfectable.\u00a0\u00a0<\/span><\/p>\n","protected":false},"excerpt":{"rendered":"<p>Porte amalgame, angulation 45\u00b0, diam\u00e8tre 2mm. St\u00e9rilisable et d\u00e9sinfectable.\u00a0\u00a0<\/p>\n","protected":false},"featured_media":54621,"comment_status":"open","ping_status":"closed","template":"","meta":[],"product_cat":[1444],"product_tag":[1626,1848,1628,1495,1476,1452,1453,1557,1468,1512],"class_list":{"0":"post-51209","1":"product","2":"type-product","3":"status-publish","4":"has-post-thumbnail","6":"product_cat-non-classe","7":"product_tag-applicateurs","8":"product_tag-instrument_porte-amalgame","9":"product_tag-instrumentation-restauration","10":"product_tag-instruments","11":"product_tag-marque_sans-marque","12":"product_tag-omnipratique","13":"product_tag-produits-annexes","14":"product_tag-restauration","15":"product_tag-safe-implant","16":"product_tag-specialite_restauration","18":"first","19":"instock","20":"shipping-taxable","21":"purchasable","22":"product-type-simple"},"_links":{"self":[{"href":"https:\/\/dentafrica.com\/index.php?rest_route=\/wp\/v2\/product\/51209","targetHints":{"allow":["GET"]}}],"collection":[{"href":"https:\/\/dentafrica.com\/index.php?rest_route=\/wp\/v2\/product"}],"about":[{"href":"https:\/\/dentafrica.com\/index.php?rest_route=\/wp\/v2\/types\/product"}],"replies":[{"embeddable":true,"href":"https:\/\/dentafrica.com\/index.php?rest_route=%2Fwp%2Fv2%2Fcomments&post=51209"}],"wp:featuredmedia":[{"embeddable":true,"href":"https:\/\/dentafrica.com\/index.php?rest_route=\/wp\/v2\/media\/54621"}],"wp:attachment":[{"href":"https:\/\/dentafrica.com\/index.php?rest_route=%2Fwp%2Fv2%2Fmedia&parent=51209"}],"wp:term":[{"taxonomy":"product_cat","embeddable":true,"href":"https:\/\/dentafrica.com\/index.php?rest_route=%2Fwp%2Fv2%2Fproduct_cat&post=51209"},{"taxonomy":"product_tag","embeddable":true,"href":"https:\/\/dentafrica.com\/index.php?rest_route=%2Fwp%2Fv2%2Fproduct_tag&post=51209"}],"curies":[{"name":"wp","href":"https:\/\/api.w.org\/{rel}","templated":true}]}}