{"id":51184,"date":"2023-06-26T16:38:11","date_gmt":"2023-06-26T16:38:11","guid":{"rendered":"https:\/\/dentafrica.com\/?product=porcelain-etch-gel-de-mordancage-ultradent"},"modified":"2024-04-25T17:58:25","modified_gmt":"2024-04-25T17:58:25","slug":"porcelain-etch-gel-de-mordancage-ultradent","status":"publish","type":"product","link":"https:\/\/dentafrica.com\/?product=porcelain-etch-gel-de-mordancage-ultradent","title":{"rendered":"Porcelain Etch Gel de mordan\u00e7age &#8211; ULTRADENT"},"content":{"rendered":"<p>Gel d&rsquo;acide fluorhydrique \u00e0 9,5% pour le mordan\u00e7age acide des surfaces de c\u00e9ramique.<\/p>\n<p>La bo\u00eete contient\u00a0: 2 seringues de Porcelain Etch de 1,2 ml (1,33 g)<\/p>\n","protected":false},"excerpt":{"rendered":"<p>Gel d&rsquo;acide fluorhydrique \u00e0 9,5% pour le mordan\u00e7age acide des surfaces de c\u00e9ramique. La bo\u00eete contient\u00a0: 2 seringues de Porcelain Etch de 1,2 ml (1,33 g)<\/p>\n","protected":false},"featured_media":54589,"comment_status":"open","ping_status":"closed","template":"","meta":[],"product_cat":[1444],"product_tag":[1577,1451,1722,1559,1453,1456,1512,1723],"class_list":{"0":"post-51184","1":"product","2":"type-product","3":"status-publish","4":"has-post-thumbnail","6":"product_cat-non-classe","7":"product_tag-marque_ultradent","8":"product_tag-materiaux","9":"product_tag-mordancage","10":"product_tag-orthodontie","11":"product_tag-produits-annexes","12":"product_tag-restauration-ciments","13":"product_tag-specialite_restauration","14":"product_tag-type_mordancage","16":"first","17":"instock","18":"shipping-taxable","19":"purchasable","20":"product-type-variable"},"_links":{"self":[{"href":"https:\/\/dentafrica.com\/index.php?rest_route=\/wp\/v2\/product\/51184","targetHints":{"allow":["GET"]}}],"collection":[{"href":"https:\/\/dentafrica.com\/index.php?rest_route=\/wp\/v2\/product"}],"about":[{"href":"https:\/\/dentafrica.com\/index.php?rest_route=\/wp\/v2\/types\/product"}],"replies":[{"embeddable":true,"href":"https:\/\/dentafrica.com\/index.php?rest_route=%2Fwp%2Fv2%2Fcomments&post=51184"}],"wp:featuredmedia":[{"embeddable":true,"href":"https:\/\/dentafrica.com\/index.php?rest_route=\/wp\/v2\/media\/54589"}],"wp:attachment":[{"href":"https:\/\/dentafrica.com\/index.php?rest_route=%2Fwp%2Fv2%2Fmedia&parent=51184"}],"wp:term":[{"taxonomy":"product_cat","embeddable":true,"href":"https:\/\/dentafrica.com\/index.php?rest_route=%2Fwp%2Fv2%2Fproduct_cat&post=51184"},{"taxonomy":"product_tag","embeddable":true,"href":"https:\/\/dentafrica.com\/index.php?rest_route=%2Fwp%2Fv2%2Fproduct_tag&post=51184"}],"curies":[{"name":"wp","href":"https:\/\/api.w.org\/{rel}","templated":true}]}}