{"id":51033,"date":"2023-06-26T16:36:26","date_gmt":"2023-06-26T16:36:26","guid":{"rendered":"https:\/\/dentafrica.com\/?product=pola-luminate-solution-de-blanchiment-sdi"},"modified":"2024-04-25T17:58:03","modified_gmt":"2024-04-25T17:58:03","slug":"pola-luminate-solution-de-blanchiment-sdi","status":"publish","type":"product","link":"https:\/\/dentafrica.com\/?product=pola-luminate-solution-de-blanchiment-sdi","title":{"rendered":"Pola luminate Solution de blanchiment &#8211; SDI"},"content":{"rendered":"<p>Pola luminate de<span data-mce-fragment=\"1\">\u00a0SDI est une s<\/span>olution de blanchiment <strong>avec 6% de peroxyde d&rsquo;hydrog\u00e8ne<\/strong>. Pour le blanchiment des dents d\u00e9color\u00e9es. Application directe sur les dents afin de former un film blanchissant sans avoir besoin de goutti\u00e8re. Appliquer Pola luminate deux fois par jour pendant pendant 14 jours.<\/p>\n","protected":false},"excerpt":{"rendered":"<p>Pola luminate de\u00a0SDI est une solution de blanchiment avec 6% de peroxyde d&rsquo;hydrog\u00e8ne. Pour le blanchiment des dents d\u00e9color\u00e9es. Application directe sur les dents afin de former un film blanchissant sans avoir besoin de goutti\u00e8re. Appliquer Pola luminate deux fois par jour pendant pendant 14 jours.<\/p>\n","protected":false},"featured_media":54394,"comment_status":"open","ping_status":"closed","template":"","meta":[],"product_cat":[1444],"product_tag":[539,1648,1466,1453,1469],"class_list":{"0":"post-51033","1":"product","2":"type-product","3":"status-publish","4":"has-post-thumbnail","6":"product_cat-non-classe","7":"product_tag-blanchiment","8":"product_tag-marque_sdi","9":"product_tag-pharmacie-usage-unique","10":"product_tag-produits-annexes","11":"product_tag-usage-unique","13":"first","14":"instock","15":"shipping-taxable","16":"purchasable","17":"product-type-simple"},"_links":{"self":[{"href":"https:\/\/dentafrica.com\/index.php?rest_route=\/wp\/v2\/product\/51033","targetHints":{"allow":["GET"]}}],"collection":[{"href":"https:\/\/dentafrica.com\/index.php?rest_route=\/wp\/v2\/product"}],"about":[{"href":"https:\/\/dentafrica.com\/index.php?rest_route=\/wp\/v2\/types\/product"}],"replies":[{"embeddable":true,"href":"https:\/\/dentafrica.com\/index.php?rest_route=%2Fwp%2Fv2%2Fcomments&post=51033"}],"wp:featuredmedia":[{"embeddable":true,"href":"https:\/\/dentafrica.com\/index.php?rest_route=\/wp\/v2\/media\/54394"}],"wp:attachment":[{"href":"https:\/\/dentafrica.com\/index.php?rest_route=%2Fwp%2Fv2%2Fmedia&parent=51033"}],"wp:term":[{"taxonomy":"product_cat","embeddable":true,"href":"https:\/\/dentafrica.com\/index.php?rest_route=%2Fwp%2Fv2%2Fproduct_cat&post=51033"},{"taxonomy":"product_tag","embeddable":true,"href":"https:\/\/dentafrica.com\/index.php?rest_route=%2Fwp%2Fv2%2Fproduct_tag&post=51033"}],"curies":[{"name":"wp","href":"https:\/\/api.w.org\/{rel}","templated":true}]}}