{"id":50871,"date":"2023-06-26T16:35:30","date_gmt":"2023-06-26T16:35:30","guid":{"rendered":"https:\/\/dentafrica.com\/?product=pointes-gutta-pd"},"modified":"2024-04-25T17:57:43","modified_gmt":"2024-04-25T17:57:43","slug":"pointes-gutta-pd","status":"publish","type":"product","link":"https:\/\/dentafrica.com\/?product=pointes-gutta-pd","title":{"rendered":"Pointes Gutta &#8211; PD"},"content":{"rendered":"<p><span data-mce-fragment=\"1\">ISO normalis\u00e9es <\/span><\/p>\n<p><span data-mce-fragment=\"1\">Dispositif m\u00e9dical de classe lla. Marquage CE0120. Fabricant : Produits Dentaires SA.<\/span><\/p>\n<p><span data-mce-fragment=\"1\"> Longueur : 29 mm <\/span><\/p>\n<p><span data-mce-fragment=\"1\"><strong>La bo\u00eete de 300 pointes acryliques<\/strong> ( 6 tubes de 50 pointes color\u00e9es) : <br \/>15 Blanc<br \/> 20 Jaune <br \/>25 Rouge <br \/>30 Bleu <br \/>35 Vert <br \/>40 Noir<\/span><\/p>\n","protected":false},"excerpt":{"rendered":"<p>ISO normalis\u00e9es Dispositif m\u00e9dical de classe lla. Marquage CE0120. Fabricant : Produits Dentaires SA. Longueur : 29 mm La bo\u00eete de 300 pointes acryliques ( 6 tubes de 50 pointes color\u00e9es) : 15 Blanc 20 Jaune 25 Rouge 30 Bleu 35 Vert 40 Noir<\/p>\n","protected":false},"featured_media":54356,"comment_status":"open","ping_status":"closed","template":"","meta":[],"product_cat":[1444],"product_tag":[1473,1459,619,1452,535,1453,1468,1460],"class_list":{"0":"post-50871","1":"product","2":"type-product","3":"status-publish","4":"has-post-thumbnail","6":"product_cat-non-classe","7":"product_tag-consommables","8":"product_tag-endodontie","9":"product_tag-marque_pd","10":"product_tag-omnipratique","11":"product_tag-pointes-gutta-percha-et-papier","12":"product_tag-produits-annexes","13":"product_tag-safe-implant","14":"product_tag-specialite_endodontie","16":"first","17":"instock","18":"shipping-taxable","19":"purchasable","20":"product-type-variable"},"_links":{"self":[{"href":"https:\/\/dentafrica.com\/index.php?rest_route=\/wp\/v2\/product\/50871","targetHints":{"allow":["GET"]}}],"collection":[{"href":"https:\/\/dentafrica.com\/index.php?rest_route=\/wp\/v2\/product"}],"about":[{"href":"https:\/\/dentafrica.com\/index.php?rest_route=\/wp\/v2\/types\/product"}],"replies":[{"embeddable":true,"href":"https:\/\/dentafrica.com\/index.php?rest_route=%2Fwp%2Fv2%2Fcomments&post=50871"}],"wp:featuredmedia":[{"embeddable":true,"href":"https:\/\/dentafrica.com\/index.php?rest_route=\/wp\/v2\/media\/54356"}],"wp:attachment":[{"href":"https:\/\/dentafrica.com\/index.php?rest_route=%2Fwp%2Fv2%2Fmedia&parent=50871"}],"wp:term":[{"taxonomy":"product_cat","embeddable":true,"href":"https:\/\/dentafrica.com\/index.php?rest_route=%2Fwp%2Fv2%2Fproduct_cat&post=50871"},{"taxonomy":"product_tag","embeddable":true,"href":"https:\/\/dentafrica.com\/index.php?rest_route=%2Fwp%2Fv2%2Fproduct_tag&post=50871"}],"curies":[{"name":"wp","href":"https:\/\/api.w.org\/{rel}","templated":true}]}}