{"id":50824,"date":"2023-06-26T16:35:12","date_gmt":"2023-06-26T16:35:12","guid":{"rendered":"https:\/\/dentafrica.com\/?product=pointes-de-gutta-percha-mtwo-boite-de-60-dentsply-sirona"},"modified":"2024-04-25T17:57:38","modified_gmt":"2024-04-25T17:57:38","slug":"pointes-de-gutta-percha-mtwo-boite-de-60-dentsply-sirona","status":"publish","type":"product","link":"https:\/\/dentafrica.com\/?product=pointes-de-gutta-percha-mtwo-boite-de-60-dentsply-sirona","title":{"rendered":"Pointes de gutta percha Mtwo (bo\u00eete de 60) &#8211; Dentsply Sirona"},"content":{"rendered":"<p>Pointes de Guttapercha pr\u00e9-calibr\u00e9es, pour convenir \u00e0 la mise en forme des limites Mtwo et assurer une p\u00e9rennit\u00e9 du soin. Guttapercha en phase Alpha, id\u00e9ale pour les techniques d&rsquo;obturation \u00e0 chaud.<\/p>\n<p>Longueur 28 mm<\/p>\n<p>Bo\u00eete de 60.<\/p>\n","protected":false},"excerpt":{"rendered":"<p>Pointes de Guttapercha pr\u00e9-calibr\u00e9es, pour convenir \u00e0 la mise en forme des limites Mtwo et assurer une p\u00e9rennit\u00e9 du soin. Guttapercha en phase Alpha, id\u00e9ale pour les techniques d&rsquo;obturation \u00e0 chaud. Longueur 28 mm Bo\u00eete de 60.<\/p>\n","protected":false},"featured_media":54331,"comment_status":"open","ping_status":"closed","template":"","meta":[],"product_cat":[1444],"product_tag":[1459,1504,502,535,1453,1460],"class_list":{"0":"post-50824","1":"product","2":"type-product","3":"status-publish","4":"has-post-thumbnail","6":"product_cat-non-classe","7":"product_tag-endodontie","8":"product_tag-gutta","9":"product_tag-marque_dentsply-sirona","10":"product_tag-pointes-gutta-percha-et-papier","11":"product_tag-produits-annexes","12":"product_tag-specialite_endodontie","14":"first","15":"instock","16":"shipping-taxable","17":"purchasable","18":"product-type-variable"},"_links":{"self":[{"href":"https:\/\/dentafrica.com\/index.php?rest_route=\/wp\/v2\/product\/50824","targetHints":{"allow":["GET"]}}],"collection":[{"href":"https:\/\/dentafrica.com\/index.php?rest_route=\/wp\/v2\/product"}],"about":[{"href":"https:\/\/dentafrica.com\/index.php?rest_route=\/wp\/v2\/types\/product"}],"replies":[{"embeddable":true,"href":"https:\/\/dentafrica.com\/index.php?rest_route=%2Fwp%2Fv2%2Fcomments&post=50824"}],"wp:featuredmedia":[{"embeddable":true,"href":"https:\/\/dentafrica.com\/index.php?rest_route=\/wp\/v2\/media\/54331"}],"wp:attachment":[{"href":"https:\/\/dentafrica.com\/index.php?rest_route=%2Fwp%2Fv2%2Fmedia&parent=50824"}],"wp:term":[{"taxonomy":"product_cat","embeddable":true,"href":"https:\/\/dentafrica.com\/index.php?rest_route=%2Fwp%2Fv2%2Fproduct_cat&post=50824"},{"taxonomy":"product_tag","embeddable":true,"href":"https:\/\/dentafrica.com\/index.php?rest_route=%2Fwp%2Fv2%2Fproduct_tag&post=50824"}],"curies":[{"name":"wp","href":"https:\/\/api.w.org\/{rel}","templated":true}]}}