{"id":50798,"date":"2023-06-26T16:35:04","date_gmt":"2023-06-26T16:35:04","guid":{"rendered":"https:\/\/dentafrica.com\/?product=pointes-de-gutta-multitaper-kent-dental"},"modified":"2024-04-25T17:57:34","modified_gmt":"2024-04-25T17:57:34","slug":"pointes-de-gutta-multitaper-kent-dental","status":"publish","type":"product","link":"https:\/\/dentafrica.com\/?product=pointes-de-gutta-multitaper-kent-dental","title":{"rendered":"Pointes de Gutta MultiTaper &#8211; Kent Dental"},"content":{"rendered":"<p>Pointes de gutta destin\u00e9es \u00e0 l&rsquo;obturation des canaux radiculaires pr\u00e9par\u00e9s avec les instruments de type Protaper, c&rsquo;est-\u00e0-dire avec une conicit\u00e9 variable.\u00a0<\/p>\n<p><strong>Propri\u00e9t\u00e9s :<\/strong> Parfaitement mall\u00e9ables, s&rsquo;ajustent aux parois du canal. Radio-opaques. Diam\u00e8tre de la pointe conforme aux normes ISO. Les pointes restent fermes mais suffisamment flexibles.<\/p>\n<p>Dispositif m\u00e9dical de classe lla. Marquage CE0120. Fabricant : CFPM\u00a0 \u00a0\u00a0<\/p>\n<p><strong>La bo\u00eetes de 60 pointes :<\/strong><\/p>\n<ul>\n<li>F1(20)<\/li>\n<li>F2(25)<\/li>\n<li>F3(30)<\/li>\n<li>Assorties F1 \u00e0 F3<\/li>\n<li>Assorties F4 \u00e0 F5\u00a0<\/li>\n<\/ul>\n","protected":false},"excerpt":{"rendered":"<p>Pointes de gutta destin\u00e9es \u00e0 l&rsquo;obturation des canaux radiculaires pr\u00e9par\u00e9s avec les instruments de type Protaper, c&rsquo;est-\u00e0-dire avec une conicit\u00e9 variable.\u00a0 Propri\u00e9t\u00e9s : Parfaitement mall\u00e9ables, s&rsquo;ajustent aux parois du canal. Radio-opaques. Diam\u00e8tre de la pointe conforme aux normes ISO. Les pointes restent fermes mais suffisamment flexibles. Dispositif m\u00e9dical de classe lla. Marquage CE0120. Fabricant : [&hellip;]<\/p>\n","protected":false},"featured_media":54309,"comment_status":"open","ping_status":"closed","template":"","meta":[],"product_cat":[1444],"product_tag":[1473,1459,1551,1452,535,1453,1468,1460],"class_list":{"0":"post-50798","1":"product","2":"type-product","3":"status-publish","4":"has-post-thumbnail","6":"product_cat-non-classe","7":"product_tag-consommables","8":"product_tag-endodontie","9":"product_tag-marque_kent-dental","10":"product_tag-omnipratique","11":"product_tag-pointes-gutta-percha-et-papier","12":"product_tag-produits-annexes","13":"product_tag-safe-implant","14":"product_tag-specialite_endodontie","16":"first","17":"instock","18":"shipping-taxable","19":"purchasable","20":"product-type-variable"},"_links":{"self":[{"href":"https:\/\/dentafrica.com\/index.php?rest_route=\/wp\/v2\/product\/50798","targetHints":{"allow":["GET"]}}],"collection":[{"href":"https:\/\/dentafrica.com\/index.php?rest_route=\/wp\/v2\/product"}],"about":[{"href":"https:\/\/dentafrica.com\/index.php?rest_route=\/wp\/v2\/types\/product"}],"replies":[{"embeddable":true,"href":"https:\/\/dentafrica.com\/index.php?rest_route=%2Fwp%2Fv2%2Fcomments&post=50798"}],"wp:featuredmedia":[{"embeddable":true,"href":"https:\/\/dentafrica.com\/index.php?rest_route=\/wp\/v2\/media\/54309"}],"wp:attachment":[{"href":"https:\/\/dentafrica.com\/index.php?rest_route=%2Fwp%2Fv2%2Fmedia&parent=50798"}],"wp:term":[{"taxonomy":"product_cat","embeddable":true,"href":"https:\/\/dentafrica.com\/index.php?rest_route=%2Fwp%2Fv2%2Fproduct_cat&post=50798"},{"taxonomy":"product_tag","embeddable":true,"href":"https:\/\/dentafrica.com\/index.php?rest_route=%2Fwp%2Fv2%2Fproduct_tag&post=50798"}],"curies":[{"name":"wp","href":"https:\/\/api.w.org\/{rel}","templated":true}]}}