{"id":50513,"date":"2023-06-26T16:32:58","date_gmt":"2023-06-26T16:32:58","guid":{"rendered":"https:\/\/dentafrica.com\/?product=pince-halstead-mosquito-courbee-13cm-1x2"},"modified":"2024-04-25T17:57:09","modified_gmt":"2024-04-25T17:57:09","slug":"pince-halstead-mosquito-courbee-13cm-1x2","status":"publish","type":"product","link":"https:\/\/dentafrica.com\/?product=pince-halstead-mosquito-courbee-13cm-1x2","title":{"rendered":"Pince Halstead Mosquito courb\u00e9e 13cm (1&#215;2)"},"content":{"rendered":"<style type=\"text\/css\"><!--\ntd {border: 1px solid #ccc;}br {mso-data-placement:same-cell;}\n--><\/style>\n<style type=\"text\/css\"><!--\ntd {border: 1px solid #ccc;}br {mso-data-placement:same-cell;}\n--><\/style>\n<p><span data-sheets-userformat='{\"2\":895,\"3\":{\"1\":0},\"4\":{\"1\":2,\"2\":10878909},\"5\":{\"1\":[{\"1\":2,\"2\":0,\"5\":{\"1\":2,\"2\":13421772}},{\"1\":0,\"2\":0,\"3\":3},{\"1\":1,\"2\":0,\"4\":1}]},\"6\":{\"1\":[{\"1\":2,\"2\":0,\"5\":{\"1\":2,\"2\":13421772}},{\"1\":0,\"2\":0,\"3\":3},{\"1\":1,\"2\":0,\"4\":1}]},\"7\":{\"1\":[{\"1\":2,\"2\":0,\"5\":{\"1\":2,\"2\":13421772}},{\"1\":0,\"2\":0,\"3\":3},{\"1\":1,\"2\":0,\"4\":1}]},\"8\":{\"1\":[{\"1\":2,\"2\":0,\"5\":{\"1\":2,\"2\":13421772}},{\"1\":0,\"2\":0,\"3\":3},{\"1\":1,\"2\":0,\"4\":1}]},\"9\":0,\"11\":4,\"12\":0}' data-sheets-value='{\"1\":2,\"2\":\"Pinces courb\u00e9es de 13cm de hauteur en acier inoxydable stri\u00e9es transversalement \u00e0 leur extr\u00e9mit\u00e9. rnElle poss\u00e8dent un engrenage avec dents et sont st\u00e9rilisables.\"}'>Pinces courb\u00e9es de 13cm de hauteur en acier inoxydable stri\u00e9es transversalement \u00e0 leur extr\u00e9mit\u00e9. <br \/>Elles poss\u00e8dent un engrenage avec dents et sont st\u00e9rilisables.<\/span><\/p>\n","protected":false},"excerpt":{"rendered":"<p>Pinces courb\u00e9es de 13cm de hauteur en acier inoxydable stri\u00e9es transversalement \u00e0 leur extr\u00e9mit\u00e9. Elles poss\u00e8dent un engrenage avec dents et sont st\u00e9rilisables.<\/p>\n","protected":false},"featured_media":53943,"comment_status":"open","ping_status":"closed","template":"","meta":[],"product_cat":[1444],"product_tag":[1877,1726,1495,1475,1476,1452,1640,1863,1453,1468,1696],"class_list":{"0":"post-50513","1":"product","2":"type-product","3":"status-publish","4":"has-post-thumbnail","6":"product_cat-non-classe","7":"product_tag-instrument_pince","8":"product_tag-instrumentation-chirurgie","9":"product_tag-instruments","10":"product_tag-laboratoire","11":"product_tag-marque_sans-marque","12":"product_tag-omnipratique","13":"product_tag-outillage","14":"product_tag-pinces","15":"product_tag-produits-annexes","16":"product_tag-safe-implant","17":"product_tag-specialite_chirurgie","19":"first","20":"instock","21":"shipping-taxable","22":"purchasable","23":"product-type-simple"},"_links":{"self":[{"href":"https:\/\/dentafrica.com\/index.php?rest_route=\/wp\/v2\/product\/50513","targetHints":{"allow":["GET"]}}],"collection":[{"href":"https:\/\/dentafrica.com\/index.php?rest_route=\/wp\/v2\/product"}],"about":[{"href":"https:\/\/dentafrica.com\/index.php?rest_route=\/wp\/v2\/types\/product"}],"replies":[{"embeddable":true,"href":"https:\/\/dentafrica.com\/index.php?rest_route=%2Fwp%2Fv2%2Fcomments&post=50513"}],"wp:featuredmedia":[{"embeddable":true,"href":"https:\/\/dentafrica.com\/index.php?rest_route=\/wp\/v2\/media\/53943"}],"wp:attachment":[{"href":"https:\/\/dentafrica.com\/index.php?rest_route=%2Fwp%2Fv2%2Fmedia&parent=50513"}],"wp:term":[{"taxonomy":"product_cat","embeddable":true,"href":"https:\/\/dentafrica.com\/index.php?rest_route=%2Fwp%2Fv2%2Fproduct_cat&post=50513"},{"taxonomy":"product_tag","embeddable":true,"href":"https:\/\/dentafrica.com\/index.php?rest_route=%2Fwp%2Fv2%2Fproduct_tag&post=50513"}],"curies":[{"name":"wp","href":"https:\/\/api.w.org\/{rel}","templated":true}]}}