{"id":50257,"date":"2023-06-26T16:30:41","date_gmt":"2023-06-26T16:30:41","guid":{"rendered":"https:\/\/dentafrica.com\/?product=piliers-droits-compatibles-branemark-system-mk-iii-groovy"},"modified":"2024-04-25T17:56:47","modified_gmt":"2024-04-25T17:56:47","slug":"piliers-droits-compatibles-branemark-system-mk-iii-groovy","status":"publish","type":"product","link":"https:\/\/dentafrica.com\/?product=piliers-droits-compatibles-branemark-system-mk-iii-groovy","title":{"rendered":"Piliers droits compatibles Branemark\u2122 System Mk III Groovy\u2122"},"content":{"rendered":"<p>Piliers droits\u00a0en titane,\u00a0g\u00e9n\u00e9riques d\u00e9di\u00e9s \u00e0 la connexion\u00a0hexagonale externe de\u00a0<strong>Nobel Biocare\u2122\u00a0<\/strong>sur les implants\u00a0en diam\u00e8tre<strong><strong><strong><strong><strong>\u00a0<strong>3,50 mm &#8211; NP , 4,30 mm &#8211; RP 2,00 et 5,00 mm &#8211; WP.<\/strong><\/strong><\/strong><\/strong><\/strong><\/strong><\/p>\n<p><strong>Les\u00a0piliers droits\u00a0g\u00e9n\u00e9riques en titane compatibles\u00a0se d\u00e9clinent en 4 versions\u00a0diff\u00e9rentes :<br \/><\/strong><\/p>\n<ul>\n<li>NP &#8211; 1,00 mm de hauteur<\/li>\n<li>RP &#8211;\u00a01,00 mm de hauteur\u00a0<\/li>\n<li>RP &#8211; 3,00 mm de hauteur<\/li>\n<li>WP &#8211;\u00a01,00 mm de hauteur\n<\/li>\n<li>RP &#8211; 2,00 mm de hauteur<\/li>\n<\/ul>\n<h5 data-mce-fragment=\"1\"><strong data-mce-fragment=\"1\">Toutes les marques cit\u00e9es appartiennent \u00e0 leurs propri\u00e9taires respectifs.<br data-mce-fragment=\"1\">The mentionned trademarks are property of their respective owners.<\/strong><\/h5>\n<p><\/p>\n<ul><\/ul>\n","protected":false},"excerpt":{"rendered":"<p>Piliers droits\u00a0en titane,\u00a0g\u00e9n\u00e9riques d\u00e9di\u00e9s \u00e0 la connexion\u00a0hexagonale externe de\u00a0Nobel Biocare\u2122\u00a0sur les implants\u00a0en diam\u00e8tre\u00a03,50 mm &#8211; NP , 4,30 mm &#8211; RP 2,00 et 5,00 mm &#8211; WP. Les\u00a0piliers droits\u00a0g\u00e9n\u00e9riques en titane compatibles\u00a0se d\u00e9clinent en 4 versions\u00a0diff\u00e9rentes : NP &#8211; 1,00 mm de hauteur RP &#8211;\u00a01,00 mm de hauteur\u00a0 RP &#8211; 3,00 mm de hauteur WP [&hellip;]<\/p>\n","protected":false},"featured_media":53379,"comment_status":"open","ping_status":"closed","template":"","meta":[],"product_cat":[1444],"product_tag":[1579,495,1581,1868,1542,1869,1586,496,1582,1468],"class_list":{"0":"post-50257","1":"product","2":"type-product","3":"status-publish","4":"has-post-thumbnail","6":"product_cat-non-classe","7":"product_tag-accastillage","8":"product_tag-compatible_nobel-biocare-branemark-system-mk-iii-groovy-external-hexagone","9":"product_tag-implantologie","10":"product_tag-les-piliers-droits","11":"product_tag-marque_safe-implant","12":"product_tag-modele_piliers-droits","13":"product_tag-nobel-biocare","14":"product_tag-nobel-biocare-branemark-system-mk-iii-mk-iv","15":"product_tag-nos-solutions-generiques","16":"product_tag-safe-implant","18":"first","19":"instock","20":"shipping-taxable","21":"purchasable","22":"product-type-variable"},"_links":{"self":[{"href":"https:\/\/dentafrica.com\/index.php?rest_route=\/wp\/v2\/product\/50257","targetHints":{"allow":["GET"]}}],"collection":[{"href":"https:\/\/dentafrica.com\/index.php?rest_route=\/wp\/v2\/product"}],"about":[{"href":"https:\/\/dentafrica.com\/index.php?rest_route=\/wp\/v2\/types\/product"}],"replies":[{"embeddable":true,"href":"https:\/\/dentafrica.com\/index.php?rest_route=%2Fwp%2Fv2%2Fcomments&post=50257"}],"wp:featuredmedia":[{"embeddable":true,"href":"https:\/\/dentafrica.com\/index.php?rest_route=\/wp\/v2\/media\/53379"}],"wp:attachment":[{"href":"https:\/\/dentafrica.com\/index.php?rest_route=%2Fwp%2Fv2%2Fmedia&parent=50257"}],"wp:term":[{"taxonomy":"product_cat","embeddable":true,"href":"https:\/\/dentafrica.com\/index.php?rest_route=%2Fwp%2Fv2%2Fproduct_cat&post=50257"},{"taxonomy":"product_tag","embeddable":true,"href":"https:\/\/dentafrica.com\/index.php?rest_route=%2Fwp%2Fv2%2Fproduct_tag&post=50257"}],"curies":[{"name":"wp","href":"https:\/\/api.w.org\/{rel}","templated":true}]}}