{"id":49982,"date":"2023-06-26T16:28:56","date_gmt":"2023-06-26T16:28:56","guid":{"rendered":"https:\/\/dentafrica.com\/?product=pilier-droit-taillable-fin"},"modified":"2024-04-25T17:56:11","modified_gmt":"2024-04-25T17:56:11","slug":"pilier-droit-taillable-fin","status":"publish","type":"product","link":"https:\/\/dentafrica.com\/?product=pilier-droit-taillable-fin","title":{"rendered":"Pilier droit taillable fin"},"content":{"rendered":"<p><span data-mce-fragment=\"1\">Pilier droit en titane taillable, pour vos cas de proth\u00e8ses scell\u00e9es.<\/span><br data-mce-fragment=\"1\"><span data-mce-fragment=\"1\">Morphologie fine.<\/span><br data-mce-fragment=\"1\"><br data-mce-fragment=\"1\"><strong data-mce-fragment=\"1\">Hauteur : 9,00 mm<br data-mce-fragment=\"1\"><\/strong><strong data-mce-fragment=\"1\">Pour les implants de 3,30 mm \u00e0 4 ,20 mm de diam\u00e8tre\u00a0<\/strong><\/p>\n","protected":false},"excerpt":{"rendered":"<p>Pilier droit en titane taillable, pour vos cas de proth\u00e8ses scell\u00e9es.Morphologie fine.Hauteur : 9,00 mmPour les implants de 3,30 mm \u00e0 4 ,20 mm de diam\u00e8tre\u00a0<\/p>\n","protected":false},"featured_media":52842,"comment_status":"open","ping_status":"closed","template":"","meta":[],"product_cat":[1444],"product_tag":[1579,1617,1614,1589,1618,1590,1591,1601,1592,1619,1593,1868,1615,1542,1595,1869,1582,1598,1616,1583,1602],"class_list":{"0":"post-49982","1":"product","2":"type-product","3":"status-publish","4":"has-post-thumbnail","6":"product_cat-non-classe","7":"product_tag-accastillage","8":"product_tag-alpha-bio-tec-atid","9":"product_tag-biocom","10":"product_tag-compatible_ab-adin-swell-touareg-cortex-easy-implant","11":"product_tag-compatible_alpha-bio-tec-screw-type-spi-dfi-conical","12":"product_tag-compatible_mis-lance-biocom-m4-seven","13":"product_tag-compatible_tav-dental-sirius-silhouette","14":"product_tag-compatible_zimmer-biomet-tapered-screw-vent","15":"product_tag-connexion_hexagone-interne","16":"product_tag-dfi-et-spi","17":"product_tag-hexagone-interne","18":"product_tag-les-piliers-droits","19":"product_tag-m4","20":"product_tag-marque_safe-implant","21":"product_tag-mis","22":"product_tag-modele_piliers-droits","23":"product_tag-nos-solutions-generiques","24":"product_tag-nos-suprastructures","25":"product_tag-seven","26":"product_tag-zimmer-biomet","27":"product_tag-zimmer-biomet-tapered-screw-vent","29":"first","30":"instock","31":"shipping-taxable","32":"purchasable","33":"product-type-simple"},"_links":{"self":[{"href":"https:\/\/dentafrica.com\/index.php?rest_route=\/wp\/v2\/product\/49982","targetHints":{"allow":["GET"]}}],"collection":[{"href":"https:\/\/dentafrica.com\/index.php?rest_route=\/wp\/v2\/product"}],"about":[{"href":"https:\/\/dentafrica.com\/index.php?rest_route=\/wp\/v2\/types\/product"}],"replies":[{"embeddable":true,"href":"https:\/\/dentafrica.com\/index.php?rest_route=%2Fwp%2Fv2%2Fcomments&post=49982"}],"wp:featuredmedia":[{"embeddable":true,"href":"https:\/\/dentafrica.com\/index.php?rest_route=\/wp\/v2\/media\/52842"}],"wp:attachment":[{"href":"https:\/\/dentafrica.com\/index.php?rest_route=%2Fwp%2Fv2%2Fmedia&parent=49982"}],"wp:term":[{"taxonomy":"product_cat","embeddable":true,"href":"https:\/\/dentafrica.com\/index.php?rest_route=%2Fwp%2Fv2%2Fproduct_cat&post=49982"},{"taxonomy":"product_tag","embeddable":true,"href":"https:\/\/dentafrica.com\/index.php?rest_route=%2Fwp%2Fv2%2Fproduct_tag&post=49982"}],"curies":[{"name":"wp","href":"https:\/\/api.w.org\/{rel}","templated":true}]}}