{"id":49925,"date":"2023-06-26T16:28:21","date_gmt":"2023-06-26T16:28:21","guid":{"rendered":"https:\/\/dentafrica.com\/?product=piezotome-cube-moteur-de-chirurgie-acteon"},"modified":"2024-04-25T17:56:04","modified_gmt":"2024-04-25T17:56:04","slug":"piezotome-cube-moteur-de-chirurgie-acteon","status":"publish","type":"product","link":"https:\/\/dentafrica.com\/?product=piezotome-cube-moteur-de-chirurgie-acteon","title":{"rendered":"Piezotome Cube Moteur de chirurgie &#8211; ACTEON"},"content":{"rendered":"<p><strong>Piezotome Cube d&rsquo;ACTEON est un moteur d&rsquo;expertise pour une chirurgie osseuse de qualit\u00e9.<\/strong><\/p>\n<p>Piezotome est devenu la r\u00e9f\u00e9rence mondialement reconnue dans la r\u00e9alisation d&rsquo;interventions d\u00e9licates en chirurgie osseuse.<br \/>Associ\u00e9es \u00e0 l&rsquo;expertise clinique du praticien, les performances in\u00e9gal\u00e9es du Piezotome Cube ouvre la voie \u00e0 des interventions chirurgicales atraumatiques alliant pr\u00e9cision et rapidit\u00e9.<br \/>La chirurgie au moyen du Piezotome surclasse les instruments traditionnels et offre une bien meilleure cicatrisation tout en r\u00e9duisant de fa\u00e7on significative \u0153d\u00e8mes, douleurs et complications post-op\u00e9ratoires.<br \/>Piezotome Cube est le parfait compromis pour assurer le bien-\u00eatre de vos patients.<br \/>Naturellement intuitif gr\u00e2ce au D.P.S.I : Dynamic Power System Inside, puissance adapt\u00e9e de fa\u00e7on intuitive pour une efficacit\u00e9 et une s\u00e9curit\u00e9 maximales.<\/p>\n<p><strong>Avantages :<\/strong><\/p>\n<ul>\n<li>Alternance entre les fr\u00e9quences (haute et basse intensit\u00e9) permettant de pr\u00e9server les tissus mous et une meilleure r\u00e9g\u00e9n\u00e9ration cellulaire.<\/li>\n<li>Ajustement automatique de la fr\u00e9quence en fonction de la forme de l\u2019insert.<\/li>\n<li>R\u00e9gulation automatique de la puissance en fonction de la r\u00e9sistance rencontr\u00e9e.<\/li>\n<li>D\u00e9bit d\u2019irrigation constant.<\/li>\n<li>Cavitation : micro-bulles lib\u00e9rant de l\u2019oxyg\u00e8ne et r\u00e9duisant les saignements (effet h\u00e9mostatique).<\/li>\n<li>Coupe fine et r\u00e9guli\u00e8re sur tout type d\u2019os.<\/li>\n<\/ul>\n<p><strong>Caract\u00e9ristiques :<\/strong><\/p>\n<ul>\n<li>Longueur 251 x Hauteur 160 x Profondeur 271 mm.<\/li>\n<li>Poids : 3500 g.<\/li>\n<li>P\u00e9dale : Dimensions = Longueur 173 x Hauteur x Hauteur 140 x Profondeur 176 mm \/ Poids 1000g.<\/li>\n<li>Pi\u00e8ce \u00e0 main plus puissante (6 pastilles de c\u00e9ramiques), l\u00e9g\u00e8re et ergonomique, anneau LED blanc.<\/li>\n<li>Garantie 24 mois<\/li>\n<\/ul>\n<p><strong>Vendu avec :\u00a01 pi\u00e8ce \u00e0 main CUBE LED + 1 kit \u00ab\u00a0Essentiel\u00a0\u00bb (BS1S, BS4, SL1, SL2, SL3, LC2) + 1 cl\u00e9 dynamom\u00e9trique + 1 p\u00e9dale multifonctions + 1 potence + 1 support de pi\u00e8ce \u00e0 main + 2 lignes d&rsquo;irrigation autoclavables + 5 clips d&rsquo;irrigation autoclavables + 15 perforateurs st\u00e9riles<\/strong><\/p>\n","protected":false},"excerpt":{"rendered":"<p>Piezotome Cube d&rsquo;ACTEON est un moteur d&rsquo;expertise pour une chirurgie osseuse de qualit\u00e9. Piezotome est devenu la r\u00e9f\u00e9rence mondialement reconnue dans la r\u00e9alisation d&rsquo;interventions d\u00e9licates en chirurgie osseuse.Associ\u00e9es \u00e0 l&rsquo;expertise clinique du praticien, les performances in\u00e9gal\u00e9es du Piezotome Cube ouvre la voie \u00e0 des interventions chirurgicales atraumatiques alliant pr\u00e9cision et rapidit\u00e9.La chirurgie au moyen du [&hellip;]<\/p>\n","protected":false},"featured_media":52733,"comment_status":"open","ping_status":"closed","template":"","meta":[],"product_cat":[1444],"product_tag":[760,761,1566,1695,1780,762,1581,1483,1569,515,1452,1543,1696,1727],"class_list":{"0":"post-49925","1":"product","2":"type-product","3":"status-publish","4":"has-post-thumbnail","6":"product_cat-non-classe","7":"product_tag-appareil_chirurgie","8":"product_tag-appareil_moteur-implantologie","9":"product_tag-appareils","10":"product_tag-chirurgie","11":"product_tag-chirurgie-implanto","12":"product_tag-compatible_piezotome","13":"product_tag-implantologie","14":"product_tag-le-cabinet","15":"product_tag-les-appareils","16":"product_tag-marque_acteon","17":"product_tag-omnipratique","18":"product_tag-outils-implantologie","19":"product_tag-specialite_chirurgie","20":"product_tag-specialite_implantologie","22":"first","23":"instock","24":"shipping-taxable","25":"purchasable","26":"product-type-simple"},"_links":{"self":[{"href":"https:\/\/dentafrica.com\/index.php?rest_route=\/wp\/v2\/product\/49925","targetHints":{"allow":["GET"]}}],"collection":[{"href":"https:\/\/dentafrica.com\/index.php?rest_route=\/wp\/v2\/product"}],"about":[{"href":"https:\/\/dentafrica.com\/index.php?rest_route=\/wp\/v2\/types\/product"}],"replies":[{"embeddable":true,"href":"https:\/\/dentafrica.com\/index.php?rest_route=%2Fwp%2Fv2%2Fcomments&post=49925"}],"wp:featuredmedia":[{"embeddable":true,"href":"https:\/\/dentafrica.com\/index.php?rest_route=\/wp\/v2\/media\/52733"}],"wp:attachment":[{"href":"https:\/\/dentafrica.com\/index.php?rest_route=%2Fwp%2Fv2%2Fmedia&parent=49925"}],"wp:term":[{"taxonomy":"product_cat","embeddable":true,"href":"https:\/\/dentafrica.com\/index.php?rest_route=%2Fwp%2Fv2%2Fproduct_cat&post=49925"},{"taxonomy":"product_tag","embeddable":true,"href":"https:\/\/dentafrica.com\/index.php?rest_route=%2Fwp%2Fv2%2Fproduct_tag&post=49925"}],"curies":[{"name":"wp","href":"https:\/\/api.w.org\/{rel}","templated":true}]}}