{"id":49786,"date":"2023-06-26T16:27:08","date_gmt":"2023-06-26T16:27:08","guid":{"rendered":"https:\/\/dentafrica.com\/?product=papiers-docclusion-fins-et-epais"},"modified":"2024-04-25T17:55:51","modified_gmt":"2024-04-25T17:55:51","slug":"papiers-docclusion-fins-et-epais","status":"publish","type":"product","link":"https:\/\/dentafrica.com\/?product=papiers-docclusion-fins-et-epais","title":{"rendered":"Papiers d&rsquo;occlusion fins et \u00e9pais"},"content":{"rendered":"<p>Bo\u00eete de papier \u00e0 articuler :\u00a0<\/p>\n<p>Rouge fin :\u00a010 carnets de 40 pages 100*21mm, 30\u00b5m d&rsquo;\u00e9paisseur\u00a0<\/p>\n<p>Bleu \u00e9pais :\u00a010 carnets de 20 pages 100*21mm, 100\u00b5m \u00e9paisseur<\/p>\n<p>Double face bleu \/ rouge \u00e9pais :\u00a012 carnets de 12 pages 105*21mm,100\u00b5m d&rsquo;\u00e9paisseur<\/p>\n<style type=\"text\/css\"><!--\ntd {border: 1px solid #ccc;}br {mso-data-placement:same-cell;}\n--><\/style>\n<style type=\"text\/css\"><!--\ntd {border: 1px solid #ccc;}br {mso-data-placement:same-cell;}\n--><\/style>\n<style type=\"text\/css\"><!--\ntd {border: 1px solid #ccc;}br {mso-data-placement:same-cell;}\n--><\/style>\n","protected":false},"excerpt":{"rendered":"<p>Bo\u00eete de papier \u00e0 articuler :\u00a0 Rouge fin :\u00a010 carnets de 40 pages 100*21mm, 30\u00b5m d&rsquo;\u00e9paisseur\u00a0 Bleu \u00e9pais :\u00a010 carnets de 20 pages 100*21mm, 100\u00b5m \u00e9paisseur Double face bleu \/ rouge \u00e9pais :\u00a012 carnets de 12 pages 105*21mm,100\u00b5m d&rsquo;\u00e9paisseur<\/p>\n","protected":false},"featured_media":52482,"comment_status":"open","ping_status":"closed","template":"","meta":[],"product_cat":[1444],"product_tag":[1509,1637,1475,1476,585,1452,1640,1641,1477,1571,1453,1468,1512,1642],"class_list":{"0":"post-49786","1":"product","2":"type-product","3":"status-publish","4":"has-post-thumbnail","6":"product_cat-non-classe","7":"product_tag-accessoires-restauration","8":"product_tag-fournitures-laboratoire","9":"product_tag-laboratoire","10":"product_tag-marque_sans-marque","11":"product_tag-occlusion_papier","12":"product_tag-omnipratique","13":"product_tag-outillage","14":"product_tag-papier-docclusion","15":"product_tag-petits-consommables","16":"product_tag-prise-dempreinte","17":"product_tag-produits-annexes","18":"product_tag-safe-implant","19":"product_tag-specialite_restauration","20":"product_tag-type_occlusion","22":"first","23":"instock","24":"shipping-taxable","25":"purchasable","26":"product-type-variable"},"_links":{"self":[{"href":"https:\/\/dentafrica.com\/index.php?rest_route=\/wp\/v2\/product\/49786","targetHints":{"allow":["GET"]}}],"collection":[{"href":"https:\/\/dentafrica.com\/index.php?rest_route=\/wp\/v2\/product"}],"about":[{"href":"https:\/\/dentafrica.com\/index.php?rest_route=\/wp\/v2\/types\/product"}],"replies":[{"embeddable":true,"href":"https:\/\/dentafrica.com\/index.php?rest_route=%2Fwp%2Fv2%2Fcomments&post=49786"}],"wp:featuredmedia":[{"embeddable":true,"href":"https:\/\/dentafrica.com\/index.php?rest_route=\/wp\/v2\/media\/52482"}],"wp:attachment":[{"href":"https:\/\/dentafrica.com\/index.php?rest_route=%2Fwp%2Fv2%2Fmedia&parent=49786"}],"wp:term":[{"taxonomy":"product_cat","embeddable":true,"href":"https:\/\/dentafrica.com\/index.php?rest_route=%2Fwp%2Fv2%2Fproduct_cat&post=49786"},{"taxonomy":"product_tag","embeddable":true,"href":"https:\/\/dentafrica.com\/index.php?rest_route=%2Fwp%2Fv2%2Fproduct_tag&post=49786"}],"curies":[{"name":"wp","href":"https:\/\/api.w.org\/{rel}","templated":true}]}}