{"id":49590,"date":"2023-06-26T16:26:07","date_gmt":"2023-06-26T16:26:07","guid":{"rendered":"https:\/\/dentafrica.com\/?product=pack-de-6-limes-protaper-universal-retraitement-de-dentsply-sirona"},"modified":"2024-04-25T17:55:28","modified_gmt":"2024-04-25T17:55:28","slug":"pack-de-6-limes-protaper-universal-retraitement-de-dentsply-sirona","status":"publish","type":"product","link":"https:\/\/dentafrica.com\/?product=pack-de-6-limes-protaper-universal-retraitement-de-dentsply-sirona","title":{"rendered":"Pack de 6 limes ProTaper Universal Retraitement de Dentsply Sirona"},"content":{"rendered":"<p>Des limes sp\u00e9cifiquement \u00e9tudi\u00e9es pour la reprise de traitement afin de retirer le mat\u00e9riau d&rsquo;obturation pr\u00e9alablement \u00e0 une nouvelle mise en forme du canal.<\/p>\n<h3>D1 + D2 + D3 : d\u00e9sobturez en toute tranquillit\u00e9 gr\u00e2ce \u00e0 une instrumentation<\/h3>\n<p><strong>Sp\u00e9cifiquement adapt\u00e9 pour la d\u00e9sobturation<\/strong><\/p>\n<ul>\n<li>Une pointe active sur la lime D1 pour favoriser la p\u00e9n\u00e9tration initiale<\/li>\n<li>3 longueurs et 3 conicit\u00e9s progressives adapt\u00e9es \u00e0 chacun des tiers canalaires<\/li>\n<\/ul>\n<p><strong>Une s\u00e9quence facile \u00e0 m\u00e9moriser<\/strong><\/p>\n<ul>\n<li>de la lime la plus courte \u00e0 plus longue : D1 &#8211; D2 &#8211; D3<\/li>\n<\/ul>\n<p><strong>Reconnaissable instantan\u00e9ment\u00a0<\/strong><\/p>\n<ul>\n<li>manches gris fonc\u00e9s de 11 mm seulement pour une meilleure visibilit\u00e9<\/li>\n<li>une, deux ou trois coches de couleur blanche suivant l&rsquo;instrument s\u00e9lectionn\u00e9\u00a0<\/li>\n<\/ul>\n<p>\u00a0<\/p>\n<p>\u00a0S\u00e9quenceur retraitement disponible en 2 couleurs : jaune ou noir.<\/p>\n","protected":false},"excerpt":{"rendered":"<p>Des limes sp\u00e9cifiquement \u00e9tudi\u00e9es pour la reprise de traitement afin de retirer le mat\u00e9riau d&rsquo;obturation pr\u00e9alablement \u00e0 une nouvelle mise en forme du canal. D1 + D2 + D3 : d\u00e9sobturez en toute tranquillit\u00e9 gr\u00e2ce \u00e0 une instrumentation Sp\u00e9cifiquement adapt\u00e9 pour la d\u00e9sobturation Une pointe active sur la lime D1 pour favoriser la p\u00e9n\u00e9tration initiale [&hellip;]<\/p>\n","protected":false},"featured_media":52321,"comment_status":"open","ping_status":"closed","template":"","meta":[],"product_cat":[1444],"product_tag":[1459,1490,594,705,502,1452,536,1453,1460],"class_list":{"0":"post-49590","1":"product","2":"type-product","3":"status-publish","4":"has-post-thumbnail","6":"product_cat-non-classe","7":"product_tag-endodontie","8":"product_tag-lime","9":"product_tag-longueur-de-lime_25mm","10":"product_tag-longueur-de-lime_31mm","11":"product_tag-marque_dentsply-sirona","12":"product_tag-omnipratique","13":"product_tag-outil-dendodontie_lime-type-protaper","14":"product_tag-produits-annexes","15":"product_tag-specialite_endodontie","17":"first","18":"instock","19":"shipping-taxable","20":"purchasable","21":"product-type-variable"},"_links":{"self":[{"href":"https:\/\/dentafrica.com\/index.php?rest_route=\/wp\/v2\/product\/49590","targetHints":{"allow":["GET"]}}],"collection":[{"href":"https:\/\/dentafrica.com\/index.php?rest_route=\/wp\/v2\/product"}],"about":[{"href":"https:\/\/dentafrica.com\/index.php?rest_route=\/wp\/v2\/types\/product"}],"replies":[{"embeddable":true,"href":"https:\/\/dentafrica.com\/index.php?rest_route=%2Fwp%2Fv2%2Fcomments&post=49590"}],"wp:featuredmedia":[{"embeddable":true,"href":"https:\/\/dentafrica.com\/index.php?rest_route=\/wp\/v2\/media\/52321"}],"wp:attachment":[{"href":"https:\/\/dentafrica.com\/index.php?rest_route=%2Fwp%2Fv2%2Fmedia&parent=49590"}],"wp:term":[{"taxonomy":"product_cat","embeddable":true,"href":"https:\/\/dentafrica.com\/index.php?rest_route=%2Fwp%2Fv2%2Fproduct_cat&post=49590"},{"taxonomy":"product_tag","embeddable":true,"href":"https:\/\/dentafrica.com\/index.php?rest_route=%2Fwp%2Fv2%2Fproduct_tag&post=49590"}],"curies":[{"name":"wp","href":"https:\/\/api.w.org\/{rel}","templated":true}]}}