{"id":49295,"date":"2023-06-26T16:24:40","date_gmt":"2023-06-26T16:24:40","guid":{"rendered":"https:\/\/dentafrica.com\/?product=p-one-pd"},"modified":"2024-04-25T17:54:55","modified_gmt":"2024-04-25T17:54:55","slug":"p-one-pd","status":"publish","type":"product","link":"https:\/\/dentafrica.com\/?product=p-one-pd","title":{"rendered":"P-One &#8211; PD"},"content":{"rendered":"<p><span data-mce-fragment=\"1\">Le P-One est un distributeur de coton innovant pour tous les cabinets qui utilisent des boulettes de coton durant les interventions dentaires. Ce distributeur unique en son genre est dot\u00e9 d\u2019un syst\u00e8me d\u2019ouverture automatique qui pousse facilement les boulettes de coton vers le haut. Con\u00e7u avec deux grilles diff\u00e9rentes pour faciliter la prise des boulettes de coton de la taille d\u00e9sir\u00e9e, une boulette \u00e0 la fois. Les boulettes de coton de PD de tailles 1 et 2 sont plac\u00e9s sur la grande grille, et les boulettes de coton de tailles 3 \u00e0 5 sont plac\u00e9es sur la petite grille. Le support lui-m\u00eame est blanc, et comporte une ouverture coulissante qui retient le coton en place. Le corps du distributeur de coton P-One est dot\u00e9 d\u2019un fond antid\u00e9rapant en acier inoxydable pour une meilleure pr\u00e9hension sur les plans de travail des unit\u00e9s dentaires. Le distributeur de coton P-One offre un environnement plus s\u00fbr et plus propre pour l\u2019assistante dentaire et le patient.<\/span><\/p>\n<p><strong>Propri\u00e9t\u00e9s : <\/strong><\/p>\n<ul>\n<li>Prise de boulettes de coton simplifi\u00e9e<\/li>\n<li>Facile \u00e0 assembler<\/li>\n<li>Design innovant<\/li>\n<li>Syst\u00e8me d\u2019expulsion par gravit\u00e9<\/li>\n<li>Mat\u00e9riaux \u00e0 haute r\u00e9sistance chimique<\/li>\n<li>Simple \u00e0 utiliser et facile \u00e0 d\u00e9sinfecter<\/li>\n<li>Distribue des boulettes de coton de taille 1 \u00e0 5<\/li>\n<li>Grille de taille interchangeable<\/li>\n<\/ul>\n<p><span data-mce-fragment=\"1\">Bo\u00eete comprenant 1 distributeur, 1 grande grille et 1 petite grille.<\/span><\/p>\n<p><span data-mce-fragment=\"1\">Dispositif m\u00e9dical de classe I Fabricant : Produits dentaires SA.<\/span><\/p>\n<ul>\n<li><span data-mce-fragment=\"1\"> Le lot comprend<strong> :<\/strong> Le distributeur + 3 recharges de boulettes N\u00b02 <\/span><\/li>\n<li><span data-mce-fragment=\"1\">Le lot comprend<strong> :<\/strong> Le distributeur + 3 recharges de boulettes N\u00b03 <\/span><\/li>\n<li>Le distributeur seul<\/li>\n<\/ul>\n<p><strong>Boulettes de coton PD : <\/strong><\/p>\n<ul>\n<li><span data-mce-fragment=\"1\">Les 6 recharges N\u00b03- \u00d8 3.9 mm\u00a0<\/span><\/li>\n<li><span data-mce-fragment=\"1\"> Les 6 recharges N\u00b02- \u00d8 5.5 mm<\/span><\/li>\n<\/ul>\n","protected":false},"excerpt":{"rendered":"<p>Le P-One est un distributeur de coton innovant pour tous les cabinets qui utilisent des boulettes de coton durant les interventions dentaires. Ce distributeur unique en son genre est dot\u00e9 d\u2019un syst\u00e8me d\u2019ouverture automatique qui pousse facilement les boulettes de coton vers le haut. Con\u00e7u avec deux grilles diff\u00e9rentes pour faciliter la prise des boulettes [&hellip;]<\/p>\n","protected":false},"featured_media":52087,"comment_status":"open","ping_status":"closed","template":"","meta":[],"product_cat":[1444],"product_tag":[1472,1803,1474,619,1452,1468,1804],"class_list":{"0":"post-49295","1":"product","2":"type-product","3":"status-publish","4":"has-post-thumbnail","6":"product_cat-non-classe","7":"product_tag-cabinet","8":"product_tag-distributeurs","9":"product_tag-hygiene-et-entretien","10":"product_tag-marque_pd","11":"product_tag-omnipratique","12":"product_tag-safe-implant","13":"product_tag-type_distributeurs","15":"first","16":"instock","17":"shipping-taxable","18":"purchasable","19":"product-type-variable"},"_links":{"self":[{"href":"https:\/\/dentafrica.com\/index.php?rest_route=\/wp\/v2\/product\/49295","targetHints":{"allow":["GET"]}}],"collection":[{"href":"https:\/\/dentafrica.com\/index.php?rest_route=\/wp\/v2\/product"}],"about":[{"href":"https:\/\/dentafrica.com\/index.php?rest_route=\/wp\/v2\/types\/product"}],"replies":[{"embeddable":true,"href":"https:\/\/dentafrica.com\/index.php?rest_route=%2Fwp%2Fv2%2Fcomments&post=49295"}],"wp:featuredmedia":[{"embeddable":true,"href":"https:\/\/dentafrica.com\/index.php?rest_route=\/wp\/v2\/media\/52087"}],"wp:attachment":[{"href":"https:\/\/dentafrica.com\/index.php?rest_route=%2Fwp%2Fv2%2Fmedia&parent=49295"}],"wp:term":[{"taxonomy":"product_cat","embeddable":true,"href":"https:\/\/dentafrica.com\/index.php?rest_route=%2Fwp%2Fv2%2Fproduct_cat&post=49295"},{"taxonomy":"product_tag","embeddable":true,"href":"https:\/\/dentafrica.com\/index.php?rest_route=%2Fwp%2Fv2%2Fproduct_tag&post=49295"}],"curies":[{"name":"wp","href":"https:\/\/api.w.org\/{rel}","templated":true}]}}