{"id":49244,"date":"2023-06-26T16:24:14","date_gmt":"2023-06-26T16:24:14","guid":{"rendered":"https:\/\/dentafrica.com\/?product=optosil-comfort-putty-silicone-par-condensation-kulzer"},"modified":"2024-04-25T17:54:49","modified_gmt":"2024-04-25T17:54:49","slug":"optosil-comfort-putty-silicone-par-condensation-kulzer","status":"publish","type":"product","link":"https:\/\/dentafrica.com\/?product=optosil-comfort-putty-silicone-par-condensation-kulzer","title":{"rendered":"Optosil Comfort Putty Silicone par condensation &#8211; KULZER"},"content":{"rendered":"<p>Silicone r\u00e9ticulant par condensation (\u00ab\u00a0C-Silicone\u00a0\u00bb) aux propri\u00e9t\u00e9s innovantes : polym\u00e9risation en \u00ab\u00a0snap set\u00a0\u00bb.<br data-mce-fragment=\"1\"><br data-mce-fragment=\"1\"><strong>Indications :<\/strong><br data-mce-fragment=\"1\">&#8211; Wash technique ou empreinte rebas\u00e9e = empreinte primaire.<br data-mce-fragment=\"1\">&#8211; Double m\u00e9lange.<br data-mce-fragment=\"1\">&#8211; Prise d&#8217;empreinte fonctionnelle du joint p\u00e9riph\u00e9rique.<br data-mce-fragment=\"1\">&#8211; Mordus.<br data-mce-fragment=\"1\"><br data-mce-fragment=\"1\"><strong>Propri\u00e9t\u00e9s :<\/strong><br data-mce-fragment=\"1\">&#8211; Absence de pr\u00e9-polym\u00e9risation pendant les temps de m\u00e9lange et de travail.<br data-mce-fragment=\"1\">&#8211; Allongement du temps de travail.<br data-mce-fragment=\"1\">&#8211; Acc\u00e9l\u00e9ration de la prise en bouche : confort du patient et du praticien.<br data-mce-fragment=\"1\">&#8211; Charges sph\u00e9riques : malaxage plus facile, am\u00e9lioration de l&rsquo;homog\u00e9n\u00e9it\u00e9 du m\u00e9lange.<br data-mce-fragment=\"1\">&#8211; Formulation am\u00e9lior\u00e9e : placement en bouche plus rapide et plus s\u00fbr.<br data-mce-fragment=\"1\">&#8211; Toutes les autres propri\u00e9t\u00e9s de l&rsquo;Optosil demeurent inchang\u00e9es.<br data-mce-fragment=\"1\"><br data-mce-fragment=\"1\"><strong>Caract\u00e9ristiques :<\/strong><br data-mce-fragment=\"1\">&#8211; Compatible avec le latex.<br data-mce-fragment=\"1\">&#8211; Consistance mall\u00e9able (\u00ab\u00a0Putty\u00a0\u00bb).<br data-mce-fragment=\"1\">&#8211; Temps de m\u00e9lange : 45 s.<br data-mce-fragment=\"1\">&#8211; Temps total de manipulation : 1 min 25 s.<br data-mce-fragment=\"1\">&#8211; Temps minimum en bouche : 4 min.<br data-mce-fragment=\"1\">&#8211; Temps de prise total : 5 min 25 s.<\/p>\n<p>Pot de 900 ml<\/p>\n","protected":false},"excerpt":{"rendered":"<p>Silicone r\u00e9ticulant par condensation (\u00ab\u00a0C-Silicone\u00a0\u00bb) aux propri\u00e9t\u00e9s innovantes : polym\u00e9risation en \u00ab\u00a0snap set\u00a0\u00bb.Indications :&#8211; Wash technique ou empreinte rebas\u00e9e = empreinte primaire.&#8211; Double m\u00e9lange.&#8211; Prise d&#8217;empreinte fonctionnelle du joint p\u00e9riph\u00e9rique.&#8211; Mordus.Propri\u00e9t\u00e9s :&#8211; Absence de pr\u00e9-polym\u00e9risation pendant les temps de m\u00e9lange et de travail.&#8211; Allongement du temps de travail.&#8211; Acc\u00e9l\u00e9ration de la prise en bouche : [&hellip;]<\/p>\n","protected":false},"featured_media":52038,"comment_status":"open","ping_status":"closed","template":"","meta":[],"product_cat":[1444],"product_tag":[646,1571,1634,1635,1468,1636,1573],"class_list":{"0":"post-49244","1":"product","2":"type-product","3":"status-publish","4":"has-post-thumbnail","6":"product_cat-non-classe","7":"product_tag-marque_kulzer","8":"product_tag-prise-dempreinte","9":"product_tag-prise-dempreinte_double-melange","10":"product_tag-prise-dempreinte_wash-technic","11":"product_tag-safe-implant","12":"product_tag-silicones-puttys","13":"product_tag-temps-de-prise_normal","15":"first","16":"instock","17":"shipping-taxable","18":"purchasable","19":"product-type-simple"},"_links":{"self":[{"href":"https:\/\/dentafrica.com\/index.php?rest_route=\/wp\/v2\/product\/49244","targetHints":{"allow":["GET"]}}],"collection":[{"href":"https:\/\/dentafrica.com\/index.php?rest_route=\/wp\/v2\/product"}],"about":[{"href":"https:\/\/dentafrica.com\/index.php?rest_route=\/wp\/v2\/types\/product"}],"replies":[{"embeddable":true,"href":"https:\/\/dentafrica.com\/index.php?rest_route=%2Fwp%2Fv2%2Fcomments&post=49244"}],"wp:featuredmedia":[{"embeddable":true,"href":"https:\/\/dentafrica.com\/index.php?rest_route=\/wp\/v2\/media\/52038"}],"wp:attachment":[{"href":"https:\/\/dentafrica.com\/index.php?rest_route=%2Fwp%2Fv2%2Fmedia&parent=49244"}],"wp:term":[{"taxonomy":"product_cat","embeddable":true,"href":"https:\/\/dentafrica.com\/index.php?rest_route=%2Fwp%2Fv2%2Fproduct_cat&post=49244"},{"taxonomy":"product_tag","embeddable":true,"href":"https:\/\/dentafrica.com\/index.php?rest_route=%2Fwp%2Fv2%2Fproduct_tag&post=49244"}],"curies":[{"name":"wp","href":"https:\/\/api.w.org\/{rel}","templated":true}]}}