{"id":49096,"date":"2023-06-26T16:23:19","date_gmt":"2023-06-26T16:23:19","guid":{"rendered":"https:\/\/dentafrica.com\/?product=nx3-nexus-colle-composite-kerr"},"modified":"2024-04-25T17:54:35","modified_gmt":"2024-04-25T17:54:35","slug":"nx3-nexus-colle-composite-kerr","status":"publish","type":"product","link":"https:\/\/dentafrica.com\/?product=nx3-nexus-colle-composite-kerr","title":{"rendered":"NX3 Nexus Colle composite &#8211; Kerr"},"content":{"rendered":"<p><span data-mce-fragment=\"1\">NX3 Nexus 3\u00e8me g\u00e9n\u00e9ration est une colle composite esth\u00e9tique permanente \u00e0 prise duale; NX3 est indiqu\u00e9 pour le collage des brackets en technique indirecte, ainsi que toutes les restaurations indirectes c\u00e9ramique, zircone, m\u00e9tal et r\u00e9sine.<\/span><\/p>\n<p><span data-mce-fragment=\"1\"><strong>Seringue de 5 g<\/strong>.<\/span><\/p>\n<p><span data-mce-fragment=\"1\">Teintes : Clair, Blanc, Jaune, Bleach.<\/span><\/p>\n","protected":false},"excerpt":{"rendered":"<p>NX3 Nexus 3\u00e8me g\u00e9n\u00e9ration est une colle composite esth\u00e9tique permanente \u00e0 prise duale; NX3 est indiqu\u00e9 pour le collage des brackets en technique indirecte, ainsi que toutes les restaurations indirectes c\u00e9ramique, zircone, m\u00e9tal et r\u00e9sine. Seringue de 5 g. Teintes : Clair, Blanc, Jaune, Bleach.<\/p>\n","protected":false},"featured_media":51873,"comment_status":"open","ping_status":"closed","template":"","meta":[],"product_cat":[1444],"product_tag":[787,639,1721,1559,1453,1768,640],"class_list":{"0":"post-49096","1":"product","2":"type-product","3":"status-publish","4":"has-post-thumbnail","6":"product_cat-non-classe","7":"product_tag-collage-des-bagues-et-brackets","8":"product_tag-collage-des-brackets","9":"product_tag-marque_kerr","10":"product_tag-orthodontie","11":"product_tag-produits-annexes","12":"product_tag-type_collage","13":"product_tag-type_composite-de-collage","15":"first","16":"instock","17":"shipping-taxable","18":"purchasable","19":"product-type-variable"},"_links":{"self":[{"href":"https:\/\/dentafrica.com\/index.php?rest_route=\/wp\/v2\/product\/49096","targetHints":{"allow":["GET"]}}],"collection":[{"href":"https:\/\/dentafrica.com\/index.php?rest_route=\/wp\/v2\/product"}],"about":[{"href":"https:\/\/dentafrica.com\/index.php?rest_route=\/wp\/v2\/types\/product"}],"replies":[{"embeddable":true,"href":"https:\/\/dentafrica.com\/index.php?rest_route=%2Fwp%2Fv2%2Fcomments&post=49096"}],"wp:featuredmedia":[{"embeddable":true,"href":"https:\/\/dentafrica.com\/index.php?rest_route=\/wp\/v2\/media\/51873"}],"wp:attachment":[{"href":"https:\/\/dentafrica.com\/index.php?rest_route=%2Fwp%2Fv2%2Fmedia&parent=49096"}],"wp:term":[{"taxonomy":"product_cat","embeddable":true,"href":"https:\/\/dentafrica.com\/index.php?rest_route=%2Fwp%2Fv2%2Fproduct_cat&post=49096"},{"taxonomy":"product_tag","embeddable":true,"href":"https:\/\/dentafrica.com\/index.php?rest_route=%2Fwp%2Fv2%2Fproduct_tag&post=49096"}],"curies":[{"name":"wp","href":"https:\/\/api.w.org\/{rel}","templated":true}]}}