{"id":49074,"date":"2023-06-26T16:23:11","date_gmt":"2023-06-26T16:23:11","guid":{"rendered":"https:\/\/dentafrica.com\/?product=newtron-p5xs-bled-generateur-a-ultrasons-acteon"},"modified":"2024-04-25T17:54:34","modified_gmt":"2024-04-25T17:54:34","slug":"newtron-p5xs-bled-generateur-a-ultrasons-acteon","status":"publish","type":"product","link":"https:\/\/dentafrica.com\/?product=newtron-p5xs-bled-generateur-a-ultrasons-acteon","title":{"rendered":"Newtron P5XS BLED G\u00e9n\u00e9rateur \u00e0 ultrasons &#8211; ACTEON"},"content":{"rendered":"<p>Newtron P5XS est un g\u00e9n\u00e9rateur \u00e0 ultrasons d&rsquo;ACTEON qui r\u00e9volutionne votre quotidien :\u00a0des innovations cliniques et technologiques pour des traitements tout en douceur et sans douleur, en toute s\u00e9r\u00e9nit\u00e9.<\/p>\n<p>Le syst\u00e8me d&rsquo;irrigation externe r\u00e9pond\u00a0\u00e0 tous les besoins cliniques.<br \/>Un r\u00e9servoir cylindrique gradu\u00e9 de 300 ml pour \u00e9viter tout d\u00e9bordement.<br \/>(r\u00e9servoir de 500 ml en option).<br \/>Un r\u00e9glage de l&rsquo;irrigation facile.<br \/>R\u00e9v\u00e9lateur de plaque F.L.A.G for B.LED.<\/p>\n<p><strong>Caract\u00e9ristiques techniques :<\/strong><\/p>\n<ul>\n<li>Bluetooth : r\u00e8gle \u00e0 distance puissance et irrigation.<\/li>\n<li>Irrigation : brancher au r\u00e9seau d&rsquo;eau de ville.<\/li>\n<li>Poids de l&rsquo;appareil : 2100 g.<\/li>\n<li>Dimensions ( L x l x h) : 260 x 185 x 140.<\/li>\n<li>Livr\u00e9 avec 3 inserts( 1, 1S, H3).<\/li>\n<\/ul>\n<h3>Pi\u00e8ce \u00e0 main SLIM B.LED<\/h3>\n<ul>\n<li>pi\u00e8ce \u00e0 main SLIM B.LED bleu<\/li>\n<li><span>pi\u00e8ce \u00e0 main SLIM B.LED blanche<\/span><\/li>\n<\/ul>\n<h3><span>R\u00e9v\u00e9lateur de plaque B.LED<\/span><\/h3>\n<p><span>1. Ciblez la plaque dentaire avec le r\u00e9v\u00e9lateur de plaque F.L.A.G. for B.LED<\/span><\/p>\n<p><span>2. R\u00e9v\u00e9lez la plaque dentaire par fluorescence gr\u00e2ce \u00e0 la lumi\u00e8re bleue dentaire de la pi\u00e8ce \u00e0 main Netron SLIM B.LED<\/span><\/p>\n<p><span>3. Eliminez la plaque dentaire de mani\u00e8re simultan\u00e9e, rapide et compl\u00e8te.<\/span><\/p>\n<ul>\n<li><span>flacon de 5 x 1.5 ml<\/span><\/li>\n<li><span>flacon de 100 ml<\/span><\/li>\n<\/ul>\n","protected":false},"excerpt":{"rendered":"<p>Newtron P5XS est un g\u00e9n\u00e9rateur \u00e0 ultrasons d&rsquo;ACTEON qui r\u00e9volutionne votre quotidien :\u00a0des innovations cliniques et technologiques pour des traitements tout en douceur et sans douleur, en toute s\u00e9r\u00e9nit\u00e9. Le syst\u00e8me d&rsquo;irrigation externe r\u00e9pond\u00a0\u00e0 tous les besoins cliniques.Un r\u00e9servoir cylindrique gradu\u00e9 de 300 ml pour \u00e9viter tout d\u00e9bordement.(r\u00e9servoir de 500 ml en option).Un r\u00e9glage de [&hellip;]<\/p>\n","protected":false},"featured_media":51796,"comment_status":"open","ping_status":"closed","template":"","meta":[],"product_cat":[1444],"product_tag":[748,1566,1569,515,1452,1453,1484],"class_list":{"0":"post-49074","1":"product","2":"type-product","3":"status-publish","4":"has-post-thumbnail","6":"product_cat-non-classe","7":"product_tag-appareil_generateur-a-ultrasons","8":"product_tag-appareils","9":"product_tag-les-appareils","10":"product_tag-marque_acteon","11":"product_tag-omnipratique","12":"product_tag-produits-annexes","13":"product_tag-prophylaxie","15":"first","16":"instock","17":"shipping-taxable","18":"purchasable","19":"product-type-variable"},"_links":{"self":[{"href":"https:\/\/dentafrica.com\/index.php?rest_route=\/wp\/v2\/product\/49074","targetHints":{"allow":["GET"]}}],"collection":[{"href":"https:\/\/dentafrica.com\/index.php?rest_route=\/wp\/v2\/product"}],"about":[{"href":"https:\/\/dentafrica.com\/index.php?rest_route=\/wp\/v2\/types\/product"}],"replies":[{"embeddable":true,"href":"https:\/\/dentafrica.com\/index.php?rest_route=%2Fwp%2Fv2%2Fcomments&post=49074"}],"wp:featuredmedia":[{"embeddable":true,"href":"https:\/\/dentafrica.com\/index.php?rest_route=\/wp\/v2\/media\/51796"}],"wp:attachment":[{"href":"https:\/\/dentafrica.com\/index.php?rest_route=%2Fwp%2Fv2%2Fmedia&parent=49074"}],"wp:term":[{"taxonomy":"product_cat","embeddable":true,"href":"https:\/\/dentafrica.com\/index.php?rest_route=%2Fwp%2Fv2%2Fproduct_cat&post=49074"},{"taxonomy":"product_tag","embeddable":true,"href":"https:\/\/dentafrica.com\/index.php?rest_route=%2Fwp%2Fv2%2Fproduct_tag&post=49074"}],"curies":[{"name":"wp","href":"https:\/\/api.w.org\/{rel}","templated":true}]}}