{"id":49069,"date":"2023-06-26T16:23:08","date_gmt":"2023-06-26T16:23:08","guid":{"rendered":"https:\/\/dentafrica.com\/?product=nettoyant-et-un-desinfectant-sans-alcool-dento-viractis-75"},"modified":"2024-04-25T17:54:30","modified_gmt":"2024-04-25T17:54:30","slug":"nettoyant-et-un-desinfectant-sans-alcool-dento-viractis-75","status":"publish","type":"product","link":"https:\/\/dentafrica.com\/?product=nettoyant-et-un-desinfectant-sans-alcool-dento-viractis-75","title":{"rendered":"Nettoyant et un d\u00e9sinfectant sans alcool &#8211; DENTO-VIRACTIS 75"},"content":{"rendered":"<p><span data-mce-fragment=\"1\">Dento-Viractis 75 est un nettoyant et un d\u00e9sinfectant sans alcool des surfaces des dispositifs m\u00e9dicaux dont l&rsquo;\u00e9quipement fragile : fauteuil, capteur radio&#8230; <\/span><\/p>\n<p><span data-mce-fragment=\"1\">Recommand\u00e9 pour le nettoyage et la d\u00e9sinfection par essuyage humide. <\/span><\/p>\n<p><span data-mce-fragment=\"1\">Large spectre d&rsquo;activit\u00e9. Sans alcool, sans parfum. <\/span><\/p>\n<p><span data-mce-fragment=\"1\">Le bidon de 5L sans pompe<\/span><\/p>\n","protected":false},"excerpt":{"rendered":"<p>Dento-Viractis 75 est un nettoyant et un d\u00e9sinfectant sans alcool des surfaces des dispositifs m\u00e9dicaux dont l&rsquo;\u00e9quipement fragile : fauteuil, capteur radio&#8230; Recommand\u00e9 pour le nettoyage et la d\u00e9sinfection par essuyage humide. Large spectre d&rsquo;activit\u00e9. Sans alcool, sans parfum. Le bidon de 5L sans pompe<\/p>\n","protected":false},"featured_media":51777,"comment_status":"open","ping_status":"closed","template":"","meta":[],"product_cat":[1444],"product_tag":[1472,1644,1474,1535,1488,1468,1537],"class_list":{"0":"post-49069","1":"product","2":"type-product","3":"status-publish","4":"has-post-thumbnail","6":"product_cat-non-classe","7":"product_tag-cabinet","8":"product_tag-desinfectant-surfaces","9":"product_tag-hygiene-et-entretien","10":"product_tag-marque_dento-viractis","11":"product_tag-protection","12":"product_tag-safe-implant","13":"product_tag-type_produits-nettoyants-et-desinfectants","15":"first","16":"instock","17":"shipping-taxable","18":"purchasable","19":"product-type-simple"},"_links":{"self":[{"href":"https:\/\/dentafrica.com\/index.php?rest_route=\/wp\/v2\/product\/49069","targetHints":{"allow":["GET"]}}],"collection":[{"href":"https:\/\/dentafrica.com\/index.php?rest_route=\/wp\/v2\/product"}],"about":[{"href":"https:\/\/dentafrica.com\/index.php?rest_route=\/wp\/v2\/types\/product"}],"replies":[{"embeddable":true,"href":"https:\/\/dentafrica.com\/index.php?rest_route=%2Fwp%2Fv2%2Fcomments&post=49069"}],"wp:featuredmedia":[{"embeddable":true,"href":"https:\/\/dentafrica.com\/index.php?rest_route=\/wp\/v2\/media\/51777"}],"wp:attachment":[{"href":"https:\/\/dentafrica.com\/index.php?rest_route=%2Fwp%2Fv2%2Fmedia&parent=49069"}],"wp:term":[{"taxonomy":"product_cat","embeddable":true,"href":"https:\/\/dentafrica.com\/index.php?rest_route=%2Fwp%2Fv2%2Fproduct_cat&post=49069"},{"taxonomy":"product_tag","embeddable":true,"href":"https:\/\/dentafrica.com\/index.php?rest_route=%2Fwp%2Fv2%2Fproduct_tag&post=49069"}],"curies":[{"name":"wp","href":"https:\/\/api.w.org\/{rel}","templated":true}]}}