{"id":49067,"date":"2023-06-26T16:23:06","date_gmt":"2023-06-26T16:23:06","guid":{"rendered":"https:\/\/dentafrica.com\/?product=nettoyant-desodorisant-des-systemes-daspiration-chirurgicale-dento-viractis-99"},"modified":"2024-04-25T17:54:30","modified_gmt":"2024-04-25T17:54:30","slug":"nettoyant-desodorisant-des-systemes-daspiration-chirurgicale-dento-viractis-99","status":"publish","type":"product","link":"https:\/\/dentafrica.com\/?product=nettoyant-desodorisant-des-systemes-daspiration-chirurgicale-dento-viractis-99","title":{"rendered":"Nettoyant d\u00e9sodorisant des syst\u00e8mes d&rsquo;aspiration chirurgicale &#8211; DENTO-VIRACTIS 99"},"content":{"rendered":"<p><span data-mce-fragment=\"1\">Dento-Viractis 99 Aspiration. Adapt\u00e9 pour le nettoyage d\u00e9sodorisation des syst\u00e8mes d&rsquo;aspiration chirurgicale, des crachoirs et des r\u00e9cup\u00e9rateurs d&rsquo;amalgames.<\/span><\/p>\n<p><span data-mce-fragment=\"1\"> Son excellent pouvoir d\u00e9tergent permet une \u00e9limination des r\u00e9sidus prot\u00e9iques et des d\u00e9chets carieux dans les syst\u00e8mes d&rsquo;aspiration. Utilis\u00e9 quotidiennement, Dento-Viractis 99, \u00e9vite la formation d\u2019un biofilm en 2 min.<\/span><\/p>\n<p><span data-mce-fragment=\"1\">Non toxique et biod\u00e9gradable.<\/span><\/p>\n<p><span data-mce-fragment=\"1\">Non moussant.<\/span><\/p>\n<p><span data-mce-fragment=\"1\">Efficacit\u00e9 bact\u00e9riostatique. <\/span><\/p>\n<p><span data-mce-fragment=\"1\">Evite la formation d\u2019un biofilm en 2 min.<\/span><\/p>\n<p><span data-mce-fragment=\"1\">Parfum pomme<\/span><\/p>\n","protected":false},"excerpt":{"rendered":"<p>Dento-Viractis 99 Aspiration. Adapt\u00e9 pour le nettoyage d\u00e9sodorisation des syst\u00e8mes d&rsquo;aspiration chirurgicale, des crachoirs et des r\u00e9cup\u00e9rateurs d&rsquo;amalgames. Son excellent pouvoir d\u00e9tergent permet une \u00e9limination des r\u00e9sidus prot\u00e9iques et des d\u00e9chets carieux dans les syst\u00e8mes d&rsquo;aspiration. Utilis\u00e9 quotidiennement, Dento-Viractis 99, \u00e9vite la formation d\u2019un biofilm en 2 min. Non toxique et biod\u00e9gradable. Non moussant. Efficacit\u00e9 [&hellip;]<\/p>\n","protected":false},"featured_media":51773,"comment_status":"open","ping_status":"closed","template":"","meta":[],"product_cat":[1444],"product_tag":[1533,662,1474,1483,1535,1468,1537],"class_list":{"0":"post-49067","1":"product","2":"type-product","3":"status-publish","4":"has-post-thumbnail","6":"product_cat-non-classe","7":"product_tag-desinfectant","8":"product_tag-desinfectant-aspiration-et-voies-deau","9":"product_tag-hygiene-et-entretien","10":"product_tag-le-cabinet","11":"product_tag-marque_dento-viractis","12":"product_tag-safe-implant","13":"product_tag-type_produits-nettoyants-et-desinfectants","15":"first","16":"instock","17":"shipping-taxable","18":"purchasable","19":"product-type-simple"},"_links":{"self":[{"href":"https:\/\/dentafrica.com\/index.php?rest_route=\/wp\/v2\/product\/49067","targetHints":{"allow":["GET"]}}],"collection":[{"href":"https:\/\/dentafrica.com\/index.php?rest_route=\/wp\/v2\/product"}],"about":[{"href":"https:\/\/dentafrica.com\/index.php?rest_route=\/wp\/v2\/types\/product"}],"replies":[{"embeddable":true,"href":"https:\/\/dentafrica.com\/index.php?rest_route=%2Fwp%2Fv2%2Fcomments&post=49067"}],"wp:featuredmedia":[{"embeddable":true,"href":"https:\/\/dentafrica.com\/index.php?rest_route=\/wp\/v2\/media\/51773"}],"wp:attachment":[{"href":"https:\/\/dentafrica.com\/index.php?rest_route=%2Fwp%2Fv2%2Fmedia&parent=49067"}],"wp:term":[{"taxonomy":"product_cat","embeddable":true,"href":"https:\/\/dentafrica.com\/index.php?rest_route=%2Fwp%2Fv2%2Fproduct_cat&post=49067"},{"taxonomy":"product_tag","embeddable":true,"href":"https:\/\/dentafrica.com\/index.php?rest_route=%2Fwp%2Fv2%2Fproduct_tag&post=49067"}],"curies":[{"name":"wp","href":"https:\/\/api.w.org\/{rel}","templated":true}]}}