{"id":49065,"date":"2023-06-26T16:23:03","date_gmt":"2023-06-26T16:23:03","guid":{"rendered":"https:\/\/dentafrica.com\/?product=nettoyant-desinfectant-des-systemes-daspiration-dento-viractis-95"},"modified":"2024-04-25T17:54:30","modified_gmt":"2024-04-25T17:54:30","slug":"nettoyant-desinfectant-des-systemes-daspiration-dento-viractis-95","status":"publish","type":"product","link":"https:\/\/dentafrica.com\/?product=nettoyant-desinfectant-des-systemes-daspiration-dento-viractis-95","title":{"rendered":"Nettoyant d\u00e9sinfectant des syst\u00e8mes d\u2019aspiration &#8211; DENTO-VIRACTIS 95"},"content":{"rendered":"<p><span data-mce-fragment=\"1\">Dento-Viractis 95 Aspigerm. Nettoyant d\u00e9sinfectant des syst\u00e8mes d\u2019aspiration. Concentr\u00e9 \u00e0 0,5 % et compatible avec les diff\u00e9rents syst\u00e8mes d\u2019aspiration. <\/span><\/p>\n<p><span data-mce-fragment=\"1\">Propri\u00e9t\u00e9s : Agent d\u00e9tartrant d\u2019origine v\u00e9g\u00e9tale d\u00e9riv\u00e9 du citron. <\/span><\/p>\n<p><span data-mce-fragment=\"1\">Sans EDTA, sans cmR, sans Phosphate<\/span><\/p>\n<p><span data-mce-fragment=\"1\">Non moussant. <\/span><\/p>\n<p><span data-mce-fragment=\"1\">Parfum frais 100 % naturel\u00a0<\/span><\/p>\n<p><span data-mce-fragment=\"1\">Bidon de 5L\u00a0\u00a0<\/span><\/p>\n","protected":false},"excerpt":{"rendered":"<p>Dento-Viractis 95 Aspigerm. Nettoyant d\u00e9sinfectant des syst\u00e8mes d\u2019aspiration. Concentr\u00e9 \u00e0 0,5 % et compatible avec les diff\u00e9rents syst\u00e8mes d\u2019aspiration. Propri\u00e9t\u00e9s : Agent d\u00e9tartrant d\u2019origine v\u00e9g\u00e9tale d\u00e9riv\u00e9 du citron. Sans EDTA, sans cmR, sans Phosphate Non moussant. Parfum frais 100 % naturel\u00a0 Bidon de 5L\u00a0\u00a0<\/p>\n","protected":false},"featured_media":51769,"comment_status":"open","ping_status":"closed","template":"","meta":[],"product_cat":[1444],"product_tag":[1472,662,1474,1535,1488,1468,1537],"class_list":{"0":"post-49065","1":"product","2":"type-product","3":"status-publish","4":"has-post-thumbnail","6":"product_cat-non-classe","7":"product_tag-cabinet","8":"product_tag-desinfectant-aspiration-et-voies-deau","9":"product_tag-hygiene-et-entretien","10":"product_tag-marque_dento-viractis","11":"product_tag-protection","12":"product_tag-safe-implant","13":"product_tag-type_produits-nettoyants-et-desinfectants","15":"first","16":"instock","17":"shipping-taxable","18":"purchasable","19":"product-type-simple"},"_links":{"self":[{"href":"https:\/\/dentafrica.com\/index.php?rest_route=\/wp\/v2\/product\/49065","targetHints":{"allow":["GET"]}}],"collection":[{"href":"https:\/\/dentafrica.com\/index.php?rest_route=\/wp\/v2\/product"}],"about":[{"href":"https:\/\/dentafrica.com\/index.php?rest_route=\/wp\/v2\/types\/product"}],"replies":[{"embeddable":true,"href":"https:\/\/dentafrica.com\/index.php?rest_route=%2Fwp%2Fv2%2Fcomments&post=49065"}],"wp:featuredmedia":[{"embeddable":true,"href":"https:\/\/dentafrica.com\/index.php?rest_route=\/wp\/v2\/media\/51769"}],"wp:attachment":[{"href":"https:\/\/dentafrica.com\/index.php?rest_route=%2Fwp%2Fv2%2Fmedia&parent=49065"}],"wp:term":[{"taxonomy":"product_cat","embeddable":true,"href":"https:\/\/dentafrica.com\/index.php?rest_route=%2Fwp%2Fv2%2Fproduct_cat&post=49065"},{"taxonomy":"product_tag","embeddable":true,"href":"https:\/\/dentafrica.com\/index.php?rest_route=%2Fwp%2Fv2%2Fproduct_tag&post=49065"}],"curies":[{"name":"wp","href":"https:\/\/api.w.org\/{rel}","templated":true}]}}