{"id":48674,"date":"2023-06-26T16:20:47","date_gmt":"2023-06-26T16:20:47","guid":{"rendered":"https:\/\/dentafrica.com\/?product=micro-moteur-surgic-pro-sgl70m-nsk"},"modified":"2024-04-25T17:53:47","modified_gmt":"2024-04-25T17:53:47","slug":"micro-moteur-surgic-pro-sgl70m-nsk","status":"publish","type":"product","link":"https:\/\/dentafrica.com\/?product=micro-moteur-surgic-pro-sgl70m-nsk","title":{"rendered":"Micro-moteur Surgic Pro SGL70M &#8211; NSK"},"content":{"rendered":"<p>NSK Surgic Pro r\u00e9pond \u00e0 tous les crit\u00e8res des praticiens, leur permettant d&rsquo;effectuer en toute confiance la pose d&rsquo;implants et la chirurgie.<br data-mce-fragment=\"1\"><br data-mce-fragment=\"1\">Les fonctions des moteurs chirurgicaux NSK vous offrent un environnement de traitement de nouvelle g\u00e9n\u00e9ration.<br data-mce-fragment=\"1\"><br data-mce-fragment=\"1\"><strong>Bon \u00e9quilibre, avec un micro-moteur compact et l\u00e9ger :<\/strong><br data-mce-fragment=\"1\">Le micro-moteur classique a \u00e9t\u00e9 minutieusement profil\u00e9 pour permettre de r\u00e9duire encore plus la taille et le poids. La taille r\u00e9duite am\u00e9liore \u00e9galement l&rsquo;\u00e9quilibre lors de l&rsquo;utilisation. Plus petit avec des 16,2 mm et plus l\u00e9ger avec ses 42 gr en moins que la version pr\u00e9c\u00e9dente, il all\u00e8ge le travail des praticiens.<br data-mce-fragment=\"1\"><\/p>\n<p><strong>Les LED permettent un traitement plus pr\u00e9cis :<\/strong><br \/>Les LED de NSK g\u00e9n\u00e8rent une lumi\u00e8re \u00e9quivalente \u00e0 la lumi\u00e8re du jour. En \u00e9clairant bien la zone de traitement, elles permettent une chirurgie plus pr\u00e9cise et r\u00e9duisent la dur\u00e9e des op\u00e9rations. Elles procurent aussi une s\u00e9curit\u00e9 accrue en ne surchauffant pas, m\u00eame lors d&rsquo;une utilisation prolong\u00e9e, et sont plus \u00e9conomiques gr\u00e2ce \u00e0 leur longue dur\u00e9e de service.<br \/>D&rsquo;une durabilit\u00e9 sup\u00e9rieure, elles r\u00e9sistent au temp\u00e9ratures \u00e9lev\u00e9es de st\u00e9rilisation. Extr\u00eamement s\u00fbres, elles r\u00e9sistent \u00e0 la d\u00e9sinfection en autoclave et \u00e0 la thermo-d\u00e9sinfection.<\/p>\n<p><strong>Caract\u00e9ristiques :<\/strong><\/p>\n<ul>\n<li>Pour Moteurs d&rsquo;implantologie NSK Surgic Pro+ LED et Surgic Pro LED<\/li>\n<li>Couple \u00e9lev\u00e9 (jusqu&rsquo;\u00e0 80 Ncm)\n<\/li>\n<li>Vitesse de 200 \u00e0 40 000 tr\/min<\/li>\n<li>Lavable en thermod\u00e9sinfecteur et st\u00e9rilisable en autoclave<\/li>\n<li>Dimensions et poids : L 81,9 mm et 280 gr<\/li>\n<li>Compatible avec les instruments Nano-S\u00e9ries<\/li>\n<\/ul>\n","protected":false},"excerpt":{"rendered":"<p>NSK Surgic Pro r\u00e9pond \u00e0 tous les crit\u00e8res des praticiens, leur permettant d&rsquo;effectuer en toute confiance la pose d&rsquo;implants et la chirurgie.Les fonctions des moteurs chirurgicaux NSK vous offrent un environnement de traitement de nouvelle g\u00e9n\u00e9ration.Bon \u00e9quilibre, avec un micro-moteur compact et l\u00e9ger :Le micro-moteur classique a \u00e9t\u00e9 minutieusement profil\u00e9 pour permettre de r\u00e9duire encore [&hellip;]<\/p>\n","protected":false},"featured_media":51298,"comment_status":"open","ping_status":"closed","template":"","meta":[],"product_cat":[1444],"product_tag":[1761,1566,1695,1780,1483,691,1452,1640,1453,1696,1567,1778],"class_list":{"0":"post-48674","1":"product","2":"type-product","3":"status-publish","4":"has-post-thumbnail","6":"product_cat-non-classe","7":"product_tag-appareil_rotatif","8":"product_tag-appareils","9":"product_tag-chirurgie","10":"product_tag-chirurgie-implanto","11":"product_tag-le-cabinet","12":"product_tag-marque_nsk","13":"product_tag-omnipratique","14":"product_tag-outillage","15":"product_tag-produits-annexes","16":"product_tag-specialite_chirurgie","17":"product_tag-specialite_omnipratique","18":"product_tag-turbine-et-raccord-rapide","20":"first","21":"instock","22":"shipping-taxable","23":"purchasable","24":"product-type-simple"},"_links":{"self":[{"href":"https:\/\/dentafrica.com\/index.php?rest_route=\/wp\/v2\/product\/48674","targetHints":{"allow":["GET"]}}],"collection":[{"href":"https:\/\/dentafrica.com\/index.php?rest_route=\/wp\/v2\/product"}],"about":[{"href":"https:\/\/dentafrica.com\/index.php?rest_route=\/wp\/v2\/types\/product"}],"replies":[{"embeddable":true,"href":"https:\/\/dentafrica.com\/index.php?rest_route=%2Fwp%2Fv2%2Fcomments&post=48674"}],"wp:featuredmedia":[{"embeddable":true,"href":"https:\/\/dentafrica.com\/index.php?rest_route=\/wp\/v2\/media\/51298"}],"wp:attachment":[{"href":"https:\/\/dentafrica.com\/index.php?rest_route=%2Fwp%2Fv2%2Fmedia&parent=48674"}],"wp:term":[{"taxonomy":"product_cat","embeddable":true,"href":"https:\/\/dentafrica.com\/index.php?rest_route=%2Fwp%2Fv2%2Fproduct_cat&post=48674"},{"taxonomy":"product_tag","embeddable":true,"href":"https:\/\/dentafrica.com\/index.php?rest_route=%2Fwp%2Fv2%2Fproduct_tag&post=48674"}],"curies":[{"name":"wp","href":"https:\/\/api.w.org\/{rel}","templated":true}]}}