{"id":48645,"date":"2023-06-26T16:20:24","date_gmt":"2023-06-26T16:20:24","guid":{"rendered":"https:\/\/dentafrica.com\/?product=metal-strips-lot-de-12-bandes-acier-pour-ebarber-gc"},"modified":"2024-04-25T17:53:45","modified_gmt":"2024-04-25T17:53:45","slug":"metal-strips-lot-de-12-bandes-acier-pour-ebarber-gc","status":"publish","type":"product","link":"https:\/\/dentafrica.com\/?product=metal-strips-lot-de-12-bandes-acier-pour-ebarber-gc","title":{"rendered":"Metal Strips Lot de 12 bandes acier pour \u00e9barber &#8211; GC"},"content":{"rendered":"<p>Diamant \u00e9lectro-d\u00e9pos\u00e9 sur bande acier ultrafine. Id\u00e9al pour les surfaces interprximales. Ces strips peuvent \u00eatre r\u00e9utilis\u00e9s apr\u00e8s st\u00e9rilisation thermique ou chimique.<\/p>\n<p><strong>Indications :<\/strong><\/p>\n<p>Pour le contourage, la finition et le polissage de surface interproximale composite, compom\u00e8re et verre ionom\u00e8re.<\/p>\n<p><strong>Avantages :<\/strong><\/p>\n<ul>\n<li>Mat\u00e9riaux extr\u00eamement fins et flexibles<\/li>\n<li>Haute r\u00e9sistance \u00e0 l&rsquo;usure<\/li>\n<li>Quatre grains<\/li>\n<li>Autoclavables et faciles \u00e0 nettoyer<\/li>\n<\/ul>\n<p>Lot de 12 strips pour \u00e9barber.<\/p>\n<ul><\/ul>\n","protected":false},"excerpt":{"rendered":"<p>Diamant \u00e9lectro-d\u00e9pos\u00e9 sur bande acier ultrafine. Id\u00e9al pour les surfaces interprximales. Ces strips peuvent \u00eatre r\u00e9utilis\u00e9s apr\u00e8s st\u00e9rilisation thermique ou chimique. Indications : Pour le contourage, la finition et le polissage de surface interproximale composite, compom\u00e8re et verre ionom\u00e8re. Avantages : Mat\u00e9riaux extr\u00eamement fins et flexibles Haute r\u00e9sistance \u00e0 l&rsquo;usure Quatre grains Autoclavables et faciles [&hellip;]<\/p>\n","protected":false},"featured_media":51235,"comment_status":"open","ping_status":"closed","template":"","meta":[],"product_cat":[1444],"product_tag":[1509,1742,621,1453,1557,1468,1512,1653],"class_list":{"0":"post-48645","1":"product","2":"type-product","3":"status-publish","4":"has-post-thumbnail","6":"product_cat-non-classe","7":"product_tag-accessoires-restauration","8":"product_tag-marque_gc","9":"product_tag-polissage-restauration","10":"product_tag-produits-annexes","11":"product_tag-restauration","12":"product_tag-safe-implant","13":"product_tag-specialite_restauration","14":"product_tag-type_polissage","16":"first","17":"instock","18":"shipping-taxable","19":"purchasable","20":"product-type-simple"},"_links":{"self":[{"href":"https:\/\/dentafrica.com\/index.php?rest_route=\/wp\/v2\/product\/48645","targetHints":{"allow":["GET"]}}],"collection":[{"href":"https:\/\/dentafrica.com\/index.php?rest_route=\/wp\/v2\/product"}],"about":[{"href":"https:\/\/dentafrica.com\/index.php?rest_route=\/wp\/v2\/types\/product"}],"replies":[{"embeddable":true,"href":"https:\/\/dentafrica.com\/index.php?rest_route=%2Fwp%2Fv2%2Fcomments&post=48645"}],"wp:featuredmedia":[{"embeddable":true,"href":"https:\/\/dentafrica.com\/index.php?rest_route=\/wp\/v2\/media\/51235"}],"wp:attachment":[{"href":"https:\/\/dentafrica.com\/index.php?rest_route=%2Fwp%2Fv2%2Fmedia&parent=48645"}],"wp:term":[{"taxonomy":"product_cat","embeddable":true,"href":"https:\/\/dentafrica.com\/index.php?rest_route=%2Fwp%2Fv2%2Fproduct_cat&post=48645"},{"taxonomy":"product_tag","embeddable":true,"href":"https:\/\/dentafrica.com\/index.php?rest_route=%2Fwp%2Fv2%2Fproduct_tag&post=48645"}],"curies":[{"name":"wp","href":"https:\/\/api.w.org\/{rel}","templated":true}]}}