{"id":48427,"date":"2023-06-26T16:18:42","date_gmt":"2023-06-26T16:18:42","guid":{"rendered":"https:\/\/dentafrica.com\/?product=lubrioil-bms-dental"},"modified":"2026-04-03T10:12:04","modified_gmt":"2026-04-03T10:12:04","slug":"lubrioil-bms-dental","status":"publish","type":"product","link":"https:\/\/dentafrica.com\/?product=lubrioil-bms-dental","title":{"rendered":"Lubrioil &#8211; BMS DENTAL"},"content":{"rendered":"<p data-mce-fragment=\"1\">Lubrifiant Universel Multi-usages pour pi\u00e8ces \u00e0 main Lubrioil de BMS DENTAL.<\/p>\n<p data-mce-fragment=\"1\"><strong data-mce-fragment=\"1\">Spray lubrifiant multi-usages pour l&rsquo;entretien des pi\u00e8ces \u00e0 main dentaires<\/strong>.<\/p>\n<p data-mce-fragment=\"1\">Caract\u00e9ristiques du Lubrifiant Universel Lubrioil :<\/p>\n<ul data-mce-fragment=\"1\">\n<li data-mce-fragment=\"1\">Convient \u00e0<span data-mce-fragment=\"1\">\u00a0<\/span><strong data-mce-fragment=\"1\">toutes les pi\u00e8ces \u00e0 main dentaires<\/strong>: de haute vitesse, de basse vitesse et de moteurs pneumatiques.<\/li>\n<li data-mce-fragment=\"1\">Contient un<span data-mce-fragment=\"1\">\u00a0<\/span><strong data-mce-fragment=\"1\">agent antirouille<\/strong><span data-mce-fragment=\"1\">\u00a0<\/span>qui emp\u00eache la formation de micro-rouille sur les roulements internes.<\/li>\n<li data-mce-fragment=\"1\">\n<strong data-mce-fragment=\"1\">Grande capacit\u00e9 de p\u00e9n\u00e9tration<\/strong><span data-mce-fragment=\"1\">\u00a0<\/span>qui garantit une<span data-mce-fragment=\"1\">\u00a0<\/span><strong data-mce-fragment=\"1\">protection compl\u00e8te<\/strong><span data-mce-fragment=\"1\">\u00a0<\/span>des pi\u00e8ces m\u00e9caniques internes.<\/li>\n<li data-mce-fragment=\"1\">Chaque bo\u00eete contient une pression \u00e9lev\u00e9e qui permet une rotation maximale des roulements pendant le graissage.<\/li>\n<li data-mce-fragment=\"1\">\n<strong data-mce-fragment=\"1\">Compatible avec les marques les plus reconnues du march\u00e9<\/strong>.<\/li>\n<li data-mce-fragment=\"1\">De couleur claire.<\/li>\n<li data-mce-fragment=\"1\">Avec un<span data-mce-fragment=\"1\">\u00a0<\/span><strong data-mce-fragment=\"1\">Parfum de menthe<\/strong>.<\/li>\n<li data-mce-fragment=\"1\">COMPOSITION\u00a0: Huile min\u00e9rale blanche, contient des traces d&rsquo;huile de menthe poivr\u00e9e.<\/li>\n<li data-mce-fragment=\"1\">Pression interne de 70 + Psi (4.8atm) \u00e0 20\u00b0C.<\/li>\n<li data-mce-fragment=\"1\">\n<strong data-mce-fragment=\"1\">Contenu\u00a0: Flacon pulv\u00e9risateur de 500 ml<\/strong>.<\/li>\n<\/ul>\n","protected":false},"excerpt":{"rendered":"<p>Lubrifiant Universel Multi-usages pour pi\u00e8ces \u00e0 main Lubrioil de BMS DENTAL. Spray lubrifiant multi-usages pour l&rsquo;entretien des pi\u00e8ces \u00e0 main dentaires. Caract\u00e9ristiques du Lubrifiant Universel Lubrioil : Convient \u00e0\u00a0toutes les pi\u00e8ces \u00e0 main dentaires: de haute vitesse, de basse vitesse et de moteurs pneumatiques. Contient un\u00a0agent antirouille\u00a0qui emp\u00eache la formation de micro-rouille sur les roulements [&hellip;]<\/p>\n","protected":false},"featured_media":51014,"comment_status":"open","ping_status":"closed","template":"","meta":[],"product_cat":[1444],"product_tag":[1472,1474,1860,1536,1453,1861],"class_list":{"0":"post-48427","1":"product","2":"type-product","3":"status-publish","4":"has-post-thumbnail","6":"product_cat-non-classe","7":"product_tag-cabinet","8":"product_tag-hygiene-et-entretien","9":"product_tag-marque_bms-dental","10":"product_tag-nettoyage","11":"product_tag-produits-annexes","12":"product_tag-type_sprays-intruments-rotatifs","14":"first","15":"instock","16":"shipping-taxable","17":"purchasable","18":"product-type-simple"},"_links":{"self":[{"href":"https:\/\/dentafrica.com\/index.php?rest_route=\/wp\/v2\/product\/48427","targetHints":{"allow":["GET"]}}],"collection":[{"href":"https:\/\/dentafrica.com\/index.php?rest_route=\/wp\/v2\/product"}],"about":[{"href":"https:\/\/dentafrica.com\/index.php?rest_route=\/wp\/v2\/types\/product"}],"replies":[{"embeddable":true,"href":"https:\/\/dentafrica.com\/index.php?rest_route=%2Fwp%2Fv2%2Fcomments&post=48427"}],"wp:featuredmedia":[{"embeddable":true,"href":"https:\/\/dentafrica.com\/index.php?rest_route=\/wp\/v2\/media\/51014"}],"wp:attachment":[{"href":"https:\/\/dentafrica.com\/index.php?rest_route=%2Fwp%2Fv2%2Fmedia&parent=48427"}],"wp:term":[{"taxonomy":"product_cat","embeddable":true,"href":"https:\/\/dentafrica.com\/index.php?rest_route=%2Fwp%2Fv2%2Fproduct_cat&post=48427"},{"taxonomy":"product_tag","embeddable":true,"href":"https:\/\/dentafrica.com\/index.php?rest_route=%2Fwp%2Fv2%2Fproduct_tag&post=48427"}],"curies":[{"name":"wp","href":"https:\/\/api.w.org\/{rel}","templated":true}]}}