{"id":48297,"date":"2023-06-26T16:18:03","date_gmt":"2023-06-26T16:18:03","guid":{"rendered":"https:\/\/dentafrica.com\/?product=lot-de-5-limes-one-curve-6-conicite-micromega"},"modified":"2024-04-25T17:53:15","modified_gmt":"2024-04-25T17:53:15","slug":"lot-de-5-limes-one-curve-6-conicite-micromega","status":"publish","type":"product","link":"https:\/\/dentafrica.com\/?product=lot-de-5-limes-one-curve-6-conicite-micromega","title":{"rendered":"Lot de 5 limes One Curve &#8211; 6% conicit\u00e9 MicroMega"},"content":{"rendered":"<p>Un instrument unique pour la mise en forme canalaire :<br \/>Gestion simplifi\u00e9e<br \/>Aucun risque de contamination crois\u00e9e : usage unique<\/p>\n<p>Un temps de mise en forme r\u00e9duit et plus de temps pour l&rsquo;irrigation :<br \/>&#8211; 59% plus rapide par rapport \u00e0 une s\u00e9quence instrumentale<br \/>&#8211; 33% plus rapide par rapport \u00e0 un instrument en r\u00e9ciprocit\u00e9 trait\u00e9 thermiquement<\/p>\n<p>Le traitement C wire exclusif aux limes One Curve est un traitement thermique du Nickel Titane permettant : une m\u00e9moire de forme, pr\u00e9 courbable (suppression des contraintes et acc\u00e8s facilit\u00e9 au canal), un maintien de la courbure.<br \/>100% plus flexible, 2,4 fois plus r\u00e9sistant \u00e0 la fracture.<\/p>\n<p>\u00a0 \u00a0\u00a0<\/p>\n","protected":false},"excerpt":{"rendered":"<p>Un instrument unique pour la mise en forme canalaire :Gestion simplifi\u00e9eAucun risque de contamination crois\u00e9e : usage unique Un temps de mise en forme r\u00e9duit et plus de temps pour l&rsquo;irrigation :&#8211; 59% plus rapide par rapport \u00e0 une s\u00e9quence instrumentale&#8211; 33% plus rapide par rapport \u00e0 un instrument en r\u00e9ciprocit\u00e9 trait\u00e9 thermiquement Le traitement [&hellip;]<\/p>\n","protected":false},"featured_media":50825,"comment_status":"open","ping_status":"closed","template":"","meta":[],"product_cat":[1444],"product_tag":[1473,1459,1490,1704,1452,1453,1468,1460],"class_list":{"0":"post-48297","1":"product","2":"type-product","3":"status-publish","4":"has-post-thumbnail","6":"product_cat-non-classe","7":"product_tag-consommables","8":"product_tag-endodontie","9":"product_tag-lime","10":"product_tag-marque_micro-mega","11":"product_tag-omnipratique","12":"product_tag-produits-annexes","13":"product_tag-safe-implant","14":"product_tag-specialite_endodontie","16":"first","17":"instock","18":"shipping-taxable","19":"purchasable","20":"product-type-variable"},"_links":{"self":[{"href":"https:\/\/dentafrica.com\/index.php?rest_route=\/wp\/v2\/product\/48297","targetHints":{"allow":["GET"]}}],"collection":[{"href":"https:\/\/dentafrica.com\/index.php?rest_route=\/wp\/v2\/product"}],"about":[{"href":"https:\/\/dentafrica.com\/index.php?rest_route=\/wp\/v2\/types\/product"}],"replies":[{"embeddable":true,"href":"https:\/\/dentafrica.com\/index.php?rest_route=%2Fwp%2Fv2%2Fcomments&post=48297"}],"wp:featuredmedia":[{"embeddable":true,"href":"https:\/\/dentafrica.com\/index.php?rest_route=\/wp\/v2\/media\/50825"}],"wp:attachment":[{"href":"https:\/\/dentafrica.com\/index.php?rest_route=%2Fwp%2Fv2%2Fmedia&parent=48297"}],"wp:term":[{"taxonomy":"product_cat","embeddable":true,"href":"https:\/\/dentafrica.com\/index.php?rest_route=%2Fwp%2Fv2%2Fproduct_cat&post=48297"},{"taxonomy":"product_tag","embeddable":true,"href":"https:\/\/dentafrica.com\/index.php?rest_route=%2Fwp%2Fv2%2Fproduct_tag&post=48297"}],"curies":[{"name":"wp","href":"https:\/\/api.w.org\/{rel}","templated":true}]}}