{"id":47969,"date":"2023-06-26T16:15:54","date_gmt":"2023-06-26T16:15:54","guid":{"rendered":"https:\/\/dentafrica.com\/?product=lime-k-file-kent-dental"},"modified":"2024-04-25T17:52:43","modified_gmt":"2024-04-25T17:52:43","slug":"lime-k-file-kent-dental","status":"publish","type":"product","link":"https:\/\/dentafrica.com\/?product=lime-k-file-kent-dental","title":{"rendered":"Lime K-File &#8211; Kent Dental"},"content":{"rendered":"<p><span data-mce-fragment=\"1\"><strong>Indications :<\/strong> Pour le cath\u00e9t\u00e9risme du syst\u00e8me canalaire : p\u00e9n\u00e9tration initiale, rep\u00e9rage et identification du contenu et de la complexit\u00e9 dentaire. <\/span><\/p>\n<p><span data-mce-fragment=\"1\"><strong>Propri\u00e9t\u00e9s :<\/strong> Les instruments n\u00b0 06, 08 et 10 ont une section carr\u00e9e, et les instruments n\u00b015 \u00e0 80 une section triangulaire. Conicit\u00e9 2%. Lame en acier inoxydable, manche en plastique, pr\u00e9hension facile. Stop mont\u00e9 en silicone. <\/span><\/p>\n<p><span data-mce-fragment=\"1\">Instrument st\u00e9rilisable \u00e0 135\u00b0C pendant 18 minutes.<\/span><\/p>\n<p><span data-mce-fragment=\"1\">Dispositif m\u00e9dical de classe l. Fabricant : CFPM<\/span><\/p>\n<p><strong> La plaquette de 6 limes :<\/strong><\/p>\n<p><span data-mce-fragment=\"1\"><strong>Iso 06<\/strong>. Longueur : 21 mm. Couleur\u00a0Rose.<br \/><\/span><span data-mce-fragment=\"1\"><strong>Iso 08<\/strong>. Longueur : 21\u00a0mm. Couleur Gris.<br \/><strong>Iso 10<\/strong>. Longueur : 21 mm. Couleur\u00a0Violet.<\/span><\/p>\n<p><span data-mce-fragment=\"1\"><strong>Iso 06<\/strong>. Longueur : 25 mm. Couleur\u00a0Rose.<br \/><strong>Iso 08<\/strong>. Longueur : 25 mm. Couleur Gris.<br \/><strong>Iso 10<\/strong>. Longueur : 25 mm. Couleur Violet.<br \/><\/span><\/p>\n<p><span data-mce-fragment=\"1\"><strong>Iso 15<\/strong>. Longueur : 21 mm. Couleur Blanc.<br \/><strong data-mce-fragment=\"1\">Iso\u00a020<\/strong>. Longueur : 21 mm. Couleur Jaune.<br \/><strong data-mce-fragment=\"1\">Iso\u00a025<\/strong>. Longueur : 21 mm. Couleur Rouge.<br \/><strong data-mce-fragment=\"1\">Iso\u00a030<\/strong>. Longueur : 21 mm. Couleur Bleu.<br \/><strong data-mce-fragment=\"1\">Iso 35<\/strong>. Longueur : 21 mm. Couleur Vert.<br \/><strong data-mce-fragment=\"1\">Iso\u00a040<\/strong>. Longueur : 21 mm. Couleur Noir.<br \/><\/span><\/p>\n<p><span data-mce-fragment=\"1\"><strong data-mce-fragment=\"1\">Iso\u00a015<\/strong>. Longueur : 25 mm. Couleur Blanc.<br \/><strong data-mce-fragment=\"1\">Iso\u00a020<\/strong>. Longueur : 25 mm. Couleur Jaune.<br \/><strong data-mce-fragment=\"1\">Iso\u00a025<\/strong>. Longueur : 25 mm. Couleur Rouge.<br \/><strong data-mce-fragment=\"1\">Iso\u00a030<\/strong>. Longueur : 25 mm. Couleur Bleu.<br \/><strong data-mce-fragment=\"1\">Iso\u00a035<\/strong>. Longueur : 25 mm. Couleur Vert.<br \/><strong data-mce-fragment=\"1\">Iso\u00a040<\/strong>. Longueur : 25 mm. Couleur Noir.<br \/><\/span><\/p>\n<p><span data-mce-fragment=\"1\"><strong data-mce-fragment=\"1\">Iso\u00a015 \u00e0 40 assorties<\/strong>. Longueur : 21 mm.\u00a0<br \/><\/span><\/p>\n<p><span data-mce-fragment=\"1\"><strong data-mce-fragment=\"1\">Iso\u00a015 \u00e0 40 assorties<\/strong>. Longueur : 25 mm.\u00a0<br \/><strong data-mce-fragment=\"1\">Iso\u00a045 \u00e0 80 assorties.<\/strong>\u00a0Longueur : 25 mm.\u00a0<\/span><\/p>\n<p><span data-mce-fragment=\"1\"><\/span><span data-mce-fragment=\"1\"><br \/> Iso 35. Longueur : 21 mm. Couleur Vert.\u00a0<\/span><\/p>\n","protected":false},"excerpt":{"rendered":"<p>Indications : Pour le cath\u00e9t\u00e9risme du syst\u00e8me canalaire : p\u00e9n\u00e9tration initiale, rep\u00e9rage et identification du contenu et de la complexit\u00e9 dentaire. Propri\u00e9t\u00e9s : Les instruments n\u00b0 06, 08 et 10 ont une section carr\u00e9e, et les instruments n\u00b015 \u00e0 80 une section triangulaire. Conicit\u00e9 2%. Lame en acier inoxydable, manche en plastique, pr\u00e9hension facile. Stop [&hellip;]<\/p>\n","protected":false},"featured_media":50530,"comment_status":"open","ping_status":"closed","template":"","meta":[],"product_cat":[1444],"product_tag":[1459,1490,593,594,1551,1452,595,1453,1468,1460,1646],"class_list":{"0":"post-47969","1":"product","2":"type-product","3":"status-publish","4":"has-post-thumbnail","6":"product_cat-non-classe","7":"product_tag-endodontie","8":"product_tag-lime","9":"product_tag-longueur-de-lime_21mm","10":"product_tag-longueur-de-lime_25mm","11":"product_tag-marque_kent-dental","12":"product_tag-omnipratique","13":"product_tag-outil-dendodontie_lime-type-k","14":"product_tag-produits-annexes","15":"product_tag-safe-implant","16":"product_tag-specialite_endodontie","17":"product_tag-type_outils-dendodontie","19":"first","20":"instock","21":"shipping-taxable","22":"purchasable","23":"product-type-variable"},"_links":{"self":[{"href":"https:\/\/dentafrica.com\/index.php?rest_route=\/wp\/v2\/product\/47969","targetHints":{"allow":["GET"]}}],"collection":[{"href":"https:\/\/dentafrica.com\/index.php?rest_route=\/wp\/v2\/product"}],"about":[{"href":"https:\/\/dentafrica.com\/index.php?rest_route=\/wp\/v2\/types\/product"}],"replies":[{"embeddable":true,"href":"https:\/\/dentafrica.com\/index.php?rest_route=%2Fwp%2Fv2%2Fcomments&post=47969"}],"wp:featuredmedia":[{"embeddable":true,"href":"https:\/\/dentafrica.com\/index.php?rest_route=\/wp\/v2\/media\/50530"}],"wp:attachment":[{"href":"https:\/\/dentafrica.com\/index.php?rest_route=%2Fwp%2Fv2%2Fmedia&parent=47969"}],"wp:term":[{"taxonomy":"product_cat","embeddable":true,"href":"https:\/\/dentafrica.com\/index.php?rest_route=%2Fwp%2Fv2%2Fproduct_cat&post=47969"},{"taxonomy":"product_tag","embeddable":true,"href":"https:\/\/dentafrica.com\/index.php?rest_route=%2Fwp%2Fv2%2Fproduct_tag&post=47969"}],"curies":[{"name":"wp","href":"https:\/\/api.w.org\/{rel}","templated":true}]}}