{"id":47884,"date":"2023-06-26T16:15:32","date_gmt":"2023-06-26T16:15:32","guid":{"rendered":"https:\/\/dentafrica.com\/?product=lime-dalveotomie-rape-a-os-de-whal"},"modified":"2024-04-25T17:52:32","modified_gmt":"2024-04-25T17:52:32","slug":"lime-dalveotomie-rape-a-os-de-whal","status":"publish","type":"product","link":"https:\/\/dentafrica.com\/?product=lime-dalveotomie-rape-a-os-de-whal","title":{"rendered":"Lime d&rsquo;alv\u00e9otomie \/ rape \u00e0 os de Whal"},"content":{"rendered":"<p>Les limes Whal en acier inoxydable conviennent au limage final des os dans les interventions dentaires gr\u00e2ce \u00e0 leurs extr\u00e9mit\u00e9s avec une partie coupante active rainur\u00e9e. Utilis\u00e9 pour lisser l&rsquo;os ou les canaux \u00e9troits de l&rsquo;int\u00e9rieur de la dent et faciliter ainsi la d\u00e9sinfection de la surface interne.<\/p>\n","protected":false},"excerpt":{"rendered":"<p>Les limes Whal en acier inoxydable conviennent au limage final des os dans les interventions dentaires gr\u00e2ce \u00e0 leurs extr\u00e9mit\u00e9s avec une partie coupante active rainur\u00e9e. Utilis\u00e9 pour lisser l&rsquo;os ou les canaux \u00e9troits de l&rsquo;int\u00e9rieur de la dent et faciliter ainsi la d\u00e9sinfection de la surface interne.<\/p>\n","protected":false},"featured_media":50499,"comment_status":"open","ping_status":"closed","template":"","meta":[],"product_cat":[1444],"product_tag":[1495,1661,1858,1476,1468],"class_list":{"0":"post-47884","1":"product","2":"type-product","3":"status-publish","4":"has-post-thumbnail","6":"product_cat-non-classe","7":"product_tag-instruments","8":"product_tag-les-instruments-chirurgicaux","9":"product_tag-lime-a-os","10":"product_tag-marque_sans-marque","11":"product_tag-safe-implant","13":"first","14":"instock","15":"shipping-taxable","16":"purchasable","17":"product-type-simple"},"_links":{"self":[{"href":"https:\/\/dentafrica.com\/index.php?rest_route=\/wp\/v2\/product\/47884","targetHints":{"allow":["GET"]}}],"collection":[{"href":"https:\/\/dentafrica.com\/index.php?rest_route=\/wp\/v2\/product"}],"about":[{"href":"https:\/\/dentafrica.com\/index.php?rest_route=\/wp\/v2\/types\/product"}],"replies":[{"embeddable":true,"href":"https:\/\/dentafrica.com\/index.php?rest_route=%2Fwp%2Fv2%2Fcomments&post=47884"}],"wp:featuredmedia":[{"embeddable":true,"href":"https:\/\/dentafrica.com\/index.php?rest_route=\/wp\/v2\/media\/50499"}],"wp:attachment":[{"href":"https:\/\/dentafrica.com\/index.php?rest_route=%2Fwp%2Fv2%2Fmedia&parent=47884"}],"wp:term":[{"taxonomy":"product_cat","embeddable":true,"href":"https:\/\/dentafrica.com\/index.php?rest_route=%2Fwp%2Fv2%2Fproduct_cat&post=47884"},{"taxonomy":"product_tag","embeddable":true,"href":"https:\/\/dentafrica.com\/index.php?rest_route=%2Fwp%2Fv2%2Fproduct_tag&post=47884"}],"curies":[{"name":"wp","href":"https:\/\/api.w.org\/{rel}","templated":true}]}}