{"id":47825,"date":"2023-06-26T16:15:06","date_gmt":"2023-06-26T16:15:06","guid":{"rendered":"https:\/\/dentafrica.com\/?product=lampe-led-b-a-photopolymeriser"},"modified":"2024-04-25T17:52:26","modified_gmt":"2024-04-25T17:52:26","slug":"lampe-led-b-a-photopolymeriser","status":"publish","type":"product","link":"https:\/\/dentafrica.com\/?product=lampe-led-b-a-photopolymeriser","title":{"rendered":"Lampe LED-B \u00e0 photopolym\u00e9riser"},"content":{"rendered":"<p>Caract\u00e9ristiques de la lampe LED-B \u00e0 photopolym\u00e9riser :<\/p>\n<ul>\n<li>Sans fil<\/li>\n<li>Timer : 5s, 10s, 15s, 20s.<\/li>\n<li>Batterie longue dur\u00e9e.<\/li>\n<li>Une fois charg\u00e9e, vous pouvez utiliser la lampe jusqu&rsquo;\u00e0 500 fois en continu pour des temps de travail en dessous de 10s<\/li>\n<li>Jusqu&rsquo;\u00e0 70 jours d&rsquo;autonomie en veille<\/li>\n<li>Intensit\u00e9 lumineuse constante.<\/li>\n<li>le niveau de charge de la batterie n&rsquo;affecte pas la photopolym\u00e9risation\u00a0<\/li>\n<li>Polym\u00e9rise de la r\u00e9sine de 4mm d&rsquo;\u00e9paisseur en 10 secondes<\/li>\n<\/ul>\n<p>Alimentation : AC100V-240V\u00a0 50Hz\/60Hz<\/p>\n<p>Intensit\u00e9 lumineuse : 1000mW\/cm\u00b2 -1200mW\/cm\u00b2<\/p>\n<p>Poids : 145g\u00a0<\/p>\n<p>Dimensions: 260mm\u00d731mm\u00d734mm<\/p>\n<p>\u00a0<\/p>\n<p><a href=\"https:\/\/cdn.shopify.com\/s\/files\/1\/0335\/9873\/4474\/files\/led_b-fr.pdf?v=1603268339\">Notice\u00a0<\/a><\/p>\n<ul><\/ul>\n","protected":false},"excerpt":{"rendered":"<p>Caract\u00e9ristiques de la lampe LED-B \u00e0 photopolym\u00e9riser : Sans fil Timer : 5s, 10s, 15s, 20s. Batterie longue dur\u00e9e. Une fois charg\u00e9e, vous pouvez utiliser la lampe jusqu&rsquo;\u00e0 500 fois en continu pour des temps de travail en dessous de 10s Jusqu&rsquo;\u00e0 70 jours d&rsquo;autonomie en veille Intensit\u00e9 lumineuse constante. le niveau de charge de [&hellip;]<\/p>\n","protected":false},"featured_media":50414,"comment_status":"open","ping_status":"closed","template":"","meta":[],"product_cat":[1444],"product_tag":[577,1566,578,1483,1569,1816,1452,1453,1468],"class_list":{"0":"post-47825","1":"product","2":"type-product","3":"status-publish","4":"has-post-thumbnail","6":"product_cat-non-classe","7":"product_tag-appareil_lampe-a-photopolymeriser","8":"product_tag-appareils","9":"product_tag-lampe-a-photopolymeriser","10":"product_tag-le-cabinet","11":"product_tag-les-appareils","12":"product_tag-marque_woodpecker","13":"product_tag-omnipratique","14":"product_tag-produits-annexes","15":"product_tag-safe-implant","17":"first","18":"instock","19":"shipping-taxable","20":"purchasable","21":"product-type-simple"},"_links":{"self":[{"href":"https:\/\/dentafrica.com\/index.php?rest_route=\/wp\/v2\/product\/47825","targetHints":{"allow":["GET"]}}],"collection":[{"href":"https:\/\/dentafrica.com\/index.php?rest_route=\/wp\/v2\/product"}],"about":[{"href":"https:\/\/dentafrica.com\/index.php?rest_route=\/wp\/v2\/types\/product"}],"replies":[{"embeddable":true,"href":"https:\/\/dentafrica.com\/index.php?rest_route=%2Fwp%2Fv2%2Fcomments&post=47825"}],"wp:featuredmedia":[{"embeddable":true,"href":"https:\/\/dentafrica.com\/index.php?rest_route=\/wp\/v2\/media\/50414"}],"wp:attachment":[{"href":"https:\/\/dentafrica.com\/index.php?rest_route=%2Fwp%2Fv2%2Fmedia&parent=47825"}],"wp:term":[{"taxonomy":"product_cat","embeddable":true,"href":"https:\/\/dentafrica.com\/index.php?rest_route=%2Fwp%2Fv2%2Fproduct_cat&post=47825"},{"taxonomy":"product_tag","embeddable":true,"href":"https:\/\/dentafrica.com\/index.php?rest_route=%2Fwp%2Fv2%2Fproduct_tag&post=47825"}],"curies":[{"name":"wp","href":"https:\/\/api.w.org\/{rel}","templated":true}]}}